{"id":1734,"date":"2021-11-29T21:32:03","date_gmt":"2021-11-29T18:32:03","guid":{"rendered":"https:\/\/ramazaninan.com.tr\/osto\/?page_id=1734"},"modified":"2022-01-30T21:11:15","modified_gmt":"2022-01-30T18:11:15","slug":"iletisim","status":"publish","type":"page","link":"https:\/\/ramazaninan.com.tr\/osto\/iletisim\/","title":{"rendered":"\u0130LET\u0130\u015e\u0130M"},"content":{"rendered":"\t\t<div data-elementor-type=\"wp-page\" data-elementor-id=\"1734\" class=\"elementor elementor-1734\">\n\t\t\t\t\t\t\t\t\t<section class=\"elementor-section elementor-top-section elementor-element elementor-element-d84faea elementor-section-boxed elementor-section-height-default elementor-section-height-default\" data-id=\"d84faea\" data-element_type=\"section\">\n\t\t\t\t\t\t<div class=\"elementor-container elementor-column-gap-default\">\n\t\t\t\t\t<div class=\"elementor-column elementor-col-100 elementor-top-column elementor-element elementor-element-c25698b\" data-id=\"c25698b\" data-element_type=\"column\">\n\t\t\t<div class=\"elementor-widget-wrap elementor-element-populated\">\n\t\t\t\t\t\t\t\t<section class=\"elementor-section elementor-inner-section elementor-element elementor-element-3948cc1 elementor-section-boxed elementor-section-height-default elementor-section-height-default\" data-id=\"3948cc1\" data-element_type=\"section\">\n\t\t\t\t\t\t<div class=\"elementor-container elementor-column-gap-default\">\n\t\t\t\t\t<div class=\"elementor-column elementor-col-33 elementor-inner-column elementor-element elementor-element-2a9f89c\" data-id=\"2a9f89c\" data-element_type=\"column\" data-settings=\"{&quot;background_background&quot;:&quot;classic&quot;}\">\n\t\t\t<div class=\"elementor-widget-wrap elementor-element-populated\">\n\t\t\t\t\t\t\t\t<div class=\"elementor-element elementor-element-1c92669 elementor-view-default elementor-widget elementor-widget-icon\" data-id=\"1c92669\" data-element_type=\"widget\" data-widget_type=\"icon.default\">\n\t\t\t\t<div class=\"elementor-widget-container\">\n\t\t\t\t\t<div class=\"elementor-icon-wrapper\">\n\t\t\t<div class=\"elementor-icon\">\n\t\t\t<i aria-hidden=\"true\" class=\"icon icon-map-marker1\"><\/i>\t\t\t<\/div>\n\t\t<\/div>\n\t\t\t\t<\/div>\n\t\t\t\t<\/div>\n\t\t\t\t<div class=\"elementor-element elementor-element-4984853 elementor-widget elementor-widget-text-editor\" data-id=\"4984853\" data-element_type=\"widget\" data-widget_type=\"text-editor.default\">\n\t\t\t\t<div class=\"elementor-widget-container\">\n\t\t\t<style>\/*! elementor - v3.6.2 - 04-04-2022 *\/\n.elementor-widget-text-editor.elementor-drop-cap-view-stacked .elementor-drop-cap{background-color:#818a91;color:#fff}.elementor-widget-text-editor.elementor-drop-cap-view-framed .elementor-drop-cap{color:#818a91;border:3px solid;background-color:transparent}.elementor-widget-text-editor:not(.elementor-drop-cap-view-default) .elementor-drop-cap{margin-top:8px}.elementor-widget-text-editor:not(.elementor-drop-cap-view-default) .elementor-drop-cap-letter{width:1em;height:1em}.elementor-widget-text-editor .elementor-drop-cap{float:left;text-align:center;line-height:1;font-size:50px}.elementor-widget-text-editor .elementor-drop-cap-letter{display:inline-block}<\/style>\t\t\t\t\t\nRauf Bey Mh. Adnan Menderes Belvar\u0131 9546 Sk. NO:70 OSMAN\u0130YE\t\t\t\t\t\t<\/div>\n\t\t\t\t<\/div>\n\t\t\t\t\t<\/div>\n\t\t<\/div>\n\t\t\t\t<div class=\"elementor-column elementor-col-33 elementor-inner-column elementor-element elementor-element-bf73ae9\" data-id=\"bf73ae9\" data-element_type=\"column\" data-settings=\"{&quot;background_background&quot;:&quot;classic&quot;}\">\n\t\t\t<div class=\"elementor-widget-wrap elementor-element-populated\">\n\t\t\t\t\t\t\t\t<div class=\"elementor-element elementor-element-4bc0b16 elementor-view-default elementor-widget elementor-widget-icon\" data-id=\"4bc0b16\" data-element_type=\"widget\" data-widget_type=\"icon.default\">\n\t\t\t\t<div class=\"elementor-widget-container\">\n\t\t\t\t\t<div class=\"elementor-icon-wrapper\">\n\t\t\t<div class=\"elementor-icon\">\n\t\t\t<i aria-hidden=\"true\" class=\"icon icon-envelope11\"><\/i>\t\t\t<\/div>\n\t\t<\/div>\n\t\t\t\t<\/div>\n\t\t\t\t<\/div>\n\t\t\t\t<div class=\"elementor-element elementor-element-93ff106 elementor-widget elementor-widget-text-editor\" data-id=\"93ff106\" data-element_type=\"widget\" data-widget_type=\"text-editor.default\">\n\t\t\t\t<div class=\"elementor-widget-container\">\n\t\t\t\t\t\t\tosmaniyetso@tobb.org.tr\ninfo@osmaniyetso.com.tr\t\t\t\t\t\t<\/div>\n\t\t\t\t<\/div>\n\t\t\t\t\t<\/div>\n\t\t<\/div>\n\t\t\t\t<div class=\"elementor-column elementor-col-33 elementor-inner-column elementor-element elementor-element-4a2ce7d\" data-id=\"4a2ce7d\" data-element_type=\"column\" data-settings=\"{&quot;background_background&quot;:&quot;classic&quot;}\">\n\t\t\t<div class=\"elementor-widget-wrap elementor-element-populated\">\n\t\t\t\t\t\t\t\t<div class=\"elementor-element elementor-element-26a8e21 elementor-view-default elementor-widget elementor-widget-icon\" data-id=\"26a8e21\" data-element_type=\"widget\" data-widget_type=\"icon.default\">\n\t\t\t\t<div class=\"elementor-widget-container\">\n\t\t\t\t\t<div class=\"elementor-icon-wrapper\">\n\t\t\t<div class=\"elementor-icon\">\n\t\t\t<i aria-hidden=\"true\" class=\"icon icon-phone1\"><\/i>\t\t\t<\/div>\n\t\t<\/div>\n\t\t\t\t<\/div>\n\t\t\t\t<\/div>\n\t\t\t\t<div class=\"elementor-element elementor-element-f6c256b elementor-widget elementor-widget-text-editor\" data-id=\"f6c256b\" data-element_type=\"widget\" data-widget_type=\"text-editor.default\">\n\t\t\t\t<div class=\"elementor-widget-container\">\n\t\t\t\t\t\t\t+90 (328) 825 00 69-68<br>\n+90 (328) 825 00 70\t\t\t\t\t\t<\/div>\n\t\t\t\t<\/div>\n\t\t\t\t\t<\/div>\n\t\t<\/div>\n\t\t\t\t\t\t\t<\/div>\n\t\t<\/section>\n\t\t\t\t\t<\/div>\n\t\t<\/div>\n\t\t\t\t\t\t\t<\/div>\n\t\t<\/section>\n\t\t\t\t<section class=\"elementor-section elementor-top-section elementor-element elementor-element-ee430d4 elementor-section-boxed elementor-section-height-default elementor-section-height-default\" data-id=\"ee430d4\" data-element_type=\"section\">\n\t\t\t\t\t\t<div class=\"elementor-container elementor-column-gap-default\">\n\t\t\t\t\t<div class=\"elementor-column elementor-col-100 elementor-top-column elementor-element elementor-element-7058902\" data-id=\"7058902\" data-element_type=\"column\">\n\t\t\t<div class=\"elementor-widget-wrap elementor-element-populated\">\n\t\t\t\t\t\t\t\t<section class=\"elementor-section elementor-inner-section elementor-element elementor-element-6b46f3e elementor-section-boxed elementor-section-height-default elementor-section-height-default\" data-id=\"6b46f3e\" data-element_type=\"section\">\n\t\t\t\t\t\t<div class=\"elementor-container elementor-column-gap-default\">\n\t\t\t\t\t<div class=\"elementor-column elementor-col-100 elementor-inner-column elementor-element elementor-element-16b6e9b\" data-id=\"16b6e9b\" data-element_type=\"column\">\n\t\t\t<div class=\"elementor-widget-wrap elementor-element-populated\">\n\t\t\t\t\t\t\t\t<div class=\"elementor-element elementor-element-62bf0e6 elementor-widget elementor-widget-text-editor\" data-id=\"62bf0e6\" data-element_type=\"widget\" data-widget_type=\"text-editor.default\">\n\t\t\t\t<div class=\"elementor-widget-container\">\n\t\t\t\t\t\t\t<h3>\u00a0\u0130leti\u015fim<\/h3><h6><em>Bize ula\u015fmak i\u00e7in l\u00fctfen formu doldurunuz.<\/em><\/h6>\t\t\t\t\t\t<\/div>\n\t\t\t\t<\/div>\n\t\t\t\t<div class=\"elementor-element elementor-element-8736491 elementor-widget elementor-widget-formidable\" data-id=\"8736491\" data-element_type=\"widget\" data-widget_type=\"formidable.default\">\n\t\t\t\t<div class=\"elementor-widget-container\">\n\t\t\t<div class=\"frm_forms  with_frm_style frm_style_formidable-style\" id=\"frm_form_1_container\" ><form enctype=\"multipart\/form-data\" method=\"post\" class=\"frm-show-form \" id=\"form_contact-form\"  ><div class=\"frm_form_fields \"><fieldset><legend class=\"frm_screen_reader\">\u0130leti\u015fim<\/legend><div class=\"frm_fields_container\"><input type=\"hidden\" name=\"frm_action\" value=\"create\" \/><input type=\"hidden\" name=\"form_id\" value=\"1\" \/><input type=\"hidden\" name=\"frm_hide_fields_1\" id=\"frm_hide_fields_1\" value=\"\" \/><input type=\"hidden\" name=\"form_key\" value=\"contact-form\" \/><input type=\"hidden\" name=\"item_meta[0]\" value=\"\" \/><input type=\"hidden\" id=\"frm_submit_entry_1\" name=\"frm_submit_entry_1\" value=\"31af8801e1\" \/><input type=\"hidden\" name=\"_wp_http_referer\" value=\"\/osto\/wp-json\/wp\/v2\/pages\/1734\" \/><div id=\"frm_field_1_container\" class=\"frm_form_field form-field  frm_required_field frm_top_container frm_first frm_half\"><label for=\"field_qh4icy\" id=\"field_qh4icy_label\" class=\"frm_primary_label\">Ad<span class=\"frm_required\" aria-hidden=\"true\">*<\/span><\/label><input type=\"text\" id=\"field_qh4icy\" name=\"item_meta[1]\" value=\"\"  data-reqmsg=\"This field cannot be blank.\" aria-required=\"true\" data-invmsg=\"Name is invalid\" aria-invalid=\"false\"  \/><\/div><div id=\"frm_field_2_container\" class=\"frm_form_field form-field  frm_required_field frm_hidden_container frm_half\"><label for=\"field_ocfup1\" id=\"field_ocfup1_label\" class=\"frm_primary_label\">Soyad<span class=\"frm_required\" aria-hidden=\"true\">*<\/span><\/label><input type=\"text\" id=\"field_ocfup1\" name=\"item_meta[2]\" value=\"\"  data-reqmsg=\"This field cannot be blank.\" aria-required=\"true\" data-invmsg=\"Last is invalid\" aria-invalid=\"false\"  \/><\/div><div id=\"frm_field_6_container\" class=\"frm_form_field form-field  frm_required_field frm_top_container frm_full\"><label for=\"field_37ipb\" id=\"field_37ipb_label\" class=\"frm_primary_label\">Telefon<span class=\"frm_required\" aria-hidden=\"true\">*<\/span><\/label><input type=\"tel\" id=\"field_37ipb\" name=\"item_meta[6]\" value=\"\"  data-reqmsg=\"This field cannot be blank.\" aria-required=\"true\" data-invmsg=\"Phone is invalid\" aria-invalid=\"false\" pattern=\"((\\+\\d{1,3}(-|.| )?\\(?\\d\\)?(-| |.)?\\d{1,5})|(\\(?\\d{2,6}\\)?))(-|.| )?(\\d{3,4})(-|.| )?(\\d{4})(( x| ext)\\d{1,5}){0,1}$\"  \/><\/div><div id=\"frm_field_3_container\" class=\"frm_form_field form-field  frm_required_field frm_top_container frm_full\"><label for=\"field_29yf4d\" id=\"field_29yf4d_label\" class=\"frm_primary_label\">Email<span class=\"frm_required\" aria-hidden=\"true\">*<\/span><\/label><input type=\"email\" id=\"field_29yf4d\" name=\"item_meta[3]\" value=\"\"  data-reqmsg=\"This field cannot be blank.\" aria-required=\"true\" data-invmsg=\"Please enter a valid email address\" aria-invalid=\"false\"  \/><\/div><div id=\"frm_field_4_container\" class=\"frm_form_field form-field  frm_required_field frm_top_container frm_full\"><label for=\"field_e6lis6\" id=\"field_e6lis6_label\" class=\"frm_primary_label\">Konu<span class=\"frm_required\" aria-hidden=\"true\">*<\/span><\/label><input type=\"text\" id=\"field_e6lis6\" name=\"item_meta[4]\" value=\"\"  data-reqmsg=\"This field cannot be blank.\" aria-required=\"true\" data-invmsg=\"Subject is invalid\" aria-invalid=\"false\"  \/><\/div><div id=\"frm_field_5_container\" class=\"frm_form_field form-field  frm_required_field frm_top_container frm_full\"><label for=\"field_9jv0r1\" id=\"field_9jv0r1_label\" class=\"frm_primary_label\">Mesaj<span class=\"frm_required\" aria-hidden=\"true\">*<\/span><\/label><textarea name=\"item_meta[5]\" id=\"field_9jv0r1\" rows=\"5\"  data-reqmsg=\"This field cannot be blank.\" aria-required=\"true\" data-invmsg=\"Mesaj is invalid\" aria-invalid=\"false\"  ><\/textarea><\/div><div id=\"frm_field_7_container\" class=\"frm_form_field form-field  frm_top_container vertical_radio\"><div  id=\"field_vjpf5_label\" class=\"frm_primary_label\"><span class=\"frm_required\" aria-hidden=\"true\"><\/span><\/div><div class=\"frm_opt_container\" aria-labelledby=\"field_vjpf5_label\" role=\"group\"><div class=\"frm_checkbox\" id=\"frm_checkbox_7-0\"><label for=\"field_vjpf5-0\"><input type=\"checkbox\" name=\"item_meta[7][]\" id=\"field_vjpf5-0\" value=\"Ki\u015fisel Verilerin \u0130\u015flenmesine \u0130li\u015fkin Ayd\u0131nlatma Metnini okudum.\"  data-invmsg=\" is invalid\" aria-invalid=\"false\"   \/> Ki\u015fisel Verilerin \u0130\u015flenmesine \u0130li\u015fkin Ayd\u0131nlatma Metnini okudum.<\/label><\/div><\/div><\/div><div id=\"frm_field_9_container\" class=\"frm_form_field form-field  frm_top_container vertical_radio\"><div  id=\"field_p770m_label\" class=\"frm_primary_label\"><span class=\"frm_required\" aria-hidden=\"true\"><\/span><\/div><div class=\"frm_opt_container\" aria-labelledby=\"field_p770m_label\" role=\"group\"><div class=\"frm_checkbox\" id=\"frm_checkbox_9-0\"><label for=\"field_p770m-0\"><input type=\"checkbox\" name=\"item_meta[9][]\" id=\"field_p770m-0\" value=\"6698 Say\u0131l\u0131 Ki\u015fisel Verilerin Korunmas\u0131 Kanunu kapsam\u0131nda, yukar\u0131da payla\u015fm\u0131\u015f oldu\u011fum ki\u015fisel verilerimin Zonguldak Ticaret ve Sanayi Odas\u0131 taraf\u0131ndan ayd\u0131nlatma metni do\u011frultusunda i\u015flenmesine ve payla\u015f\u0131lmas\u0131na a\u00e7\u0131k r\u0131za g\u00f6sterdi\u011fimi, hi\u00e7bir bask\u0131 veya zorlama alt\u0131nda olmaks\u0131z\u0131n h\u00fcr irademle kabul ve beyan ediyorum.\"  data-invmsg=\" is invalid\" aria-invalid=\"false\"   \/> 6698 Say\u0131l\u0131 Ki\u015fisel Verilerin Korunmas\u0131 Kanunu kapsam\u0131nda, yukar\u0131da payla\u015fm\u0131\u015f oldu\u011fum ki\u015fisel verilerimin Zonguldak Ticaret ve Sanayi Odas\u0131 taraf\u0131ndan ayd\u0131nlatma metni do\u011frultusunda i\u015flenmesine ve payla\u015f\u0131lmas\u0131na a\u00e7\u0131k r\u0131za g\u00f6sterdi\u011fimi, hi\u00e7bir bask\u0131 veya zorlama alt\u0131nda olmaks\u0131z\u0131n h\u00fcr irademle kabul ve beyan ediyorum.<\/label><\/div><\/div><\/div><input type=\"hidden\" name=\"item_key\" value=\"\" \/><div class=\"frm_verify\" aria-hidden=\"true\"><label for=\"frm_email_1\">If you are human, leave this field blank.<\/label><input type=\"text\" class=\"frm_verify\" id=\"frm_email_1\" name=\"frm_verify\" value=\"\"  \/><\/div><div class=\"frm_submit\"><button class=\"frm_button_submit\" type=\"submit\"  >G\u00f6nder<\/button><\/div><\/div><\/fieldset><\/div><\/form><\/div>\t\t<\/div>\n\t\t\t\t<\/div>\n\t\t\t\t\t<\/div>\n\t\t<\/div>\n\t\t\t\t\t\t\t<\/div>\n\t\t<\/section>\n\t\t\t\t\t<\/div>\n\t\t<\/div>\n\t\t\t\t\t\t\t<\/div>\n\t\t<\/section>\n\t\t\t\t<section class=\"elementor-section elementor-top-section elementor-element elementor-element-e708761 elementor-section-boxed elementor-section-height-default elementor-section-height-default\" data-id=\"e708761\" data-element_type=\"section\">\n\t\t\t\t\t\t<div class=\"elementor-container elementor-column-gap-default\">\n\t\t\t\t\t<div class=\"elementor-column elementor-col-100 elementor-top-column elementor-element elementor-element-34248a1\" data-id=\"34248a1\" data-element_type=\"column\">\n\t\t\t<div class=\"elementor-widget-wrap elementor-element-populated\">\n\t\t\t\t\t\t\t\t<div class=\"elementor-element elementor-element-04da26f elementor-widget elementor-widget-text-editor\" data-id=\"04da26f\" data-element_type=\"widget\" data-widget_type=\"text-editor.default\">\n\t\t\t\t<div class=\"elementor-widget-container\">\n\t\t\t\t\t\t\t<iframe src=\"https:\/\/www.google.com\/maps\/embed?pb=!1m14!1m8!1m3!1d25469.470282983908!2d36.236186!3d37.065018!3m2!1i1024!2i768!4f13.1!3m3!1m2!1s0x0%3A0x464bef26f7c91fdb!2sOSMAN%C4%B0YE%20T%C4%B0CARET%20VE%20SANAY%C4%B0%20ODASI!5e0!3m2!1sen!2sus!4v1643566254045!5m2!1sen!2sus\" width=\"100%\" height=\"450\" style=\"border:0;\" allowfullscreen=\"\" loading=\"lazy\"><\/iframe>\t\t\t\t\t\t<\/div>\n\t\t\t\t<\/div>\n\t\t\t\t\t<\/div>\n\t\t<\/div>\n\t\t\t\t\t\t\t<\/div>\n\t\t<\/section>\n\t\t\t\t\t\t\t<\/div>\n\t\t","protected":false},"excerpt":{"rendered":"<p>Rauf Bey Mh. Adnan Menderes Belvar\u0131 9546 Sk. NO:70 OSMAN\u0130YE osmaniyetso@tobb.org.tr info@osmaniyetso.com.tr +90 (328) 825 00 69-68 +90 (328) 825 00 70 \u00a0\u0130leti\u015fim Bize ula\u015fmak i\u00e7in l\u00fctfen formu doldurunuz. \u0130leti\u015fim Ad*Soyad*Telefon*Email*Konu*Mesaj* Ki\u015fisel Verilerin \u0130\u015flenmesine \u0130li\u015fkin&#8230;<\/p>\n","protected":false},"author":1,"featured_media":0,"parent":0,"menu_order":0,"comment_status":"closed","ping_status":"closed","template":"","meta":{"footnotes":""},"class_list":["post-1734","page","type-page","status-publish"],"amp_enabled":true,"_links":{"self":[{"href":"https:\/\/ramazaninan.com.tr\/osto\/wp-json\/wp\/v2\/pages\/1734","targetHints":{"allow":["GET"]}}],"collection":[{"href":"https:\/\/ramazaninan.com.tr\/osto\/wp-json\/wp\/v2\/pages"}],"about":[{"href":"https:\/\/ramazaninan.com.tr\/osto\/wp-json\/wp\/v2\/types\/page"}],"author":[{"embeddable":true,"href":"https:\/\/ramazaninan.com.tr\/osto\/wp-json\/wp\/v2\/users\/1"}],"replies":[{"embeddable":true,"href":"https:\/\/ramazaninan.com.tr\/osto\/wp-json\/wp\/v2\/comments?post=1734"}],"version-history":[{"count":16,"href":"https:\/\/ramazaninan.com.tr\/osto\/wp-json\/wp\/v2\/pages\/1734\/revisions"}],"predecessor-version":[{"id":3739,"href":"https:\/\/ramazaninan.com.tr\/osto\/wp-json\/wp\/v2\/pages\/1734\/revisions\/3739"}],"wp:attachment":[{"href":"https:\/\/ramazaninan.com.tr\/osto\/wp-json\/wp\/v2\/media?parent=1734"}],"curies":[{"name":"wp","href":"https:\/\/api.w.org\/{rel}","templated":true}]}}