{"id":1741,"date":"2021-11-29T21:34:01","date_gmt":"2021-11-29T18:34:01","guid":{"rendered":"https:\/\/ramazaninan.com.tr\/osto\/?page_id=1741"},"modified":"2022-03-29T10:44:14","modified_gmt":"2022-03-29T07:44:14","slug":"kalite-politikamiz","status":"publish","type":"page","link":"https:\/\/ramazaninan.com.tr\/osto\/kalite-politikamiz\/","title":{"rendered":"KAL\u0130TE POL\u0130T\u0130KAMIZ"},"content":{"rendered":"\t\t<div data-elementor-type=\"wp-page\" data-elementor-id=\"1741\" class=\"elementor elementor-1741\">\n\t\t\t\t\t\t\t\t\t<section class=\"elementor-section elementor-top-section elementor-element elementor-element-d885428 elementor-section-boxed elementor-section-height-default elementor-section-height-default\" data-id=\"d885428\" data-element_type=\"section\">\n\t\t\t\t\t\t<div class=\"elementor-container elementor-column-gap-default\">\n\t\t\t\t\t<div class=\"elementor-column elementor-col-33 elementor-top-column elementor-element elementor-element-3f3c581\" data-id=\"3f3c581\" data-element_type=\"column\">\n\t\t\t<div class=\"elementor-widget-wrap elementor-element-populated\">\n\t\t\t\t\t\t\t\t<div class=\"elementor-element elementor-element-0058132 elementor-widget elementor-widget-sidebar\" data-id=\"0058132\" data-element_type=\"widget\" data-widget_type=\"sidebar.default\">\n\t\t\t\t<div class=\"elementor-widget-container\">\n\t\t\t<div id=\"nav_menu-6\"><div class=\"menu-otso-hakkimizda-menu-container\"><ul id=\"menu-otso-hakkimizda-menu\" class=\"menu\"><li id=\"menu-item-3577\" class=\"menu-item menu-item-type-post_type menu-item-object-page menu-item-3577\"><a href=\"https:\/\/ramazaninan.com.tr\/osto\/baskan-hakkinda\/\">BA\u015eKAN HAKKINDA<\/a><\/li>\n<li id=\"menu-item-2712\" class=\"menu-item menu-item-type-post_type menu-item-object-page menu-item-2712\"><a href=\"https:\/\/ramazaninan.com.tr\/osto\/baskanin-mesaji\/\">BA\u015eKANIN MESAJI<\/a><\/li>\n<li id=\"menu-item-2713\" class=\"menu-item menu-item-type-post_type menu-item-object-page menu-item-2713\"><a href=\"https:\/\/ramazaninan.com.tr\/osto\/kalite-politikamiz\/\">KAL\u0130TE POL\u0130T\u0130KAMIZ<\/a><\/li>\n<li id=\"menu-item-2714\" class=\"menu-item menu-item-type-post_type menu-item-object-page menu-item-2714\"><a href=\"https:\/\/ramazaninan.com.tr\/osto\/vizyonumuz\/\">V\u0130ZYONUMUZ<\/a><\/li>\n<li id=\"menu-item-2715\" class=\"menu-item menu-item-type-post_type menu-item-object-page menu-item-2715\"><a href=\"https:\/\/ramazaninan.com.tr\/osto\/misyonumuz\/\">M\u0130SYONUMUZ<\/a><\/li>\n<li id=\"menu-item-2716\" class=\"menu-item menu-item-type-post_type menu-item-object-page menu-item-2716\"><a href=\"https:\/\/ramazaninan.com.tr\/osto\/politikalarimiz\/\">POL\u0130T\u0130KALARIMIZ<\/a><\/li>\n<li id=\"menu-item-2717\" class=\"menu-item menu-item-type-post_type menu-item-object-page menu-item-2717\"><a href=\"https:\/\/ramazaninan.com.tr\/osto\/stratejik-plan\/\">STRATEJ\u0130K PLAN<\/a><\/li>\n<li id=\"menu-item-2718\" class=\"menu-item menu-item-type-post_type menu-item-object-page menu-item-2718\"><a href=\"https:\/\/ramazaninan.com.tr\/osto\/kalite-belgeleri\/\">KAL\u0130TE BELGELER\u0130<\/a><\/li>\n<li id=\"menu-item-2719\" class=\"menu-item menu-item-type-post_type menu-item-object-page menu-item-2719\"><a href=\"https:\/\/ramazaninan.com.tr\/osto\/mevzuat\/\">MEVZUAT<\/a><\/li>\n<li id=\"menu-item-2720\" class=\"menu-item menu-item-type-post_type menu-item-object-page menu-item-2720\"><a href=\"https:\/\/ramazaninan.com.tr\/osto\/uyesi-olunan-kuruluslar\/\">\u00dcYES\u0130 OLUNAN KURULU\u015eLAR<\/a><\/li>\n<li id=\"menu-item-2721\" class=\"menu-item menu-item-type-post_type menu-item-object-page menu-item-2721\"><a href=\"https:\/\/ramazaninan.com.tr\/osto\/istirakler\/\">\u0130\u015eT\u0130RAKLER<\/a><\/li>\n<li id=\"menu-item-2722\" class=\"menu-item menu-item-type-post_type menu-item-object-page menu-item-2722\"><a href=\"https:\/\/ramazaninan.com.tr\/osto\/osmaniye-hakkinda\/\">OSMAN\u0130YE HAKKINDA<\/a><\/li>\n<li id=\"menu-item-2723\" class=\"menu-item menu-item-type-post_type menu-item-object-page menu-item-2723\"><a href=\"https:\/\/ramazaninan.com.tr\/osto\/osto-logo\/\">OTSO LOGO<\/a><\/li>\n<\/ul><\/div><\/div>\t\t<\/div>\n\t\t\t\t<\/div>\n\t\t\t\t\t<\/div>\n\t\t<\/div>\n\t\t\t\t<div class=\"elementor-column elementor-col-66 elementor-top-column elementor-element elementor-element-e8f1b69\" data-id=\"e8f1b69\" data-element_type=\"column\">\n\t\t\t<div class=\"elementor-widget-wrap elementor-element-populated\">\n\t\t\t\t\t\t\t\t<div class=\"elementor-element elementor-element-7bdeb7d elementor-widget elementor-widget-text-editor\" data-id=\"7bdeb7d\" data-element_type=\"widget\" data-widget_type=\"text-editor.default\">\n\t\t\t\t<div class=\"elementor-widget-container\">\n\t\t\t<style>\/*! elementor - v3.6.2 - 04-04-2022 *\/\n.elementor-widget-text-editor.elementor-drop-cap-view-stacked .elementor-drop-cap{background-color:#818a91;color:#fff}.elementor-widget-text-editor.elementor-drop-cap-view-framed .elementor-drop-cap{color:#818a91;border:3px solid;background-color:transparent}.elementor-widget-text-editor:not(.elementor-drop-cap-view-default) .elementor-drop-cap{margin-top:8px}.elementor-widget-text-editor:not(.elementor-drop-cap-view-default) .elementor-drop-cap-letter{width:1em;height:1em}.elementor-widget-text-editor .elementor-drop-cap{float:left;text-align:center;line-height:1;font-size:50px}.elementor-widget-text-editor .elementor-drop-cap-letter{display:inline-block}<\/style>\t\t\t\t<p>\u00dcye memnuniyeti odakl\u0131 \u00e7al\u0131\u015fmay\u0131 prensip edinmek, s\u00fcrekli geli\u015fim prensibi ve e\u011fitimli personel kat\u0131l\u0131m\u0131 do\u011frultusunda \u00e7al\u0131\u015fmalar\u0131n\u0131 y\u00fcr\u00fctmeyi sa\u011flamak ve 5174 Say\u0131l\u0131 TOBB Kanununa uymay\u0131 taahh\u00fct etmek Osmaniye Ticaret Odas\u0131&#8217; n\u0131n politikas\u0131d\u0131r.<br \/><br \/><strong> \u00b7 <\/strong>H\u0131zl\u0131 ve sorunsuz hizmet vermek,<br \/><strong> \u00b7 <\/strong>Hizmet kalitesini s\u00fcrekli k\u0131lmak,<br \/><strong> \u00b7 <\/strong>\u00dcstlendi\u011fi misyon ve vizyon \u00e7er\u00e7evesinde ger\u00e7ekle\u015ftirdi\u011fi hizmetlerin kalitesini \u00f6rnek te\u015fkil eder konumda tutmak,<br \/><strong> \u00b7 <\/strong>Teknolojik geli\u015fmelere ba\u011fl\u0131 olarak yenilikleri takip etmek ve \u00fcyelerimize y\u00f6nelik en son teknoloji ile hizmet sunmak,<br \/><strong> \u00b7 <\/strong>Odam\u0131zca sunulan hizmetlerde \u00fcye menfaatlerini her zaman \u00f6n planda tutmak,<br \/><strong> \u00b7 <\/strong> Personel memnuniyetini ve e\u011fitim seviyesini s\u00fcrekli geli\u015ftirmek ve bu y\u00f6nde yap\u0131lan \u00e7al\u0131\u015fmalar\u0131n s\u00fcreklili\u011fini sa\u011flamak,<br \/><strong> \u00b7 <\/strong> \u00dcyelerimize en y\u00fcksek fayday\u0131 sa\u011flayacak hizmetleri sunmak ve s\u00fcrekli \u00fcye memnuniyetini g\u00f6zetmek,<br \/><strong> \u00b7 <\/strong> T\u00fcm \u00e7al\u0131\u015fanlar\u0131m\u0131z\u0131 kalite sistemimizin s\u00fcrekli iyile\u015ftirilmesi amac\u0131 do\u011frultusunda\u00a0 cesaretlendirmek, kat\u0131l\u0131mlar\u0131n\u0131 sa\u011flamak ve insan merkezli bir y\u00f6netim anlay\u0131\u015f\u0131n\u0131 benimsemektir.<\/p><h3>Kalite Hedefleri<\/h3><p>Odam\u0131z\u0131n \u00fcst y\u00f6netimi hizmet \u015fartlar\u0131n\u0131n yerine getirilmesi i\u00e7in gerekli alanlarda dahil olmak \u00fczere, kalite hedeflerinin organizasyonun ilgili fonksiyon ve seviyesinde olu\u015fturulmas\u0131n\u0131 sa\u011flam\u0131\u015f ve b\u00f6l\u00fcmler baz\u0131nda Kalite Hedef Planlamas\u0131n\u0131 yapm\u0131\u015ft\u0131r.<\/p>\t\t\t\t\t\t<\/div>\n\t\t\t\t<\/div>\n\t\t\t\t\t<\/div>\n\t\t<\/div>\n\t\t\t\t\t\t\t<\/div>\n\t\t<\/section>\n\t\t\t\t\t\t\t<\/div>\n\t\t","protected":false},"excerpt":{"rendered":"<p>\u00dcye memnuniyeti odakl\u0131 \u00e7al\u0131\u015fmay\u0131 prensip edinmek, s\u00fcrekli geli\u015fim prensibi ve e\u011fitimli personel kat\u0131l\u0131m\u0131 do\u011frultusunda \u00e7al\u0131\u015fmalar\u0131n\u0131 y\u00fcr\u00fctmeyi sa\u011flamak ve 5174 Say\u0131l\u0131 TOBB Kanununa uymay\u0131 taahh\u00fct etmek Osmaniye Ticaret Odas\u0131&#8217; n\u0131n politikas\u0131d\u0131r. \u00b7 H\u0131zl\u0131 ve sorunsuz hizmet&#8230;<\/p>\n","protected":false},"author":1,"featured_media":0,"parent":0,"menu_order":0,"comment_status":"closed","ping_status":"closed","template":"","meta":{"footnotes":""},"class_list":["post-1741","page","type-page","status-publish"],"amp_enabled":true,"_links":{"self":[{"href":"https:\/\/ramazaninan.com.tr\/osto\/wp-json\/wp\/v2\/pages\/1741","targetHints":{"allow":["GET"]}}],"collection":[{"href":"https:\/\/ramazaninan.com.tr\/osto\/wp-json\/wp\/v2\/pages"}],"about":[{"href":"https:\/\/ramazaninan.com.tr\/osto\/wp-json\/wp\/v2\/types\/page"}],"author":[{"embeddable":true,"href":"https:\/\/ramazaninan.com.tr\/osto\/wp-json\/wp\/v2\/users\/1"}],"replies":[{"embeddable":true,"href":"https:\/\/ramazaninan.com.tr\/osto\/wp-json\/wp\/v2\/comments?post=1741"}],"version-history":[{"count":16,"href":"https:\/\/ramazaninan.com.tr\/osto\/wp-json\/wp\/v2\/pages\/1741\/revisions"}],"predecessor-version":[{"id":4599,"href":"https:\/\/ramazaninan.com.tr\/osto\/wp-json\/wp\/v2\/pages\/1741\/revisions\/4599"}],"wp:attachment":[{"href":"https:\/\/ramazaninan.com.tr\/osto\/wp-json\/wp\/v2\/media?parent=1741"}],"curies":[{"name":"wp","href":"https:\/\/api.w.org\/{rel}","templated":true}]}}