{"id":1777,"date":"2021-11-29T21:38:52","date_gmt":"2021-11-29T18:38:52","guid":{"rendered":"https:\/\/ramazaninan.com.tr\/osto\/?page_id=1777"},"modified":"2022-01-23T17:16:42","modified_gmt":"2022-01-23T14:16:42","slug":"istirakler","status":"publish","type":"page","link":"https:\/\/ramazaninan.com.tr\/osto\/istirakler\/","title":{"rendered":"\u0130\u015eT\u0130RAKLER"},"content":{"rendered":"\t\t<div data-elementor-type=\"wp-page\" data-elementor-id=\"1777\" class=\"elementor elementor-1777\">\n\t\t\t\t\t\t\t\t\t<section class=\"elementor-section elementor-top-section elementor-element elementor-element-5af8c6d elementor-section-boxed elementor-section-height-default elementor-section-height-default\" data-id=\"5af8c6d\" data-element_type=\"section\">\n\t\t\t\t\t\t<div class=\"elementor-container elementor-column-gap-default\">\n\t\t\t\t\t<div class=\"elementor-column elementor-col-33 elementor-top-column elementor-element elementor-element-2f00aa0\" data-id=\"2f00aa0\" data-element_type=\"column\">\n\t\t\t<div class=\"elementor-widget-wrap elementor-element-populated\">\n\t\t\t\t\t\t\t\t<div class=\"elementor-element elementor-element-192ec6f elementor-widget elementor-widget-sidebar\" data-id=\"192ec6f\" data-element_type=\"widget\" data-widget_type=\"sidebar.default\">\n\t\t\t\t<div class=\"elementor-widget-container\">\n\t\t\t<div id=\"nav_menu-6\"><div class=\"menu-otso-hakkimizda-menu-container\"><ul id=\"menu-otso-hakkimizda-menu\" class=\"menu\"><li id=\"menu-item-3577\" class=\"menu-item menu-item-type-post_type menu-item-object-page menu-item-3577\"><a href=\"https:\/\/ramazaninan.com.tr\/osto\/baskan-hakkinda\/\">BA\u015eKAN HAKKINDA<\/a><\/li>\n<li id=\"menu-item-2712\" class=\"menu-item menu-item-type-post_type menu-item-object-page menu-item-2712\"><a href=\"https:\/\/ramazaninan.com.tr\/osto\/baskanin-mesaji\/\">BA\u015eKANIN MESAJI<\/a><\/li>\n<li id=\"menu-item-2713\" class=\"menu-item menu-item-type-post_type menu-item-object-page menu-item-2713\"><a href=\"https:\/\/ramazaninan.com.tr\/osto\/kalite-politikamiz\/\">KAL\u0130TE POL\u0130T\u0130KAMIZ<\/a><\/li>\n<li id=\"menu-item-2714\" class=\"menu-item menu-item-type-post_type menu-item-object-page menu-item-2714\"><a href=\"https:\/\/ramazaninan.com.tr\/osto\/vizyonumuz\/\">V\u0130ZYONUMUZ<\/a><\/li>\n<li id=\"menu-item-2715\" class=\"menu-item menu-item-type-post_type menu-item-object-page menu-item-2715\"><a href=\"https:\/\/ramazaninan.com.tr\/osto\/misyonumuz\/\">M\u0130SYONUMUZ<\/a><\/li>\n<li id=\"menu-item-2716\" class=\"menu-item menu-item-type-post_type menu-item-object-page menu-item-2716\"><a href=\"https:\/\/ramazaninan.com.tr\/osto\/politikalarimiz\/\">POL\u0130T\u0130KALARIMIZ<\/a><\/li>\n<li id=\"menu-item-2717\" class=\"menu-item menu-item-type-post_type menu-item-object-page menu-item-2717\"><a href=\"https:\/\/ramazaninan.com.tr\/osto\/stratejik-plan\/\">STRATEJ\u0130K PLAN<\/a><\/li>\n<li id=\"menu-item-2718\" class=\"menu-item menu-item-type-post_type menu-item-object-page menu-item-2718\"><a href=\"https:\/\/ramazaninan.com.tr\/osto\/kalite-belgeleri\/\">KAL\u0130TE BELGELER\u0130<\/a><\/li>\n<li id=\"menu-item-2719\" class=\"menu-item menu-item-type-post_type menu-item-object-page menu-item-2719\"><a href=\"https:\/\/ramazaninan.com.tr\/osto\/mevzuat\/\">MEVZUAT<\/a><\/li>\n<li id=\"menu-item-2720\" class=\"menu-item menu-item-type-post_type menu-item-object-page menu-item-2720\"><a href=\"https:\/\/ramazaninan.com.tr\/osto\/uyesi-olunan-kuruluslar\/\">\u00dcYES\u0130 OLUNAN KURULU\u015eLAR<\/a><\/li>\n<li id=\"menu-item-2721\" class=\"menu-item menu-item-type-post_type menu-item-object-page menu-item-2721\"><a href=\"https:\/\/ramazaninan.com.tr\/osto\/istirakler\/\">\u0130\u015eT\u0130RAKLER<\/a><\/li>\n<li id=\"menu-item-2722\" class=\"menu-item menu-item-type-post_type menu-item-object-page menu-item-2722\"><a href=\"https:\/\/ramazaninan.com.tr\/osto\/osmaniye-hakkinda\/\">OSMAN\u0130YE HAKKINDA<\/a><\/li>\n<li id=\"menu-item-2723\" class=\"menu-item menu-item-type-post_type menu-item-object-page menu-item-2723\"><a href=\"https:\/\/ramazaninan.com.tr\/osto\/osto-logo\/\">OTSO LOGO<\/a><\/li>\n<\/ul><\/div><\/div>\t\t<\/div>\n\t\t\t\t<\/div>\n\t\t\t\t\t<\/div>\n\t\t<\/div>\n\t\t\t\t<div class=\"elementor-column elementor-col-66 elementor-top-column elementor-element elementor-element-3576ada5\" data-id=\"3576ada5\" data-element_type=\"column\">\n\t\t\t<div class=\"elementor-widget-wrap elementor-element-populated\">\n\t\t\t\t\t\t\t\t<div class=\"elementor-element elementor-element-8aa137b elementor-widget elementor-widget-text-editor\" data-id=\"8aa137b\" data-element_type=\"widget\" data-widget_type=\"text-editor.default\">\n\t\t\t\t<div class=\"elementor-widget-container\">\n\t\t\t<style>\/*! elementor - v3.6.2 - 04-04-2022 *\/\n.elementor-widget-text-editor.elementor-drop-cap-view-stacked .elementor-drop-cap{background-color:#818a91;color:#fff}.elementor-widget-text-editor.elementor-drop-cap-view-framed .elementor-drop-cap{color:#818a91;border:3px solid;background-color:transparent}.elementor-widget-text-editor:not(.elementor-drop-cap-view-default) .elementor-drop-cap{margin-top:8px}.elementor-widget-text-editor:not(.elementor-drop-cap-view-default) .elementor-drop-cap-letter{width:1em;height:1em}.elementor-widget-text-editor .elementor-drop-cap{float:left;text-align:center;line-height:1;font-size:50px}.elementor-widget-text-editor .elementor-drop-cap-letter{display:inline-block}<\/style>\t\t\t\t<p>Gerekli i\u00e7erik\u00a0 dok\u00fcmantasyonu temin edilmekte sayfam\u0131z\u00a0haz\u0131rlanmaktad\u0131r..<\/p>\t\t\t\t\t\t<\/div>\n\t\t\t\t<\/div>\n\t\t\t\t\t<\/div>\n\t\t<\/div>\n\t\t\t\t\t\t\t<\/div>\n\t\t<\/section>\n\t\t\t\t\t\t\t<\/div>\n\t\t","protected":false},"excerpt":{"rendered":"<p>Gerekli i\u00e7erik\u00a0 dok\u00fcmantasyonu temin edilmekte sayfam\u0131z\u00a0haz\u0131rlanmaktad\u0131r..<\/p>\n","protected":false},"author":1,"featured_media":0,"parent":0,"menu_order":0,"comment_status":"closed","ping_status":"closed","template":"","meta":{"footnotes":""},"class_list":["post-1777","page","type-page","status-publish"],"amp_enabled":true,"_links":{"self":[{"href":"https:\/\/ramazaninan.com.tr\/osto\/wp-json\/wp\/v2\/pages\/1777","targetHints":{"allow":["GET"]}}],"collection":[{"href":"https:\/\/ramazaninan.com.tr\/osto\/wp-json\/wp\/v2\/pages"}],"about":[{"href":"https:\/\/ramazaninan.com.tr\/osto\/wp-json\/wp\/v2\/types\/page"}],"author":[{"embeddable":true,"href":"https:\/\/ramazaninan.com.tr\/osto\/wp-json\/wp\/v2\/users\/1"}],"replies":[{"embeddable":true,"href":"https:\/\/ramazaninan.com.tr\/osto\/wp-json\/wp\/v2\/comments?post=1777"}],"version-history":[{"count":10,"href":"https:\/\/ramazaninan.com.tr\/osto\/wp-json\/wp\/v2\/pages\/1777\/revisions"}],"predecessor-version":[{"id":3369,"href":"https:\/\/ramazaninan.com.tr\/osto\/wp-json\/wp\/v2\/pages\/1777\/revisions\/3369"}],"wp:attachment":[{"href":"https:\/\/ramazaninan.com.tr\/osto\/wp-json\/wp\/v2\/media?parent=1777"}],"curies":[{"name":"wp","href":"https:\/\/api.w.org\/{rel}","templated":true}]}}