{"id":1805,"date":"2021-12-01T19:41:18","date_gmt":"2021-12-01T16:41:18","guid":{"rendered":"https:\/\/ramazaninan.com.tr\/osto\/?page_id=1805"},"modified":"2022-01-24T19:59:28","modified_gmt":"2022-01-24T16:59:28","slug":"meclis","status":"publish","type":"page","link":"https:\/\/ramazaninan.com.tr\/osto\/meclis\/","title":{"rendered":"MECL\u0130S"},"content":{"rendered":"\t\t<div data-elementor-type=\"wp-page\" data-elementor-id=\"1805\" class=\"elementor elementor-1805\">\n\t\t\t\t\t\t\t\t\t<section class=\"elementor-section elementor-top-section elementor-element elementor-element-ce543f8 elementor-section-boxed elementor-section-height-default elementor-section-height-default\" data-id=\"ce543f8\" data-element_type=\"section\">\n\t\t\t\t\t\t<div class=\"elementor-container elementor-column-gap-default\">\n\t\t\t\t\t<div class=\"elementor-column elementor-col-33 elementor-top-column elementor-element elementor-element-253f9409\" data-id=\"253f9409\" data-element_type=\"column\">\n\t\t\t<div class=\"elementor-widget-wrap elementor-element-populated\">\n\t\t\t\t\t\t\t\t<div class=\"elementor-element elementor-element-fc3eefa elementor-widget elementor-widget-sidebar\" data-id=\"fc3eefa\" data-element_type=\"widget\" data-widget_type=\"sidebar.default\">\n\t\t\t\t<div class=\"elementor-widget-container\">\n\t\t\t<div id=\"nav_menu-7\"><div class=\"menu-otso-oda-organlari-menu-container\"><ul id=\"menu-otso-oda-organlari-menu\" class=\"menu\"><li id=\"menu-item-2724\" class=\"menu-item menu-item-type-post_type menu-item-object-page menu-item-2724\"><a href=\"https:\/\/ramazaninan.com.tr\/osto\/baskan\/\">BA\u015eKAN<\/a><\/li>\n<li id=\"menu-item-2725\" class=\"menu-item menu-item-type-post_type menu-item-object-page menu-item-2725\"><a href=\"https:\/\/ramazaninan.com.tr\/osto\/meclis-baskani\/\">MECL\u0130S BA\u015eKANI<\/a><\/li>\n<li id=\"menu-item-2726\" class=\"menu-item menu-item-type-post_type menu-item-object-page menu-item-2726\"><a href=\"https:\/\/ramazaninan.com.tr\/osto\/yonetim-kurulu\/\">Y\u00d6NET\u0130M KURULU<\/a><\/li>\n<li id=\"menu-item-2727\" class=\"menu-item menu-item-type-post_type menu-item-object-page menu-item-2727\"><a href=\"https:\/\/ramazaninan.com.tr\/osto\/meclis-baskanlik-divani\/\">MECL\u0130S BA\u015eKANLIK D\u0130VANI<\/a><\/li>\n<li id=\"menu-item-2728\" class=\"menu-item menu-item-type-post_type menu-item-object-page menu-item-2728\"><a href=\"https:\/\/ramazaninan.com.tr\/osto\/meclis\/\">MECL\u0130S<\/a><\/li>\n<li id=\"menu-item-2729\" class=\"menu-item menu-item-type-post_type menu-item-object-page menu-item-2729\"><a href=\"https:\/\/ramazaninan.com.tr\/osto\/tobb-delegeleri\/\">TOBB DELEGELER\u0130<\/a><\/li>\n<li id=\"menu-item-2730\" class=\"menu-item menu-item-type-post_type menu-item-object-page menu-item-2730\"><a href=\"https:\/\/ramazaninan.com.tr\/osto\/disiplin-kurulu\/\">D\u0130S\u0130PL\u0130N KURULU<\/a><\/li>\n<li id=\"menu-item-2731\" class=\"menu-item menu-item-type-post_type menu-item-object-page menu-item-2731\"><a href=\"https:\/\/ramazaninan.com.tr\/osto\/kurullar\/\">KURULLAR<\/a><\/li>\n<li id=\"menu-item-2732\" class=\"menu-item menu-item-type-post_type menu-item-object-page menu-item-2732\"><a href=\"https:\/\/ramazaninan.com.tr\/osto\/meslek-komiteleri\/\">MESLEK KOM\u0130TELER\u0130<\/a><\/li>\n<\/ul><\/div><\/div>\t\t<\/div>\n\t\t\t\t<\/div>\n\t\t\t\t\t<\/div>\n\t\t<\/div>\n\t\t\t\t<div class=\"elementor-column elementor-col-66 elementor-top-column elementor-element elementor-element-11cf90e7\" data-id=\"11cf90e7\" data-element_type=\"column\">\n\t\t\t<div class=\"elementor-widget-wrap elementor-element-populated\">\n\t\t\t\t\t\t\t\t<div class=\"elementor-element elementor-element-d77d02b elementor-widget elementor-widget-text-editor\" data-id=\"d77d02b\" data-element_type=\"widget\" data-widget_type=\"text-editor.default\">\n\t\t\t\t<div class=\"elementor-widget-container\">\n\t\t\t<style>\/*! elementor - v3.6.2 - 04-04-2022 *\/\n.elementor-widget-text-editor.elementor-drop-cap-view-stacked .elementor-drop-cap{background-color:#818a91;color:#fff}.elementor-widget-text-editor.elementor-drop-cap-view-framed .elementor-drop-cap{color:#818a91;border:3px solid;background-color:transparent}.elementor-widget-text-editor:not(.elementor-drop-cap-view-default) .elementor-drop-cap{margin-top:8px}.elementor-widget-text-editor:not(.elementor-drop-cap-view-default) .elementor-drop-cap-letter{width:1em;height:1em}.elementor-widget-text-editor .elementor-drop-cap{float:left;text-align:center;line-height:1;font-size:50px}.elementor-widget-text-editor .elementor-drop-cap-letter{display:inline-block}<\/style>\t\t\t\t<p>gerekli i\u00e7erikler haz\u0131rlamaktad\u0131r..<\/p>\t\t\t\t\t\t<\/div>\n\t\t\t\t<\/div>\n\t\t\t\t\t<\/div>\n\t\t<\/div>\n\t\t\t\t\t\t\t<\/div>\n\t\t<\/section>\n\t\t\t\t\t\t\t<\/div>\n\t\t","protected":false},"excerpt":{"rendered":"<p>gerekli i\u00e7erikler haz\u0131rlamaktad\u0131r..<\/p>\n","protected":false},"author":1,"featured_media":0,"parent":0,"menu_order":0,"comment_status":"closed","ping_status":"closed","template":"","meta":{"footnotes":""},"class_list":["post-1805","page","type-page","status-publish"],"amp_enabled":true,"_links":{"self":[{"href":"https:\/\/ramazaninan.com.tr\/osto\/wp-json\/wp\/v2\/pages\/1805","targetHints":{"allow":["GET"]}}],"collection":[{"href":"https:\/\/ramazaninan.com.tr\/osto\/wp-json\/wp\/v2\/pages"}],"about":[{"href":"https:\/\/ramazaninan.com.tr\/osto\/wp-json\/wp\/v2\/types\/page"}],"author":[{"embeddable":true,"href":"https:\/\/ramazaninan.com.tr\/osto\/wp-json\/wp\/v2\/users\/1"}],"replies":[{"embeddable":true,"href":"https:\/\/ramazaninan.com.tr\/osto\/wp-json\/wp\/v2\/comments?post=1805"}],"version-history":[{"count":10,"href":"https:\/\/ramazaninan.com.tr\/osto\/wp-json\/wp\/v2\/pages\/1805\/revisions"}],"predecessor-version":[{"id":3393,"href":"https:\/\/ramazaninan.com.tr\/osto\/wp-json\/wp\/v2\/pages\/1805\/revisions\/3393"}],"wp:attachment":[{"href":"https:\/\/ramazaninan.com.tr\/osto\/wp-json\/wp\/v2\/media?parent=1805"}],"curies":[{"name":"wp","href":"https:\/\/api.w.org\/{rel}","templated":true}]}}