{"id":1858,"date":"2021-12-01T20:20:58","date_gmt":"2021-12-01T17:20:58","guid":{"rendered":"https:\/\/ramazaninan.com.tr\/osto\/?page_id=1858"},"modified":"2022-03-02T21:17:21","modified_gmt":"2022-03-02T18:17:21","slug":"uyelik-avantajlari","status":"publish","type":"page","link":"https:\/\/ramazaninan.com.tr\/osto\/uyelik-avantajlari\/","title":{"rendered":"\u00dcYEL\u0130K AVANTAJLARI"},"content":{"rendered":"\t\t<div data-elementor-type=\"wp-page\" data-elementor-id=\"1858\" class=\"elementor elementor-1858\">\n\t\t\t\t\t\t\t\t\t<section class=\"elementor-section elementor-top-section elementor-element elementor-element-6c4cec4d elementor-section-boxed elementor-section-height-default elementor-section-height-default\" data-id=\"6c4cec4d\" data-element_type=\"section\">\n\t\t\t\t\t\t<div class=\"elementor-container elementor-column-gap-default\">\n\t\t\t\t\t<div class=\"elementor-column elementor-col-33 elementor-top-column elementor-element elementor-element-6d15d499\" data-id=\"6d15d499\" data-element_type=\"column\">\n\t\t\t<div class=\"elementor-widget-wrap elementor-element-populated\">\n\t\t\t\t\t\t\t\t<div class=\"elementor-element elementor-element-cbd6b08 elementor-widget elementor-widget-sidebar\" data-id=\"cbd6b08\" data-element_type=\"widget\" data-widget_type=\"sidebar.default\">\n\t\t\t\t<div class=\"elementor-widget-container\">\n\t\t\t<div id=\"nav_menu-20\"><div class=\"menu-otso-uyeler-menu-container\"><ul id=\"menu-otso-uyeler-menu\" class=\"menu\"><li id=\"menu-item-4045\" class=\"menu-item menu-item-type-custom menu-item-object-custom menu-item-4045\"><a href=\"https:\/\/uye.tobb.org.tr\/organizasyon\/firma-index.jsp\">ONLINE \u00d6DEME<\/a><\/li>\n<li id=\"menu-item-4042\" class=\"menu-item menu-item-type-post_type menu-item-object-page menu-item-4042\"><a href=\"https:\/\/ramazaninan.com.tr\/osto\/uyelik-sureci\/\">\u00dcYEL\u0130K S\u00dcREC\u0130<\/a><\/li>\n<li id=\"menu-item-4043\" class=\"menu-item menu-item-type-post_type menu-item-object-page menu-item-4043\"><a href=\"https:\/\/ramazaninan.com.tr\/osto\/uyelik-sorumluluklari\/\">\u00dcYEL\u0130K SORUMLULUKLARI<\/a><\/li>\n<li id=\"menu-item-4044\" class=\"menu-item menu-item-type-post_type menu-item-object-page menu-item-4044\"><a href=\"https:\/\/ramazaninan.com.tr\/osto\/uyelik-avantajlari\/\">\u00dcYEL\u0130K AVANTAJLARI<\/a><\/li>\n<li id=\"menu-item-4046\" class=\"menu-item menu-item-type-custom menu-item-object-custom menu-item-4046\"><a href=\"https:\/\/uye.tobb.org.tr\/organizasyon\/firma-index.jsp\">\u00dcYE SORGULAMA<\/a><\/li>\n<li id=\"menu-item-4047\" class=\"menu-item menu-item-type-custom menu-item-object-custom menu-item-4047\"><a href=\"https:\/\/uye.tobb.org.tr\/organizasyon\/firma-index.jsp\">MESLEK GRUBU SORGULAMA<\/a><\/li>\n<\/ul><\/div><\/div>\t\t<\/div>\n\t\t\t\t<\/div>\n\t\t\t\t\t<\/div>\n\t\t<\/div>\n\t\t\t\t<div class=\"elementor-column elementor-col-66 elementor-top-column elementor-element elementor-element-d193469\" data-id=\"d193469\" data-element_type=\"column\">\n\t\t\t<div class=\"elementor-widget-wrap elementor-element-populated\">\n\t\t\t\t\t\t\t\t<div class=\"elementor-element elementor-element-b8f15dc elementor-widget elementor-widget-text-editor\" data-id=\"b8f15dc\" data-element_type=\"widget\" data-widget_type=\"text-editor.default\">\n\t\t\t\t<div class=\"elementor-widget-container\">\n\t\t\t<style>\/*! elementor - v3.6.2 - 04-04-2022 *\/\n.elementor-widget-text-editor.elementor-drop-cap-view-stacked .elementor-drop-cap{background-color:#818a91;color:#fff}.elementor-widget-text-editor.elementor-drop-cap-view-framed .elementor-drop-cap{color:#818a91;border:3px solid;background-color:transparent}.elementor-widget-text-editor:not(.elementor-drop-cap-view-default) .elementor-drop-cap{margin-top:8px}.elementor-widget-text-editor:not(.elementor-drop-cap-view-default) .elementor-drop-cap-letter{width:1em;height:1em}.elementor-widget-text-editor .elementor-drop-cap{float:left;text-align:center;line-height:1;font-size:50px}.elementor-widget-text-editor .elementor-drop-cap-letter{display:inline-block}<\/style>\t\t\t\t<p style=\"margin-bottom: 10px; padding: 0px; border: 0px; outline: 0px; background-image: initial; background-position: initial; background-size: initial; background-repeat: initial; background-attachment: initial; background-origin: initial; background-clip: initial; line-height: 1.4; text-align: justify;\">Kanuni bir zorunluluk olman\u0131n d\u0131\u015f\u0131nda Osmaniye Ticaret ve Sanayi Odas\u0131&#8217;na \u00fcyeli\u011fin pek \u00e7ok avantajlar\u0131 bulunmaktad\u0131r. Osmaniye Ticaret ve Sanayi Odas\u0131 \u00fcyeleri odam\u0131z\u0131n web sayfas\u0131nda\u00a0yer alan t\u00fcm hizmetlerden faydalanabilir. Bu hizmetler;<\/p><ul style=\"margin-right: 0px; margin-left: 0px; padding: 0px 0px 0px 25px; border: 0px; outline: 0px; background-image: initial; background-position: initial; background-size: initial; background-repeat: initial; background-attachment: initial; background-origin: initial; background-clip: initial; list-style-position: initial; list-style-image: initial;\"><li style=\"margin: 0px; padding: 0px; border: 0px; outline: 0px; background: transparent; line-height: 1.3;\"><p style=\"margin-bottom: 10px; padding: 0px; border: 0px; outline: 0px; background: transparent; line-height: 1.4; text-align: left;\">\u00dcyelerimizin mesleki konulardaki istek, beklenti ve problemleri do\u011frultusunda inceleme,\u00a0 ara\u015ft\u0131rma ve rapor \u00e7al\u0131\u015fmalar\u0131\u00a0yaparak gerekli merciler nezdinde giri\u015fimlerde bulunma ve sonu\u00e7lar\u0131 takip etme,<\/p><\/li><li style=\"margin: 0px; padding: 0px; border: 0px; outline: 0px; background: transparent; line-height: 1.3;\"><p style=\"margin-bottom: 10px; padding: 0px; border: 0px; outline: 0px; background: transparent; line-height: 1.4; text-align: left;\">\u0130\u00e7 ve d\u0131\u015f ticaret konular\u0131nda mesleki ve teknik bilgi ve dan\u0131\u015fmanl\u0131k hizmetlerinden yararlanma,<\/p><\/li><li style=\"margin: 0px; padding: 0px; border: 0px; outline: 0px; background: transparent; line-height: 1.3;\"><p style=\"margin-bottom: 10px; padding: 0px; border: 0px; outline: 0px; background: transparent; line-height: 1.4; text-align: left;\">Mevzuat de\u011fi\u015fiklikleri ve ticari hayat\u0131 ilgilendiren duyurular\u0131m\u0131zdan ivedi bir \u015fekilde haberdar edilme,<\/p><\/li><li style=\"margin: 0px; padding: 0px; border: 0px; outline: 0px; background: transparent; line-height: 1.3;\"><p style=\"margin-bottom: 10px; padding: 0px; border: 0px; outline: 0px; background: transparent; line-height: 1.4; text-align: left;\">\u0130hracat\u00e7\u0131lar\u0131n men\u015fe \u015fahadetnameleri ve dola\u015f\u0131m belgelerinin tanzim, kontrol ve onay i\u015flemleri,<\/p><\/li><li style=\"margin: 0px; padding: 0px; border: 0px; outline: 0px; background: transparent; line-height: 1.3;\"><p style=\"margin-bottom: 10px; padding: 0px; border: 0px; outline: 0px; background: transparent; line-height: 1.4; text-align: left;\">\u0130thalat ve ihracatla ilgili t\u00fcm fatura, belge v.b. suret onaylar\u0131,<\/p><\/li><li style=\"margin: 0px; padding: 0px; border: 0px; outline: 0px; background: transparent; line-height: 1.3;\"><p style=\"margin-bottom: 10px; padding: 0px; border: 0px; outline: 0px; background: transparent; line-height: 1.4; text-align: left;\">D\u0131\u015f ticaret i\u015flemlerinin gerektirdi\u011fi hallerde eksper ve bilirki\u015fi tayini ve rapor d\u00fczenlenmesi,<\/p><\/li><li style=\"margin: 0px; padding: 0px; border: 0px; outline: 0px; background: transparent; line-height: 1.3;\"><p style=\"margin-bottom: 10px; padding: 0px; border: 0px; outline: 0px; background: transparent; line-height: 1.4; text-align: left;\">D\u0131\u015f anla\u015fmazl\u0131klarda anla\u015fmazl\u0131\u011f\u0131n giderilmesi i\u00e7in gerekli giri\u015fimler ve arabuluculuk hizmetlerinden yararlanma,<\/p><\/li><li style=\"margin: 0px; padding: 0px; border: 0px; outline: 0px; background: transparent; line-height: 1.3;\"><p style=\"margin-bottom: 10px; padding: 0px; border: 0px; outline: 0px; background: transparent; line-height: 1.4; text-align: left;\">Yurt d\u0131\u015f\u0131 fuar organizasyonlar\u0131ndan yararlanma,<\/p><\/li><li style=\"margin: 0px; padding: 0px; border: 0px; outline: 0px; background: transparent; line-height: 1.3;\"><p style=\"margin-bottom: 10px; padding: 0px; border: 0px; outline: 0px; background: transparent; line-height: 1.4; text-align: left;\">Yabanc\u0131 al\u0131m heyeti organizasyonlar\u0131ndan yararlanma,<\/p><\/li><li style=\"margin: 0px; padding: 0px; border: 0px; outline: 0px; background: transparent; line-height: 1.3;\"><p style=\"margin-bottom: 10px; padding: 0px; border: 0px; outline: 0px; background: transparent; line-height: 1.4; text-align: left;\">Yurt d\u0131\u015f\u0131 i\u015f ziyareti organizasyonlar\u0131ndan yararlanma,<\/p><\/li><li style=\"margin: 0px; padding: 0px; border: 0px; outline: 0px; background: transparent; line-height: 1.3;\"><p style=\"margin-bottom: 10px; padding: 0px; border: 0px; outline: 0px; background: transparent; line-height: 1.4; text-align: left;\">Ticari vize i\u015flemlerinin takibi hizmetinden yararlanma,<\/p><\/li><li style=\"margin: 0px; padding: 0px; border: 0px; outline: 0px; background: transparent; line-height: 1.3;\"><p style=\"margin-bottom: 10px; padding: 0px; border: 0px; outline: 0px; background: transparent; line-height: 1.4; text-align: left;\">\u0130malat\u00e7\u0131 \u00fcyelerin kapasite raporlar\u0131 d\u00fczenlenmesi, onaylanmas\u0131 ve Odalar Birli\u011fi&#8217;ne g\u00f6nderilmesi,<\/p><\/li><li style=\"margin: 0px; padding: 0px; border: 0px; outline: 0px; background: transparent; line-height: 1.3;\"><p style=\"margin-bottom: 10px; padding: 0px; border: 0px; outline: 0px; background: transparent; line-height: 1.4; text-align: left;\">\u0130\u00e7 piyasa rayi\u00e7 fiyatlar\u0131 hakk\u0131nda rapor ve bilgi alma,<\/p><\/li><li style=\"margin: 0px; padding: 0px; border: 0px; outline: 0px; background: transparent; line-height: 1.3;\"><p style=\"margin-bottom: 10px; padding: 0px; border: 0px; outline: 0px; background: transparent; line-height: 1.4; text-align: left;\">Onay\u0131 istenen faturalar\u0131n rayice uygun olup olmad\u0131\u011f\u0131n\u0131n do\u011frulanmas\u0131,<\/p><\/li><li style=\"margin: 0px; padding: 0px; border: 0px; outline: 0px; background: transparent; line-height: 1.3;\"><p style=\"margin-bottom: 10px; padding: 0px; border: 0px; outline: 0px; background: transparent; line-height: 1.4; text-align: left;\">Tek imalat\u00e7\u0131 belge taleplerinin incelenerek sonu\u00e7land\u0131r\u0131lmas\u0131,<\/p><\/li><li style=\"margin: 0px; padding: 0px; border: 0px; outline: 0px; background: transparent; line-height: 1.3;\"><p style=\"margin-bottom: 10px; padding: 0px; border: 0px; outline: 0px; background: transparent; line-height: 1.4; text-align: left;\">\u0130\u015f makinelerinin tescil ve tasdik i\u015flemleri,<\/p><\/li><li style=\"margin: 0px; padding: 0px; border: 0px; outline: 0px; background: transparent; line-height: 1.3;\"><p style=\"margin-bottom: 10px; padding: 0px; border: 0px; outline: 0px; background: transparent; line-height: 1.4; text-align: left;\">K Belgesi hizmetlerinden \u00fcyelerimizin\u00a0 faydaland\u0131r\u0131lmas\u0131,<\/p><\/li><li style=\"margin: 0px; padding: 0px; border: 0px; outline: 0px; background: transparent; line-height: 1.3;\"><p style=\"margin-bottom: 10px; padding: 0px; border: 0px; outline: 0px; background: transparent; line-height: 1.4; text-align: left;\">TAPDK ruhsat i\u015flemlerinin ger\u00e7ekle\u015ftirilmesi,<\/p><\/li><li style=\"margin: 0px; padding: 0px; border: 0px; outline: 0px; background: transparent; line-height: 1.3;\"><p style=\"margin-bottom: 10px; padding: 0px; border: 0px; outline: 0px; background: transparent; line-height: 1.4; text-align: left;\">Sigorta acenteli\u011fi uygunluk belgesinin verilmesi,\u00a0<\/p><\/li><li style=\"margin: 0px; padding: 0px; border: 0px; outline: 0px; background: transparent; line-height: 1.3;\"><p style=\"margin-bottom: 10px; padding: 0px; border: 0px; outline: 0px; background: transparent; line-height: 1.4; text-align: left;\">Gayrimenkul ve menkul de\u011ferlerin rayi\u00e7 tespiti,<\/p><\/li><li style=\"margin: 0px; padding: 0px; border: 0px; outline: 0px; background: transparent; line-height: 1.3;\"><p style=\"margin-bottom: 10px; padding: 0px; border: 0px; outline: 0px; background: transparent; line-height: 1.4; text-align: left;\">Firmalar\u0131n \u00e7e\u015fitli ticari i\u015flemleri i\u00e7in gerekli ve baz\u0131 hallerde al\u0131nmas\u0131 zorunlu olan\u00a0 sicil belgesi,faliyet belgesi ihale durum belgesi,imza onay belgesi,m\u00fcteahhitlik yap\u0131 sicil belgesi gibi sicil kay\u0131tlar\u0131na dayanan belgelerin verilmesi,<\/p><\/li><li style=\"margin: 0px; padding: 0px; border: 0px; outline: 0px; background: transparent; line-height: 1.3;\"><p style=\"margin-bottom: 10px; padding: 0px; border: 0px; outline: 0px; background: transparent; line-height: 1.4; text-align: left;\">Firma sahibi, orta\u011f\u0131 ve yetkililerinin Ba\u011f-Kur ile ilgili t\u00fcm formlar\u0131n\u0131n haz\u0131rlanmas\u0131 ve onaylanmas\u0131,<\/p><\/li><li style=\"margin: 0px; padding: 0px; border: 0px; outline: 0px; background: transparent; line-height: 1.3;\"><p style=\"margin-bottom: 10px; padding: 0px; border: 0px; outline: 0px; background: transparent; line-height: 1.4; text-align: left;\">Ustal\u0131k,kalfal\u0131k,\u00e7\u0131rakl\u0131k v.b s\u00f6zle\u015fmelerinin onaylar\u0131n\u0131n yap\u0131lmas\u0131,<\/p><\/li><li style=\"margin: 0px; padding: 0px; border: 0px; outline: 0px; background: transparent; line-height: 1.3;\"><p style=\"margin-bottom: 10px; padding: 0px; border: 0px; outline: 0px; background: transparent; line-height: 1.4; text-align: left;\">Yurtd\u0131\u015f\u0131 i\u015f teklifleri, yurtd\u0131\u015f\u0131 fuarlar ve ihalelerle ilgili bilgilendirilme,<\/p><\/li><li style=\"margin: 0px; padding: 0px; border: 0px; outline: 0px; background: transparent; line-height: 1.3;\"><p style=\"margin-bottom: 10px; padding: 0px; border: 0px; outline: 0px; background: transparent; line-height: 1.4; text-align: left;\">T\u00fcrkiye&#8217;nin bir\u00e7ok yerindeki otellerde indirimli olarak konaklama imakn\u0131,<\/p><\/li><li style=\"margin: 0px; padding: 0px; border: 0px; outline: 0px; background: transparent; line-height: 1.3;\"><p style=\"margin-bottom: 10px; padding: 0px; border: 0px; outline: 0px; background: transparent; line-height: 1.4; text-align: left;\">Ba\u015far\u0131l\u0131 firmalar\u0131n \u00f6d\u00fcllendirilmesi,<\/p><\/li><li style=\"margin: 0px; padding: 0px; border: 0px; outline: 0px; background: transparent; line-height: 1.3;\"><p style=\"margin-bottom: 10px; padding: 0px; border: 0px; outline: 0px; background: transparent; line-height: 1.4; text-align: left;\">M\u00fccbir Sebep Belgesi d\u00fczenlenmesi,<\/p><\/li><li style=\"margin: 0px; padding: 0px; border: 0px; outline: 0px; background: transparent; line-height: 1.3;\"><p style=\"margin-bottom: 10px; padding: 0px; border: 0px; outline: 0px; background: transparent; line-height: 1.4; text-align: left;\">\u00dcr\u00fcnlerin fire ve zayiatoranlar\u0131n\u0131n tespit edilmesi,<\/p><\/li><li style=\"margin: 0px; padding: 0px; border: 0px; outline: 0px; background: transparent; line-height: 1.3;\"><p style=\"margin-bottom: 10px; padding: 0px; border: 0px; outline: 0px; background: transparent; line-height: 1.4; text-align: left;\">\u00dcyelerimizi ilgilendiren konularda, \u00f6rf ve team\u00fcl kararlar\u0131n\u0131n al\u0131nmas\u0131,<\/p><\/li><li style=\"margin: 0px; padding: 0px; border: 0px; outline: 0px; background: transparent; line-height: 1.3;\"><p style=\"margin-bottom: 10px; padding: 0px; border: 0px; outline: 0px; background: transparent; line-height: 1.4; text-align: left;\">\u00dcyelerimizin ihtiya\u00e7lar\u0131na y\u00f6nelik seminer,panel,kurslar tertip edilmesi,<\/p><\/li><li style=\"margin: 0px; padding: 0px; border: 0px; outline: 0px; background: transparent; line-height: 1.3;\"><p style=\"margin-bottom: 10px; padding: 0px; border: 0px; outline: 0px; background: transparent; line-height: 1.4; text-align: left;\">\u0130limizin tarihi ve k\u00fclt\u00fcrel varl\u0131klar\u0131n\u0131n tan\u0131t\u0131m\u0131na y\u00f6nelik \u00e7al\u0131\u015fmalar yap\u0131lmas\u0131,<\/p><\/li><li style=\"margin: 0px; padding: 0px; border: 0px; outline: 0px; background: transparent; line-height: 1.3;\"><p style=\"margin-bottom: 10px; padding: 0px; border: 0px; outline: 0px; background: transparent; line-height: 1.4; text-align: left;\">Tahsis Tevziat Hissesi Belgeleri tanzim edilmesi,<\/p><\/li><li style=\"margin: 0px; padding: 0px; border: 0px; outline: 0px; background: transparent; line-height: 1.3;\"><p style=\"margin-bottom: 10px; padding: 0px; border: 0px; outline: 0px; background: transparent; line-height: 1.4; text-align: left;\">Konferans salonumuzun \u00fcyelerimize indirimli olarak tahsis edilmesi,<\/p><\/li><li style=\"margin: 0px; padding: 0px; border: 0px; outline: 0px; background: transparent; line-height: 1.3;\"><p style=\"margin-bottom: 10px; padding: 0px; border: 0px; outline: 0px; background: transparent; line-height: 1.4; text-align: left;\">\u00c7e\u015fitli konularda inceleme yapmak isteyen resmi ve \u00f6zel kurulu\u015flara dok\u00fcman sa\u011flanmas\u0131.<\/p><\/li><\/ul>\t\t\t\t\t\t<\/div>\n\t\t\t\t<\/div>\n\t\t\t\t\t<\/div>\n\t\t<\/div>\n\t\t\t\t\t\t\t<\/div>\n\t\t<\/section>\n\t\t\t\t<section class=\"elementor-section elementor-top-section elementor-element elementor-element-bb557fa elementor-section-boxed elementor-section-height-default elementor-section-height-default\" data-id=\"bb557fa\" data-element_type=\"section\">\n\t\t\t\t\t\t<div class=\"elementor-container elementor-column-gap-default\">\n\t\t\t\t\t<div class=\"elementor-column elementor-col-100 elementor-top-column elementor-element elementor-element-13b4a56\" data-id=\"13b4a56\" data-element_type=\"column\">\n\t\t\t<div class=\"elementor-widget-wrap\">\n\t\t\t\t\t\t\t\t\t<\/div>\n\t\t<\/div>\n\t\t\t\t\t\t\t<\/div>\n\t\t<\/section>\n\t\t\t\t\t\t\t<\/div>\n\t\t","protected":false},"excerpt":{"rendered":"<p>Kanuni bir zorunluluk olman\u0131n d\u0131\u015f\u0131nda Osmaniye Ticaret ve Sanayi Odas\u0131&#8217;na \u00fcyeli\u011fin pek \u00e7ok avantajlar\u0131 bulunmaktad\u0131r. Osmaniye Ticaret ve Sanayi Odas\u0131 \u00fcyeleri odam\u0131z\u0131n web sayfas\u0131nda\u00a0yer alan t\u00fcm hizmetlerden faydalanabilir. Bu hizmetler; \u00dcyelerimizin mesleki konulardaki istek, beklenti&#8230;<\/p>\n","protected":false},"author":1,"featured_media":0,"parent":0,"menu_order":0,"comment_status":"closed","ping_status":"closed","template":"","meta":{"footnotes":""},"class_list":["post-1858","page","type-page","status-publish"],"amp_enabled":true,"_links":{"self":[{"href":"https:\/\/ramazaninan.com.tr\/osto\/wp-json\/wp\/v2\/pages\/1858","targetHints":{"allow":["GET"]}}],"collection":[{"href":"https:\/\/ramazaninan.com.tr\/osto\/wp-json\/wp\/v2\/pages"}],"about":[{"href":"https:\/\/ramazaninan.com.tr\/osto\/wp-json\/wp\/v2\/types\/page"}],"author":[{"embeddable":true,"href":"https:\/\/ramazaninan.com.tr\/osto\/wp-json\/wp\/v2\/users\/1"}],"replies":[{"embeddable":true,"href":"https:\/\/ramazaninan.com.tr\/osto\/wp-json\/wp\/v2\/comments?post=1858"}],"version-history":[{"count":13,"href":"https:\/\/ramazaninan.com.tr\/osto\/wp-json\/wp\/v2\/pages\/1858\/revisions"}],"predecessor-version":[{"id":4050,"href":"https:\/\/ramazaninan.com.tr\/osto\/wp-json\/wp\/v2\/pages\/1858\/revisions\/4050"}],"wp:attachment":[{"href":"https:\/\/ramazaninan.com.tr\/osto\/wp-json\/wp\/v2\/media?parent=1858"}],"curies":[{"name":"wp","href":"https:\/\/api.w.org\/{rel}","templated":true}]}}