{"id":1878,"date":"2021-12-01T20:27:22","date_gmt":"2021-12-01T17:27:22","guid":{"rendered":"https:\/\/ramazaninan.com.tr\/osto\/?page_id=1878"},"modified":"2022-03-25T14:19:51","modified_gmt":"2022-03-25T11:19:51","slug":"kosgeb-destekleri","status":"publish","type":"page","link":"https:\/\/ramazaninan.com.tr\/osto\/kosgeb-destekleri\/","title":{"rendered":"KOSGEB DESTEKLER\u0130"},"content":{"rendered":"\t\t<div data-elementor-type=\"wp-page\" data-elementor-id=\"1878\" class=\"elementor elementor-1878\">\n\t\t\t\t\t\t\t\t\t<section class=\"elementor-section elementor-top-section elementor-element elementor-element-57f59bba elementor-section-boxed elementor-section-height-default elementor-section-height-default\" data-id=\"57f59bba\" data-element_type=\"section\">\n\t\t\t\t\t\t<div class=\"elementor-container elementor-column-gap-default\">\n\t\t\t\t\t<div class=\"elementor-column elementor-col-33 elementor-top-column elementor-element elementor-element-3982e8ca\" data-id=\"3982e8ca\" data-element_type=\"column\">\n\t\t\t<div class=\"elementor-widget-wrap elementor-element-populated\">\n\t\t\t\t\t\t\t\t<div class=\"elementor-element elementor-element-8a697a5 elementor-widget elementor-widget-sidebar\" data-id=\"8a697a5\" data-element_type=\"widget\" data-widget_type=\"sidebar.default\">\n\t\t\t\t<div class=\"elementor-widget-container\">\n\t\t\t<div id=\"nav_menu-9\"><div class=\"menu-otso-tesvik-ve-destekler-menu-container\"><ul id=\"menu-otso-tesvik-ve-destekler-menu\" class=\"menu\"><li id=\"menu-item-2743\" class=\"menu-item menu-item-type-post_type menu-item-object-page menu-item-has-children menu-item-2743\"><a href=\"https:\/\/ramazaninan.com.tr\/osto\/ticaret-bakanligi-destekleri\/\">T\u0130CARET BAKANLI\u011eI DESTEKLER\u0130<\/a>\n<ul class=\"sub-menu\">\n\t<li id=\"menu-item-4429\" class=\"menu-item menu-item-type-post_type menu-item-object-page menu-item-4429\"><a href=\"https:\/\/ramazaninan.com.tr\/osto\/kolay-destek\/\">Kolay Destek<\/a><\/li>\n\t<li id=\"menu-item-4430\" class=\"menu-item menu-item-type-post_type menu-item-object-page menu-item-4430\"><a href=\"https:\/\/ramazaninan.com.tr\/osto\/ihracat-destekleri\/\">\u0130hracat Destekleri<\/a><\/li>\n\t<li id=\"menu-item-4433\" class=\"menu-item menu-item-type-post_type menu-item-object-page menu-item-4433\"><a href=\"https:\/\/ramazaninan.com.tr\/osto\/hizmet-sektoru-destekleri\/\">Hizmet Sekt\u00f6r\u00fc Destekleri<\/a><\/li>\n\t<li id=\"menu-item-4428\" class=\"menu-item menu-item-type-post_type menu-item-object-page menu-item-4428\"><a href=\"https:\/\/ramazaninan.com.tr\/osto\/yurt-disi-teknik-musavirlik-hizmetleri-destekleri\/\">Yurt D\u0131\u015f\u0131 Teknik M\u00fc\u015favirlik Hizmetleri Destekleri<\/a><\/li>\n<\/ul>\n<\/li>\n<li id=\"menu-item-2744\" class=\"menu-item menu-item-type-post_type menu-item-object-page menu-item-2744\"><a href=\"https:\/\/ramazaninan.com.tr\/osto\/sanayi-ve-teknoloji-bakanligi-destekleri\/\">SANAY\u0130 ve TEKNOLOJ\u0130 BAKANLI\u011eI DESTEKLER\u0130<\/a><\/li>\n<li id=\"menu-item-4489\" class=\"menu-item menu-item-type-custom menu-item-object-custom menu-item-has-children menu-item-4489\"><a href=\"https:\/\/ramazaninan.com.tr\/osto\/tarim-ve-orman-bakanligi-destekleri\/\">TARIMSAL DESTEKLER<\/a>\n<ul class=\"sub-menu\">\n\t<li id=\"menu-item-4487\" class=\"menu-item menu-item-type-post_type menu-item-object-page menu-item-4487\"><a href=\"https:\/\/ramazaninan.com.tr\/osto\/tarim-ve-orman-bakanligi-destekleri\/\">Tar\u0131m ve Orman Bakanl\u0131\u011f\u0131 Destekleri<\/a><\/li>\n\t<li id=\"menu-item-4488\" class=\"menu-item menu-item-type-custom menu-item-object-custom menu-item-4488\"><a target=\"_blank\" href=\"https:\/\/www.tkdk.gov.tr\/\">TKDK Destekleri<\/a><\/li>\n<\/ul>\n<\/li>\n<li id=\"menu-item-3615\" class=\"menu-item menu-item-type-post_type menu-item-object-page menu-item-3615\"><a href=\"https:\/\/ramazaninan.com.tr\/osto\/kosgeb-destekleri\/\">KOSGEB DESTEKLER\u0130<\/a><\/li>\n<li id=\"menu-item-2746\" class=\"menu-item menu-item-type-post_type menu-item-object-page menu-item-2746\"><a href=\"https:\/\/ramazaninan.com.tr\/osto\/kalkinma-ajansi-destekleri\/\">KALKINMA AJANSI DESTEKLER\u0130<\/a><\/li>\n<li id=\"menu-item-2745\" class=\"menu-item menu-item-type-post_type menu-item-object-page menu-item-2745\"><a href=\"https:\/\/ramazaninan.com.tr\/osto\/tubitak-destekleri\/\">T\u00dcB\u0130TAK DESTEKLER\u0130<\/a><\/li>\n<li id=\"menu-item-2748\" class=\"menu-item menu-item-type-post_type menu-item-object-page menu-item-2748\"><a href=\"https:\/\/ramazaninan.com.tr\/osto\/dis-ticaret-bilgilendirme-egitimleri-takvimi\/\">DI\u015e T\u0130CARET B\u0130LG\u0130LEND\u0130RME E\u011e\u0130T\u0130MLER\u0130 TAKV\u0130M\u0130<\/a><\/li>\n<\/ul><\/div><\/div>\t\t<\/div>\n\t\t\t\t<\/div>\n\t\t\t\t\t<\/div>\n\t\t<\/div>\n\t\t\t\t<div class=\"elementor-column elementor-col-66 elementor-top-column elementor-element elementor-element-2c7f330e\" data-id=\"2c7f330e\" data-element_type=\"column\">\n\t\t\t<div class=\"elementor-widget-wrap elementor-element-populated\">\n\t\t\t\t\t\t\t\t<div class=\"elementor-element elementor-element-282cd5f elementor-widget elementor-widget-text-editor\" data-id=\"282cd5f\" data-element_type=\"widget\" data-widget_type=\"text-editor.default\">\n\t\t\t\t<div class=\"elementor-widget-container\">\n\t\t\t<style>\/*! elementor - v3.6.2 - 04-04-2022 *\/\n.elementor-widget-text-editor.elementor-drop-cap-view-stacked .elementor-drop-cap{background-color:#818a91;color:#fff}.elementor-widget-text-editor.elementor-drop-cap-view-framed .elementor-drop-cap{color:#818a91;border:3px solid;background-color:transparent}.elementor-widget-text-editor:not(.elementor-drop-cap-view-default) .elementor-drop-cap{margin-top:8px}.elementor-widget-text-editor:not(.elementor-drop-cap-view-default) .elementor-drop-cap-letter{width:1em;height:1em}.elementor-widget-text-editor .elementor-drop-cap{float:left;text-align:center;line-height:1;font-size:50px}.elementor-widget-text-editor .elementor-drop-cap-letter{display:inline-block}<\/style>\t\t\t\t<p><a href=\"https:\/\/www.kosgeb.gov.tr\/site\/tr\/genel\/destekler\/6312\/girisimcilik-destekleri\" target=\"_blank\" rel=\"noopener\">&#8211; Giri\u015fimcilik Destekleri<\/a><br \/><a href=\"https:\/\/www.kosgeb.gov.tr\/site\/tr\/genel\/destekler\/6313\/arge-teknolojik-uretim-ve-yerlilestirme-destekleri\" target=\"_blank\" rel=\"noopener\">&#8211; AR-GE, Teknolojik \u00dcretim ve Yerlile\u015ftirme Destekleri<\/a><br \/><a href=\"https:\/\/www.kosgeb.gov.tr\/site\/tr\/genel\/destekler\/6314\/isletme-gelistirme-buyume-ve-uluslararasilasma-destekleri\" target=\"_blank\" rel=\"noopener\">&#8211; \u0130\u015fletme Geli\u015ftirme, B\u00fcy\u00fcme ve Uluslararas\u0131la\u015fma Destekleri<\/a><br \/><a href=\"https:\/\/www.kosgeb.gov.tr\/site\/tr\/genel\/destekler\/6315\/kobi-finansman-destekleri\" target=\"_blank\" rel=\"noopener\">&#8211; KOB\u0130 Finansman Destekleri<\/a><br \/><a href=\"https:\/\/www.kosgeb.gov.tr\/site\/tr\/genel\/destekler\/6344\/isgemtekmer-destekleri\" target=\"_blank\" rel=\"noopener\">&#8211; \u0130\u015eGEM\/TEKMER Program\u0131<\/a><br \/><a href=\"https:\/\/www.kosgeb.gov.tr\/site\/tr\/genel\/destekler\/6414\/rehberlik-ve-danismanlik-hizmetleri\" target=\"_blank\" rel=\"noopener\">&#8211; Rehberlik ve Dan\u0131\u015fmanl\u0131k Hizmetleri<\/a><br \/><a href=\"https:\/\/www.kosgeb.gov.tr\/site\/tr\/genel\/destekler\/6440\/mikro-ve-kucuk-isletmelere-hizli-destek-programi\" target=\"_blank\" rel=\"noopener\">&#8211; \u0130malat\u00e7\u0131 Mikro ve K\u00fc\u00e7\u00fck \u0130\u015fletmelere H\u0131zl\u0131 Destek Program\u0131<\/a><\/p>\t\t\t\t\t\t<\/div>\n\t\t\t\t<\/div>\n\t\t\t\t\t<\/div>\n\t\t<\/div>\n\t\t\t\t\t\t\t<\/div>\n\t\t<\/section>\n\t\t\t\t\t\t\t<\/div>\n\t\t","protected":false},"excerpt":{"rendered":"<p>&#8211; Giri\u015fimcilik Destekleri&#8211; AR-GE, Teknolojik \u00dcretim ve Yerlile\u015ftirme Destekleri&#8211; \u0130\u015fletme Geli\u015ftirme, B\u00fcy\u00fcme ve Uluslararas\u0131la\u015fma Destekleri&#8211; KOB\u0130 Finansman Destekleri&#8211; \u0130\u015eGEM\/TEKMER Program\u0131&#8211; Rehberlik ve Dan\u0131\u015fmanl\u0131k Hizmetleri&#8211; \u0130malat\u00e7\u0131 Mikro ve K\u00fc\u00e7\u00fck \u0130\u015fletmelere H\u0131zl\u0131 Destek Program\u0131<\/p>\n","protected":false},"author":1,"featured_media":0,"parent":0,"menu_order":0,"comment_status":"closed","ping_status":"closed","template":"","meta":{"footnotes":""},"class_list":["post-1878","page","type-page","status-publish"],"amp_enabled":true,"_links":{"self":[{"href":"https:\/\/ramazaninan.com.tr\/osto\/wp-json\/wp\/v2\/pages\/1878","targetHints":{"allow":["GET"]}}],"collection":[{"href":"https:\/\/ramazaninan.com.tr\/osto\/wp-json\/wp\/v2\/pages"}],"about":[{"href":"https:\/\/ramazaninan.com.tr\/osto\/wp-json\/wp\/v2\/types\/page"}],"author":[{"embeddable":true,"href":"https:\/\/ramazaninan.com.tr\/osto\/wp-json\/wp\/v2\/users\/1"}],"replies":[{"embeddable":true,"href":"https:\/\/ramazaninan.com.tr\/osto\/wp-json\/wp\/v2\/comments?post=1878"}],"version-history":[{"count":19,"href":"https:\/\/ramazaninan.com.tr\/osto\/wp-json\/wp\/v2\/pages\/1878\/revisions"}],"predecessor-version":[{"id":4477,"href":"https:\/\/ramazaninan.com.tr\/osto\/wp-json\/wp\/v2\/pages\/1878\/revisions\/4477"}],"wp:attachment":[{"href":"https:\/\/ramazaninan.com.tr\/osto\/wp-json\/wp\/v2\/media?parent=1878"}],"curies":[{"name":"wp","href":"https:\/\/api.w.org\/{rel}","templated":true}]}}