{"id":1880,"date":"2021-12-01T20:27:32","date_gmt":"2021-12-01T17:27:32","guid":{"rendered":"https:\/\/ramazaninan.com.tr\/osto\/?page_id=1880"},"modified":"2022-03-25T14:29:52","modified_gmt":"2022-03-25T11:29:52","slug":"kalkinma-ajansi-destekleri","status":"publish","type":"page","link":"https:\/\/ramazaninan.com.tr\/osto\/kalkinma-ajansi-destekleri\/","title":{"rendered":"KALKINMA AJANSI DESTEKLER\u0130"},"content":{"rendered":"\t\t<div data-elementor-type=\"wp-page\" data-elementor-id=\"1880\" class=\"elementor elementor-1880\">\n\t\t\t\t\t\t\t\t\t<section class=\"elementor-section elementor-top-section elementor-element elementor-element-73b58898 elementor-section-boxed elementor-section-height-default elementor-section-height-default\" data-id=\"73b58898\" data-element_type=\"section\">\n\t\t\t\t\t\t<div class=\"elementor-container elementor-column-gap-default\">\n\t\t\t\t\t<div class=\"elementor-column elementor-col-33 elementor-top-column elementor-element elementor-element-4ae9fc39\" data-id=\"4ae9fc39\" data-element_type=\"column\">\n\t\t\t<div class=\"elementor-widget-wrap elementor-element-populated\">\n\t\t\t\t\t\t\t\t<div class=\"elementor-element elementor-element-4dc0253 elementor-widget elementor-widget-sidebar\" data-id=\"4dc0253\" data-element_type=\"widget\" data-widget_type=\"sidebar.default\">\n\t\t\t\t<div class=\"elementor-widget-container\">\n\t\t\t<div id=\"nav_menu-9\"><div class=\"menu-otso-tesvik-ve-destekler-menu-container\"><ul id=\"menu-otso-tesvik-ve-destekler-menu\" class=\"menu\"><li id=\"menu-item-2743\" class=\"menu-item menu-item-type-post_type menu-item-object-page menu-item-has-children menu-item-2743\"><a href=\"https:\/\/ramazaninan.com.tr\/osto\/ticaret-bakanligi-destekleri\/\">T\u0130CARET BAKANLI\u011eI DESTEKLER\u0130<\/a>\n<ul class=\"sub-menu\">\n\t<li id=\"menu-item-4429\" class=\"menu-item menu-item-type-post_type menu-item-object-page menu-item-4429\"><a href=\"https:\/\/ramazaninan.com.tr\/osto\/kolay-destek\/\">Kolay Destek<\/a><\/li>\n\t<li id=\"menu-item-4430\" class=\"menu-item menu-item-type-post_type menu-item-object-page menu-item-4430\"><a href=\"https:\/\/ramazaninan.com.tr\/osto\/ihracat-destekleri\/\">\u0130hracat Destekleri<\/a><\/li>\n\t<li id=\"menu-item-4433\" class=\"menu-item menu-item-type-post_type menu-item-object-page menu-item-4433\"><a href=\"https:\/\/ramazaninan.com.tr\/osto\/hizmet-sektoru-destekleri\/\">Hizmet Sekt\u00f6r\u00fc Destekleri<\/a><\/li>\n\t<li id=\"menu-item-4428\" class=\"menu-item menu-item-type-post_type menu-item-object-page menu-item-4428\"><a href=\"https:\/\/ramazaninan.com.tr\/osto\/yurt-disi-teknik-musavirlik-hizmetleri-destekleri\/\">Yurt D\u0131\u015f\u0131 Teknik M\u00fc\u015favirlik Hizmetleri Destekleri<\/a><\/li>\n<\/ul>\n<\/li>\n<li id=\"menu-item-2744\" class=\"menu-item menu-item-type-post_type menu-item-object-page menu-item-2744\"><a href=\"https:\/\/ramazaninan.com.tr\/osto\/sanayi-ve-teknoloji-bakanligi-destekleri\/\">SANAY\u0130 ve TEKNOLOJ\u0130 BAKANLI\u011eI DESTEKLER\u0130<\/a><\/li>\n<li id=\"menu-item-4489\" class=\"menu-item menu-item-type-custom menu-item-object-custom menu-item-has-children menu-item-4489\"><a href=\"https:\/\/ramazaninan.com.tr\/osto\/tarim-ve-orman-bakanligi-destekleri\/\">TARIMSAL DESTEKLER<\/a>\n<ul class=\"sub-menu\">\n\t<li id=\"menu-item-4487\" class=\"menu-item menu-item-type-post_type menu-item-object-page menu-item-4487\"><a href=\"https:\/\/ramazaninan.com.tr\/osto\/tarim-ve-orman-bakanligi-destekleri\/\">Tar\u0131m ve Orman Bakanl\u0131\u011f\u0131 Destekleri<\/a><\/li>\n\t<li id=\"menu-item-4488\" class=\"menu-item menu-item-type-custom menu-item-object-custom menu-item-4488\"><a target=\"_blank\" href=\"https:\/\/www.tkdk.gov.tr\/\">TKDK Destekleri<\/a><\/li>\n<\/ul>\n<\/li>\n<li id=\"menu-item-3615\" class=\"menu-item menu-item-type-post_type menu-item-object-page menu-item-3615\"><a href=\"https:\/\/ramazaninan.com.tr\/osto\/kosgeb-destekleri\/\">KOSGEB DESTEKLER\u0130<\/a><\/li>\n<li id=\"menu-item-2746\" class=\"menu-item menu-item-type-post_type menu-item-object-page menu-item-2746\"><a href=\"https:\/\/ramazaninan.com.tr\/osto\/kalkinma-ajansi-destekleri\/\">KALKINMA AJANSI DESTEKLER\u0130<\/a><\/li>\n<li id=\"menu-item-2745\" class=\"menu-item menu-item-type-post_type menu-item-object-page menu-item-2745\"><a href=\"https:\/\/ramazaninan.com.tr\/osto\/tubitak-destekleri\/\">T\u00dcB\u0130TAK DESTEKLER\u0130<\/a><\/li>\n<li id=\"menu-item-2748\" class=\"menu-item menu-item-type-post_type menu-item-object-page menu-item-2748\"><a href=\"https:\/\/ramazaninan.com.tr\/osto\/dis-ticaret-bilgilendirme-egitimleri-takvimi\/\">DI\u015e T\u0130CARET B\u0130LG\u0130LEND\u0130RME E\u011e\u0130T\u0130MLER\u0130 TAKV\u0130M\u0130<\/a><\/li>\n<\/ul><\/div><\/div>\t\t<\/div>\n\t\t\t\t<\/div>\n\t\t\t\t\t<\/div>\n\t\t<\/div>\n\t\t\t\t<div class=\"elementor-column elementor-col-66 elementor-top-column elementor-element elementor-element-783b156f\" data-id=\"783b156f\" data-element_type=\"column\">\n\t\t\t<div class=\"elementor-widget-wrap elementor-element-populated\">\n\t\t\t\t\t\t\t\t<div class=\"elementor-element elementor-element-fce3a0b elementor-widget elementor-widget-text-editor\" data-id=\"fce3a0b\" data-element_type=\"widget\" data-widget_type=\"text-editor.default\">\n\t\t\t\t<div class=\"elementor-widget-container\">\n\t\t\t<style>\/*! elementor - v3.6.2 - 04-04-2022 *\/\n.elementor-widget-text-editor.elementor-drop-cap-view-stacked .elementor-drop-cap{background-color:#818a91;color:#fff}.elementor-widget-text-editor.elementor-drop-cap-view-framed .elementor-drop-cap{color:#818a91;border:3px solid;background-color:transparent}.elementor-widget-text-editor:not(.elementor-drop-cap-view-default) .elementor-drop-cap{margin-top:8px}.elementor-widget-text-editor:not(.elementor-drop-cap-view-default) .elementor-drop-cap-letter{width:1em;height:1em}.elementor-widget-text-editor .elementor-drop-cap{float:left;text-align:center;line-height:1;font-size:50px}.elementor-widget-text-editor .elementor-drop-cap-letter{display:inline-block}<\/style>\t\t\t\t<p><a href=\"https:\/\/www.dogaka.gov.tr\/destekler\/teknik-destek-programi\" target=\"_blank\" rel=\"noopener\">&#8211; Teknik Destek Program\u0131<\/a><br \/><a href=\"https:\/\/www.dogaka.gov.tr\/destekler\/dogrudan-faaliyet-destegi\" target=\"_blank\" rel=\"noopener\">&#8211; Do\u011frudan Faaliyet Deste\u011fi<\/a><br \/><a href=\"https:\/\/www.dogaka.gov.tr\/destekler\/fizibilite-destegi\" target=\"_blank\" rel=\"noopener\">&#8211; Fizibilite Deste\u011fi<\/a><br \/><a href=\"https:\/\/www.dogaka.gov.tr\/destekler\/sodes\" target=\"_blank\" rel=\"noopener\">&#8211; SODES<\/a><br \/><a href=\"https:\/\/www.dogaka.gov.tr\/destekler\/sogep\">&#8211; SOGEP<\/a><br \/><a href=\"https:\/\/www.dogaka.gov.tr\/destekler\/mali-destek-programi\">&#8211; Mali Destek Program\u0131<\/a><br \/><a href=\"https:\/\/www.dogaka.gov.tr\/destekler\/basarili-projeler\">&#8211; Ba\u015far\u0131l\u0131 Projeler<\/a><\/p>\t\t\t\t\t\t<\/div>\n\t\t\t\t<\/div>\n\t\t\t\t\t<\/div>\n\t\t<\/div>\n\t\t\t\t\t\t\t<\/div>\n\t\t<\/section>\n\t\t\t\t\t\t\t<\/div>\n\t\t","protected":false},"excerpt":{"rendered":"<p>&#8211; Teknik Destek Program\u0131&#8211; Do\u011frudan Faaliyet Deste\u011fi&#8211; Fizibilite Deste\u011fi&#8211; SODES&#8211; SOGEP&#8211; Mali Destek Program\u0131&#8211; Ba\u015far\u0131l\u0131 Projeler<\/p>\n","protected":false},"author":1,"featured_media":0,"parent":0,"menu_order":0,"comment_status":"closed","ping_status":"closed","template":"","meta":{"footnotes":""},"class_list":["post-1880","page","type-page","status-publish"],"amp_enabled":true,"_links":{"self":[{"href":"https:\/\/ramazaninan.com.tr\/osto\/wp-json\/wp\/v2\/pages\/1880","targetHints":{"allow":["GET"]}}],"collection":[{"href":"https:\/\/ramazaninan.com.tr\/osto\/wp-json\/wp\/v2\/pages"}],"about":[{"href":"https:\/\/ramazaninan.com.tr\/osto\/wp-json\/wp\/v2\/types\/page"}],"author":[{"embeddable":true,"href":"https:\/\/ramazaninan.com.tr\/osto\/wp-json\/wp\/v2\/users\/1"}],"replies":[{"embeddable":true,"href":"https:\/\/ramazaninan.com.tr\/osto\/wp-json\/wp\/v2\/comments?post=1880"}],"version-history":[{"count":16,"href":"https:\/\/ramazaninan.com.tr\/osto\/wp-json\/wp\/v2\/pages\/1880\/revisions"}],"predecessor-version":[{"id":4481,"href":"https:\/\/ramazaninan.com.tr\/osto\/wp-json\/wp\/v2\/pages\/1880\/revisions\/4481"}],"wp:attachment":[{"href":"https:\/\/ramazaninan.com.tr\/osto\/wp-json\/wp\/v2\/media?parent=1880"}],"curies":[{"name":"wp","href":"https:\/\/api.w.org\/{rel}","templated":true}]}}