{"id":1882,"date":"2021-12-01T20:27:41","date_gmt":"2021-12-01T17:27:41","guid":{"rendered":"https:\/\/ramazaninan.com.tr\/osto\/?page_id=1882"},"modified":"2022-03-17T10:56:23","modified_gmt":"2022-03-17T07:56:23","slug":"tarimsal-destekler","status":"publish","type":"page","link":"https:\/\/ramazaninan.com.tr\/osto\/tarimsal-destekler\/","title":{"rendered":"TARIMSAL DESTEKLER"},"content":{"rendered":"\t\t<div data-elementor-type=\"wp-page\" data-elementor-id=\"1882\" class=\"elementor elementor-1882\">\n\t\t\t\t\t\t\t\t\t<section class=\"elementor-section elementor-top-section elementor-element elementor-element-2ee49d50 elementor-section-boxed elementor-section-height-default elementor-section-height-default\" data-id=\"2ee49d50\" data-element_type=\"section\">\n\t\t\t\t\t\t<div class=\"elementor-container elementor-column-gap-default\">\n\t\t\t\t\t<div class=\"elementor-column elementor-col-33 elementor-top-column elementor-element elementor-element-62636524\" data-id=\"62636524\" data-element_type=\"column\">\n\t\t\t<div class=\"elementor-widget-wrap elementor-element-populated\">\n\t\t\t\t\t\t\t\t<div class=\"elementor-element elementor-element-d5f3ec5 elementor-widget elementor-widget-sidebar\" data-id=\"d5f3ec5\" data-element_type=\"widget\" data-widget_type=\"sidebar.default\">\n\t\t\t\t<div class=\"elementor-widget-container\">\n\t\t\t<div id=\"nav_menu-9\"><div class=\"menu-otso-tesvik-ve-destekler-menu-container\"><ul id=\"menu-otso-tesvik-ve-destekler-menu\" class=\"menu\"><li id=\"menu-item-2743\" class=\"menu-item menu-item-type-post_type menu-item-object-page menu-item-has-children menu-item-2743\"><a href=\"https:\/\/ramazaninan.com.tr\/osto\/ticaret-bakanligi-destekleri\/\">T\u0130CARET BAKANLI\u011eI DESTEKLER\u0130<\/a>\n<ul class=\"sub-menu\">\n\t<li id=\"menu-item-4429\" class=\"menu-item menu-item-type-post_type menu-item-object-page menu-item-4429\"><a href=\"https:\/\/ramazaninan.com.tr\/osto\/kolay-destek\/\">Kolay Destek<\/a><\/li>\n\t<li id=\"menu-item-4430\" class=\"menu-item menu-item-type-post_type menu-item-object-page menu-item-4430\"><a href=\"https:\/\/ramazaninan.com.tr\/osto\/ihracat-destekleri\/\">\u0130hracat Destekleri<\/a><\/li>\n\t<li id=\"menu-item-4433\" class=\"menu-item menu-item-type-post_type menu-item-object-page menu-item-4433\"><a href=\"https:\/\/ramazaninan.com.tr\/osto\/hizmet-sektoru-destekleri\/\">Hizmet Sekt\u00f6r\u00fc Destekleri<\/a><\/li>\n\t<li id=\"menu-item-4428\" class=\"menu-item menu-item-type-post_type menu-item-object-page menu-item-4428\"><a href=\"https:\/\/ramazaninan.com.tr\/osto\/yurt-disi-teknik-musavirlik-hizmetleri-destekleri\/\">Yurt D\u0131\u015f\u0131 Teknik M\u00fc\u015favirlik Hizmetleri Destekleri<\/a><\/li>\n<\/ul>\n<\/li>\n<li id=\"menu-item-2744\" class=\"menu-item menu-item-type-post_type menu-item-object-page menu-item-2744\"><a href=\"https:\/\/ramazaninan.com.tr\/osto\/sanayi-ve-teknoloji-bakanligi-destekleri\/\">SANAY\u0130 ve TEKNOLOJ\u0130 BAKANLI\u011eI DESTEKLER\u0130<\/a><\/li>\n<li id=\"menu-item-4489\" class=\"menu-item menu-item-type-custom menu-item-object-custom menu-item-has-children menu-item-4489\"><a href=\"https:\/\/ramazaninan.com.tr\/osto\/tarim-ve-orman-bakanligi-destekleri\/\">TARIMSAL DESTEKLER<\/a>\n<ul class=\"sub-menu\">\n\t<li id=\"menu-item-4487\" class=\"menu-item menu-item-type-post_type menu-item-object-page menu-item-4487\"><a href=\"https:\/\/ramazaninan.com.tr\/osto\/tarim-ve-orman-bakanligi-destekleri\/\">Tar\u0131m ve Orman Bakanl\u0131\u011f\u0131 Destekleri<\/a><\/li>\n\t<li id=\"menu-item-4488\" class=\"menu-item menu-item-type-custom menu-item-object-custom menu-item-4488\"><a target=\"_blank\" href=\"https:\/\/www.tkdk.gov.tr\/\">TKDK Destekleri<\/a><\/li>\n<\/ul>\n<\/li>\n<li id=\"menu-item-3615\" class=\"menu-item menu-item-type-post_type menu-item-object-page menu-item-3615\"><a href=\"https:\/\/ramazaninan.com.tr\/osto\/kosgeb-destekleri\/\">KOSGEB DESTEKLER\u0130<\/a><\/li>\n<li id=\"menu-item-2746\" class=\"menu-item menu-item-type-post_type menu-item-object-page menu-item-2746\"><a href=\"https:\/\/ramazaninan.com.tr\/osto\/kalkinma-ajansi-destekleri\/\">KALKINMA AJANSI DESTEKLER\u0130<\/a><\/li>\n<li id=\"menu-item-2745\" class=\"menu-item menu-item-type-post_type menu-item-object-page menu-item-2745\"><a href=\"https:\/\/ramazaninan.com.tr\/osto\/tubitak-destekleri\/\">T\u00dcB\u0130TAK DESTEKLER\u0130<\/a><\/li>\n<li id=\"menu-item-2748\" class=\"menu-item menu-item-type-post_type menu-item-object-page menu-item-2748\"><a href=\"https:\/\/ramazaninan.com.tr\/osto\/dis-ticaret-bilgilendirme-egitimleri-takvimi\/\">DI\u015e T\u0130CARET B\u0130LG\u0130LEND\u0130RME E\u011e\u0130T\u0130MLER\u0130 TAKV\u0130M\u0130<\/a><\/li>\n<\/ul><\/div><\/div>\t\t<\/div>\n\t\t\t\t<\/div>\n\t\t\t\t\t<\/div>\n\t\t<\/div>\n\t\t\t\t<div class=\"elementor-column elementor-col-66 elementor-top-column elementor-element elementor-element-1cbe8c37\" data-id=\"1cbe8c37\" data-element_type=\"column\">\n\t\t\t<div class=\"elementor-widget-wrap elementor-element-populated\">\n\t\t\t\t\t\t\t\t<div class=\"elementor-element elementor-element-5eb17c5 elementor-icon-list--layout-traditional elementor-list-item-link-full_width elementor-widget elementor-widget-icon-list\" data-id=\"5eb17c5\" data-element_type=\"widget\" data-widget_type=\"icon-list.default\">\n\t\t\t\t<div class=\"elementor-widget-container\">\n\t\t\t<link rel=\"stylesheet\" href=\"https:\/\/ramazaninan.com.tr\/osto\/wp-content\/plugins\/elementor\/assets\/css\/widget-icon-list.min.css\">\t\t<ul class=\"elementor-icon-list-items\">\n\t\t\t\t\t\t\t<li class=\"elementor-icon-list-item\">\n\t\t\t\t\t\t\t\t\t\t\t<a href=\"https:\/\/www.tarimorman.gov.tr\/Konular\/Tarimsal-Destekler\" target=\"_blank\">\n\n\t\t\t\t\t\t\t\t\t\t\t<span class=\"elementor-icon-list-text\">Tar\u0131m ve Orman Bakanl\u0131\u011f\u0131'n\u0131n destekleri i\u00e7in t\u0131klay\u0131n\u0131z<\/span>\n\t\t\t\t\t\t\t\t\t\t\t<\/a>\n\t\t\t\t\t\t\t\t\t<\/li>\n\t\t\t\t\t\t\t\t<li class=\"elementor-icon-list-item\">\n\t\t\t\t\t\t\t\t\t\t\t<a href=\"https:\/\/www.tkdk.gov.tr\/\" target=\"_blank\">\n\n\t\t\t\t\t\t\t\t\t\t\t<span class=\"elementor-icon-list-text\">Tar\u0131m ve K\u0131rsal Kalk\u0131nmay\u0131 Destekleme Kurumu'nun destekleri i\u00e7in t\u0131klay\u0131n\u0131z<\/span>\n\t\t\t\t\t\t\t\t\t\t\t<\/a>\n\t\t\t\t\t\t\t\t\t<\/li>\n\t\t\t\t\t\t<\/ul>\n\t\t\t\t<\/div>\n\t\t\t\t<\/div>\n\t\t\t\t\t<\/div>\n\t\t<\/div>\n\t\t\t\t\t\t\t<\/div>\n\t\t<\/section>\n\t\t\t\t\t\t\t<\/div>\n\t\t","protected":false},"excerpt":{"rendered":"<p>Tar\u0131m ve Orman Bakanl\u0131\u011f\u0131&#8217;n\u0131n destekleri i\u00e7in t\u0131klay\u0131n\u0131z Tar\u0131m ve K\u0131rsal Kalk\u0131nmay\u0131 Destekleme Kurumu&#8217;nun destekleri i\u00e7in t\u0131klay\u0131n\u0131z<\/p>\n","protected":false},"author":1,"featured_media":0,"parent":0,"menu_order":0,"comment_status":"closed","ping_status":"closed","template":"","meta":{"footnotes":""},"class_list":["post-1882","page","type-page","status-publish"],"amp_enabled":true,"_links":{"self":[{"href":"https:\/\/ramazaninan.com.tr\/osto\/wp-json\/wp\/v2\/pages\/1882","targetHints":{"allow":["GET"]}}],"collection":[{"href":"https:\/\/ramazaninan.com.tr\/osto\/wp-json\/wp\/v2\/pages"}],"about":[{"href":"https:\/\/ramazaninan.com.tr\/osto\/wp-json\/wp\/v2\/types\/page"}],"author":[{"embeddable":true,"href":"https:\/\/ramazaninan.com.tr\/osto\/wp-json\/wp\/v2\/users\/1"}],"replies":[{"embeddable":true,"href":"https:\/\/ramazaninan.com.tr\/osto\/wp-json\/wp\/v2\/comments?post=1882"}],"version-history":[{"count":43,"href":"https:\/\/ramazaninan.com.tr\/osto\/wp-json\/wp\/v2\/pages\/1882\/revisions"}],"predecessor-version":[{"id":4420,"href":"https:\/\/ramazaninan.com.tr\/osto\/wp-json\/wp\/v2\/pages\/1882\/revisions\/4420"}],"wp:attachment":[{"href":"https:\/\/ramazaninan.com.tr\/osto\/wp-json\/wp\/v2\/media?parent=1882"}],"curies":[{"name":"wp","href":"https:\/\/api.w.org\/{rel}","templated":true}]}}