{"id":1896,"date":"2021-12-01T20:29:28","date_gmt":"2021-12-01T17:29:28","guid":{"rendered":"https:\/\/ramazaninan.com.tr\/osto\/?page_id=1896"},"modified":"2022-03-13T22:12:21","modified_gmt":"2022-03-13T19:12:21","slug":"tobb-sektor-raporlari","status":"publish","type":"page","link":"https:\/\/ramazaninan.com.tr\/osto\/tobb-sektor-raporlari\/","title":{"rendered":"TOBB SEKT\u00d6R RAPORLARI"},"content":{"rendered":"\t\t<div data-elementor-type=\"wp-page\" data-elementor-id=\"1896\" class=\"elementor elementor-1896\">\n\t\t\t\t\t\t\t\t\t<section class=\"elementor-section elementor-top-section elementor-element elementor-element-3f6fff50 elementor-section-boxed elementor-section-height-default elementor-section-height-default\" data-id=\"3f6fff50\" data-element_type=\"section\">\n\t\t\t\t\t\t<div class=\"elementor-container elementor-column-gap-default\">\n\t\t\t\t\t<div class=\"elementor-column elementor-col-33 elementor-top-column elementor-element elementor-element-680a3d2a\" data-id=\"680a3d2a\" data-element_type=\"column\">\n\t\t\t<div class=\"elementor-widget-wrap elementor-element-populated\">\n\t\t\t\t\t\t\t\t<div class=\"elementor-element elementor-element-6a83f149 elementor-widget elementor-widget-sidebar\" data-id=\"6a83f149\" data-element_type=\"widget\" data-widget_type=\"sidebar.default\">\n\t\t\t\t<div class=\"elementor-widget-container\">\n\t\t\t<div id=\"nav_menu-10\"><div class=\"menu-otso-bilgi-bankasi-menu-container\"><ul id=\"menu-otso-bilgi-bankasi-menu\" class=\"menu\"><li id=\"menu-item-4265\" class=\"menu-item menu-item-type-custom menu-item-object-custom menu-item-4265\"><a target=\"_blank\" href=\"https:\/\/www.ticaret.gov.tr\/yurtdisi-teskilati\">\u00dcLKE RAPORLARI<\/a><\/li>\n<li id=\"menu-item-4240\" class=\"menu-item menu-item-type-post_type menu-item-object-page menu-item-4240\"><a href=\"https:\/\/ramazaninan.com.tr\/osto\/sektor-raporlari\/\">SEKT\u00d6R RAPORLARI<\/a><\/li>\n<li id=\"menu-item-4241\" class=\"menu-item menu-item-type-post_type menu-item-object-page menu-item-4241\"><a href=\"https:\/\/ramazaninan.com.tr\/osto\/tobb-sektor-raporlari\/\">TOBB SEKT\u00d6R RAPORLARI<\/a><\/li>\n<li id=\"menu-item-4242\" class=\"menu-item menu-item-type-post_type menu-item-object-page menu-item-4242\"><a href=\"https:\/\/ramazaninan.com.tr\/osto\/sektorel-dis-ticaret-raporlari\/\">SEKT\u00d6REL DI\u015e T\u0130CARET RAPORLARI<\/a><\/li>\n<li id=\"menu-item-4237\" class=\"menu-item menu-item-type-post_type menu-item-object-page menu-item-4237\"><a href=\"https:\/\/ramazaninan.com.tr\/osto\/tobb-ekonomi-bulteni\/\">TOBB EKONOM\u0130 B\u00dcLTEN\u0130<\/a><\/li>\n<li id=\"menu-item-4250\" class=\"menu-item menu-item-type-post_type menu-item-object-page menu-item-4250\"><a href=\"https:\/\/ramazaninan.com.tr\/osto\/osmaniye-il-sanayi-durum-raporlari\/\">OSMAN\u0130YE \u0130L SANAY\u0130 DURUM RAPORLARI<\/a><\/li>\n<li id=\"menu-item-4238\" class=\"menu-item menu-item-type-post_type menu-item-object-page menu-item-4238\"><a href=\"https:\/\/ramazaninan.com.tr\/osto\/osmaniye-ekonomik-gorunum-raporlari\/\">OSMAN\u0130YE EKONOM\u0130K G\u00d6R\u00dcN\u00dcM RAPORLARI<\/a><\/li>\n<\/ul><\/div><\/div>\t\t<\/div>\n\t\t\t\t<\/div>\n\t\t\t\t\t<\/div>\n\t\t<\/div>\n\t\t\t\t<div class=\"elementor-column elementor-col-66 elementor-top-column elementor-element elementor-element-27fcacfd\" data-id=\"27fcacfd\" data-element_type=\"column\">\n\t\t\t<div class=\"elementor-widget-wrap elementor-element-populated\">\n\t\t\t\t\t\t\t\t<div class=\"elementor-element elementor-element-4b25b79a elementor-align-left elementor-icon-list--layout-traditional elementor-list-item-link-full_width elementor-widget elementor-widget-icon-list\" data-id=\"4b25b79a\" data-element_type=\"widget\" data-widget_type=\"icon-list.default\">\n\t\t\t\t<div class=\"elementor-widget-container\">\n\t\t\t<link rel=\"stylesheet\" href=\"https:\/\/ramazaninan.com.tr\/osto\/wp-content\/plugins\/elementor\/assets\/css\/widget-icon-list.min.css\">\t\t<ul class=\"elementor-icon-list-items\">\n\t\t\t\t\t\t\t<li class=\"elementor-icon-list-item\">\n\t\t\t\t\t\t\t\t\t\t\t<a href=\"https:\/\/www.tobb.org.tr\/Documents\/yayinlar\/Tobb%20Savunma%20rapor_2011.pdf\" target=\"_blank\">\n\n\t\t\t\t\t\t\t\t\t\t\t\t<span class=\"elementor-icon-list-icon\">\n\t\t\t\t\t\t\t<i aria-hidden=\"true\" class=\"far fa-file-pdf\"><\/i>\t\t\t\t\t\t<\/span>\n\t\t\t\t\t\t\t\t\t\t<span class=\"elementor-icon-list-text\">T\u00dcRK\u0130YE SAVUNMA SANAY\u0130 SEKT\u00d6R RAPORU<\/span>\n\t\t\t\t\t\t\t\t\t\t\t<\/a>\n\t\t\t\t\t\t\t\t\t<\/li>\n\t\t\t\t\t\t\t\t<li class=\"elementor-icon-list-item\">\n\t\t\t\t\t\t\t\t\t\t\t<a href=\"https:\/\/www.tobb.org.tr\/Documents\/yayinlar\/Tobb_Demir_Sektor_rapor2011.pdf\" target=\"_blank\">\n\n\t\t\t\t\t\t\t\t\t\t\t\t<span class=\"elementor-icon-list-icon\">\n\t\t\t\t\t\t\t<i aria-hidden=\"true\" class=\"far fa-file-pdf\"><\/i>\t\t\t\t\t\t<\/span>\n\t\t\t\t\t\t\t\t\t\t<span class=\"elementor-icon-list-text\">T\u00dcRK\u0130YE DEM\u0130R VE DEM\u0130R DI\u015eI METALLER MECL\u0130S\u0130 SEKT\u00d6R RAPORU<\/span>\n\t\t\t\t\t\t\t\t\t\t\t<\/a>\n\t\t\t\t\t\t\t\t\t<\/li>\n\t\t\t\t\t\t\t\t<li class=\"elementor-icon-list-item\">\n\t\t\t\t\t\t\t\t\t\t\t<a href=\"https:\/\/www.tobb.org.tr\/TurkiyeSektorMeclisleri\/Documents\/SektorRaporlari\/patent_marka_kitapp.pdf\" target=\"_blank\">\n\n\t\t\t\t\t\t\t\t\t\t\t\t<span class=\"elementor-icon-list-icon\">\n\t\t\t\t\t\t\t<i aria-hidden=\"true\" class=\"far fa-file-pdf\"><\/i>\t\t\t\t\t\t<\/span>\n\t\t\t\t\t\t\t\t\t\t<span class=\"elementor-icon-list-text\">T\u00dcRK\u0130YE PATENT VE MARKA VEK\u0130LLER\u0130 SEKT\u00d6R RAPORU<\/span>\n\t\t\t\t\t\t\t\t\t\t\t<\/a>\n\t\t\t\t\t\t\t\t\t<\/li>\n\t\t\t\t\t\t\t\t<li class=\"elementor-icon-list-item\">\n\t\t\t\t\t\t\t\t\t\t\t<a href=\"https:\/\/www.tobb.org.tr\/TurkiyeSektorMeclisleri\/Documents\/SektorRaporlari\/medikal.pdf\" target=\"_blank\">\n\n\t\t\t\t\t\t\t\t\t\t\t\t<span class=\"elementor-icon-list-icon\">\n\t\t\t\t\t\t\t<i aria-hidden=\"true\" class=\"far fa-file-pdf\"><\/i>\t\t\t\t\t\t<\/span>\n\t\t\t\t\t\t\t\t\t\t<span class=\"elementor-icon-list-text\">T\u00dcRK\u0130YE MED\u0130KAL SEKT\u00d6R\u00dc RAPORU<\/span>\n\t\t\t\t\t\t\t\t\t\t\t<\/a>\n\t\t\t\t\t\t\t\t\t<\/li>\n\t\t\t\t\t\t\t\t<li class=\"elementor-icon-list-item\">\n\t\t\t\t\t\t\t\t\t\t\t<a href=\"https:\/\/www.tobb.org.tr\/TurkiyeSektorMeclisleri\/Documents\/SektorRaporlari\/Telekominikasyon%20Raporu%20Conv.%202.pdf\" target=\"_blank\">\n\n\t\t\t\t\t\t\t\t\t\t\t\t<span class=\"elementor-icon-list-icon\">\n\t\t\t\t\t\t\t<i aria-hidden=\"true\" class=\"far fa-file-pdf\"><\/i>\t\t\t\t\t\t<\/span>\n\t\t\t\t\t\t\t\t\t\t<span class=\"elementor-icon-list-text\">T\u00dcRK\u0130YE TELEKOM\u00dcN\u0130KASYON SEKT\u00d6R\u00dc RAPORU<\/span>\n\t\t\t\t\t\t\t\t\t\t\t<\/a>\n\t\t\t\t\t\t\t\t\t<\/li>\n\t\t\t\t\t\t\t\t<li class=\"elementor-icon-list-item\">\n\t\t\t\t\t\t\t\t\t\t\t<a href=\"https:\/\/www.tobb.org.tr\/TurkiyeSektorMeclisleri\/Documents\/SektorRaporlari\/sermaye.pdf\" target=\"_blank\">\n\n\t\t\t\t\t\t\t\t\t\t\t\t<span class=\"elementor-icon-list-icon\">\n\t\t\t\t\t\t\t<i aria-hidden=\"true\" class=\"far fa-file-pdf\"><\/i>\t\t\t\t\t\t<\/span>\n\t\t\t\t\t\t\t\t\t\t<span class=\"elementor-icon-list-text\">T\u00dcRK\u0130YE SERMAYE P\u0130YASASI SEKTOR\u00dc RAPORU<\/span>\n\t\t\t\t\t\t\t\t\t\t\t<\/a>\n\t\t\t\t\t\t\t\t\t<\/li>\n\t\t\t\t\t\t\t\t<li class=\"elementor-icon-list-item\">\n\t\t\t\t\t\t\t\t\t\t\t<a href=\"https:\/\/www.tobb.org.tr\/TurkiyeSektorMeclisleri\/Documents\/SektorRaporlari\/kozmetik.html\" target=\"_blank\">\n\n\t\t\t\t\t\t\t\t\t\t\t\t<span class=\"elementor-icon-list-icon\">\n\t\t\t\t\t\t\t<i aria-hidden=\"true\" class=\"far fa-file-pdf\"><\/i>\t\t\t\t\t\t<\/span>\n\t\t\t\t\t\t\t\t\t\t<span class=\"elementor-icon-list-text\">T\u00dcRK\u0130YE KOZMET\u0130K VE TEM\u0130ZL\u0130K \u00dcR\u00dcNLER\u0130 SANAY\u0130 SEKT\u00d6R RAPORU<\/span>\n\t\t\t\t\t\t\t\t\t\t\t<\/a>\n\t\t\t\t\t\t\t\t\t<\/li>\n\t\t\t\t\t\t\t\t<li class=\"elementor-icon-list-item\">\n\t\t\t\t\t\t\t\t\t\t\t<a href=\"https:\/\/www.tobb.org.tr\/TurkiyeSektorMeclisleri\/Documents\/SektorRaporlari\/TOBB_%c4%b0KL%c4%b0MLEND%c4%b0RME%20MECL%c4%b0S%20RAPORU_2007-ARALIK2009.html\" target=\"_blank\">\n\n\t\t\t\t\t\t\t\t\t\t\t\t<span class=\"elementor-icon-list-icon\">\n\t\t\t\t\t\t\t<i aria-hidden=\"true\" class=\"far fa-file-pdf\"><\/i>\t\t\t\t\t\t<\/span>\n\t\t\t\t\t\t\t\t\t\t<span class=\"elementor-icon-list-text\">T\u00dcRK\u0130YE \u0130KL\u0130MLEND\u0130RME SEKT\u00d6R\u00dc RAPORU<\/span>\n\t\t\t\t\t\t\t\t\t\t\t<\/a>\n\t\t\t\t\t\t\t\t\t<\/li>\n\t\t\t\t\t\t\t\t<li class=\"elementor-icon-list-item\">\n\t\t\t\t\t\t\t\t\t\t\t<a href=\"https:\/\/www.tobb.org.tr\/TurkiyeSektorMeclisleri\/Documents\/SektorRaporlari\/madencilik.html\" target=\"_blank\">\n\n\t\t\t\t\t\t\t\t\t\t\t\t<span class=\"elementor-icon-list-icon\">\n\t\t\t\t\t\t\t<i aria-hidden=\"true\" class=\"far fa-file-pdf\"><\/i>\t\t\t\t\t\t<\/span>\n\t\t\t\t\t\t\t\t\t\t<span class=\"elementor-icon-list-text\">T\u00dcRK\u0130YE MADENC\u0130L\u0130K SEKT\u00d6R\u00dc RAPORU<\/span>\n\t\t\t\t\t\t\t\t\t\t\t<\/a>\n\t\t\t\t\t\t\t\t\t<\/li>\n\t\t\t\t\t\t<\/ul>\n\t\t\t\t<\/div>\n\t\t\t\t<\/div>\n\t\t\t\t\t<\/div>\n\t\t<\/div>\n\t\t\t\t\t\t\t<\/div>\n\t\t<\/section>\n\t\t\t\t\t\t\t<\/div>\n\t\t","protected":false},"excerpt":{"rendered":"<p>T\u00dcRK\u0130YE SAVUNMA SANAY\u0130 SEKT\u00d6R RAPORU T\u00dcRK\u0130YE DEM\u0130R VE DEM\u0130R DI\u015eI METALLER MECL\u0130S\u0130 SEKT\u00d6R RAPORU T\u00dcRK\u0130YE PATENT VE MARKA VEK\u0130LLER\u0130 SEKT\u00d6R RAPORU T\u00dcRK\u0130YE MED\u0130KAL SEKT\u00d6R\u00dc RAPORU T\u00dcRK\u0130YE TELEKOM\u00dcN\u0130KASYON SEKT\u00d6R\u00dc RAPORU T\u00dcRK\u0130YE SERMAYE P\u0130YASASI SEKTOR\u00dc RAPORU T\u00dcRK\u0130YE&#8230;<\/p>\n","protected":false},"author":1,"featured_media":0,"parent":0,"menu_order":0,"comment_status":"closed","ping_status":"closed","template":"","meta":{"footnotes":""},"class_list":["post-1896","page","type-page","status-publish"],"amp_enabled":true,"_links":{"self":[{"href":"https:\/\/ramazaninan.com.tr\/osto\/wp-json\/wp\/v2\/pages\/1896","targetHints":{"allow":["GET"]}}],"collection":[{"href":"https:\/\/ramazaninan.com.tr\/osto\/wp-json\/wp\/v2\/pages"}],"about":[{"href":"https:\/\/ramazaninan.com.tr\/osto\/wp-json\/wp\/v2\/types\/page"}],"author":[{"embeddable":true,"href":"https:\/\/ramazaninan.com.tr\/osto\/wp-json\/wp\/v2\/users\/1"}],"replies":[{"embeddable":true,"href":"https:\/\/ramazaninan.com.tr\/osto\/wp-json\/wp\/v2\/comments?post=1896"}],"version-history":[{"count":10,"href":"https:\/\/ramazaninan.com.tr\/osto\/wp-json\/wp\/v2\/pages\/1896\/revisions"}],"predecessor-version":[{"id":4343,"href":"https:\/\/ramazaninan.com.tr\/osto\/wp-json\/wp\/v2\/pages\/1896\/revisions\/4343"}],"wp:attachment":[{"href":"https:\/\/ramazaninan.com.tr\/osto\/wp-json\/wp\/v2\/media?parent=1896"}],"curies":[{"name":"wp","href":"https:\/\/api.w.org\/{rel}","templated":true}]}}