{"id":1900,"date":"2021-12-01T20:29:51","date_gmt":"2021-12-01T17:29:51","guid":{"rendered":"https:\/\/ramazaninan.com.tr\/osto\/?page_id=1900"},"modified":"2022-03-25T17:01:53","modified_gmt":"2022-03-25T14:01:53","slug":"tobb-ekonomi-bulteni","status":"publish","type":"page","link":"https:\/\/ramazaninan.com.tr\/osto\/tobb-ekonomi-bulteni\/","title":{"rendered":"TOBB EKONOM\u0130 B\u00dcLTEN\u0130"},"content":{"rendered":"\t\t<div data-elementor-type=\"wp-page\" data-elementor-id=\"1900\" class=\"elementor elementor-1900\">\n\t\t\t\t\t\t\t\t\t<section class=\"elementor-section elementor-top-section elementor-element elementor-element-70588387 elementor-section-boxed elementor-section-height-default elementor-section-height-default\" data-id=\"70588387\" data-element_type=\"section\">\n\t\t\t\t\t\t<div class=\"elementor-container elementor-column-gap-default\">\n\t\t\t\t\t<div class=\"elementor-column elementor-col-33 elementor-top-column elementor-element elementor-element-4401145b\" data-id=\"4401145b\" data-element_type=\"column\">\n\t\t\t<div class=\"elementor-widget-wrap elementor-element-populated\">\n\t\t\t\t\t\t\t\t<div class=\"elementor-element elementor-element-66eafa8 elementor-widget elementor-widget-sidebar\" data-id=\"66eafa8\" data-element_type=\"widget\" data-widget_type=\"sidebar.default\">\n\t\t\t\t<div class=\"elementor-widget-container\">\n\t\t\t<div id=\"nav_menu-10\"><div class=\"menu-otso-bilgi-bankasi-menu-container\"><ul id=\"menu-otso-bilgi-bankasi-menu\" class=\"menu\"><li id=\"menu-item-4265\" class=\"menu-item menu-item-type-custom menu-item-object-custom menu-item-4265\"><a target=\"_blank\" href=\"https:\/\/www.ticaret.gov.tr\/yurtdisi-teskilati\">\u00dcLKE RAPORLARI<\/a><\/li>\n<li id=\"menu-item-4240\" class=\"menu-item menu-item-type-post_type menu-item-object-page menu-item-4240\"><a href=\"https:\/\/ramazaninan.com.tr\/osto\/sektor-raporlari\/\">SEKT\u00d6R RAPORLARI<\/a><\/li>\n<li id=\"menu-item-4241\" class=\"menu-item menu-item-type-post_type menu-item-object-page menu-item-4241\"><a href=\"https:\/\/ramazaninan.com.tr\/osto\/tobb-sektor-raporlari\/\">TOBB SEKT\u00d6R RAPORLARI<\/a><\/li>\n<li id=\"menu-item-4242\" class=\"menu-item menu-item-type-post_type menu-item-object-page menu-item-4242\"><a href=\"https:\/\/ramazaninan.com.tr\/osto\/sektorel-dis-ticaret-raporlari\/\">SEKT\u00d6REL DI\u015e T\u0130CARET RAPORLARI<\/a><\/li>\n<li id=\"menu-item-4237\" class=\"menu-item menu-item-type-post_type menu-item-object-page menu-item-4237\"><a href=\"https:\/\/ramazaninan.com.tr\/osto\/tobb-ekonomi-bulteni\/\">TOBB EKONOM\u0130 B\u00dcLTEN\u0130<\/a><\/li>\n<li id=\"menu-item-4250\" class=\"menu-item menu-item-type-post_type menu-item-object-page menu-item-4250\"><a href=\"https:\/\/ramazaninan.com.tr\/osto\/osmaniye-il-sanayi-durum-raporlari\/\">OSMAN\u0130YE \u0130L SANAY\u0130 DURUM RAPORLARI<\/a><\/li>\n<li id=\"menu-item-4238\" class=\"menu-item menu-item-type-post_type menu-item-object-page menu-item-4238\"><a href=\"https:\/\/ramazaninan.com.tr\/osto\/osmaniye-ekonomik-gorunum-raporlari\/\">OSMAN\u0130YE EKONOM\u0130K G\u00d6R\u00dcN\u00dcM RAPORLARI<\/a><\/li>\n<\/ul><\/div><\/div>\t\t<\/div>\n\t\t\t\t<\/div>\n\t\t\t\t\t<\/div>\n\t\t<\/div>\n\t\t\t\t<div class=\"elementor-column elementor-col-66 elementor-top-column elementor-element elementor-element-5cea87c5\" data-id=\"5cea87c5\" data-element_type=\"column\">\n\t\t\t<div class=\"elementor-widget-wrap elementor-element-populated\">\n\t\t\t\t\t\t\t\t<div class=\"elementor-element elementor-element-992776b elementor-align-left elementor-icon-list--layout-traditional elementor-list-item-link-full_width elementor-widget elementor-widget-icon-list\" data-id=\"992776b\" data-element_type=\"widget\" data-widget_type=\"icon-list.default\">\n\t\t\t\t<div class=\"elementor-widget-container\">\n\t\t\t<link rel=\"stylesheet\" href=\"https:\/\/ramazaninan.com.tr\/osto\/wp-content\/plugins\/elementor\/assets\/css\/widget-icon-list.min.css\">\t\t<ul class=\"elementor-icon-list-items\">\n\t\t\t\t\t\t\t<li class=\"elementor-icon-list-item\">\n\t\t\t\t\t\t\t\t\t\t\t<a href=\"https:\/\/www.tobb.org.tr\/ekonomibulteni\/Docs\/2022\/01.pdf\" target=\"_blank\">\n\n\t\t\t\t\t\t\t\t\t\t\t\t<span class=\"elementor-icon-list-icon\">\n\t\t\t\t\t\t\t<i aria-hidden=\"true\" class=\"far fa-file-pdf\"><\/i>\t\t\t\t\t\t<\/span>\n\t\t\t\t\t\t\t\t\t\t<span class=\"elementor-icon-list-text\">TOBB Ekonomi B\u00fclteni Say\u0131 2022-1.Hafta<\/span>\n\t\t\t\t\t\t\t\t\t\t\t<\/a>\n\t\t\t\t\t\t\t\t\t<\/li>\n\t\t\t\t\t\t\t\t<li class=\"elementor-icon-list-item\">\n\t\t\t\t\t\t\t\t\t\t\t<a href=\"https:\/\/www.tobb.org.tr\/ekonomibulteni\/Docs\/2022\/02.pdf\" target=\"_blank\">\n\n\t\t\t\t\t\t\t\t\t\t\t\t<span class=\"elementor-icon-list-icon\">\n\t\t\t\t\t\t\t<i aria-hidden=\"true\" class=\"far fa-file-pdf\"><\/i>\t\t\t\t\t\t<\/span>\n\t\t\t\t\t\t\t\t\t\t<span class=\"elementor-icon-list-text\">TOBB Ekonomi B\u00fclteni Say\u0131 2022-2.Hafta<\/span>\n\t\t\t\t\t\t\t\t\t\t\t<\/a>\n\t\t\t\t\t\t\t\t\t<\/li>\n\t\t\t\t\t\t\t\t<li class=\"elementor-icon-list-item\">\n\t\t\t\t\t\t\t\t\t\t\t<a href=\"https:\/\/www.tobb.org.tr\/ekonomibulteni\/Docs\/2022\/03.pdf\" target=\"_blank\">\n\n\t\t\t\t\t\t\t\t\t\t\t\t<span class=\"elementor-icon-list-icon\">\n\t\t\t\t\t\t\t<i aria-hidden=\"true\" class=\"far fa-file-pdf\"><\/i>\t\t\t\t\t\t<\/span>\n\t\t\t\t\t\t\t\t\t\t<span class=\"elementor-icon-list-text\">TOBB Ekonomi B\u00fclteni Say\u0131 2022-3.Hafta<\/span>\n\t\t\t\t\t\t\t\t\t\t\t<\/a>\n\t\t\t\t\t\t\t\t\t<\/li>\n\t\t\t\t\t\t\t\t<li class=\"elementor-icon-list-item\">\n\t\t\t\t\t\t\t\t\t\t\t<a href=\"https:\/\/www.tobb.org.tr\/ekonomibulteni\/Docs\/2022\/04.pdf\" target=\"_blank\">\n\n\t\t\t\t\t\t\t\t\t\t\t\t<span class=\"elementor-icon-list-icon\">\n\t\t\t\t\t\t\t<i aria-hidden=\"true\" class=\"far fa-file-pdf\"><\/i>\t\t\t\t\t\t<\/span>\n\t\t\t\t\t\t\t\t\t\t<span class=\"elementor-icon-list-text\">TOBB Ekonomi B\u00fclteni Say\u0131 2022-4.Hafta<\/span>\n\t\t\t\t\t\t\t\t\t\t\t<\/a>\n\t\t\t\t\t\t\t\t\t<\/li>\n\t\t\t\t\t\t\t\t<li class=\"elementor-icon-list-item\">\n\t\t\t\t\t\t\t\t\t\t\t<a href=\"https:\/\/www.tobb.org.tr\/ekonomibulteni\/Docs\/2022\/05.pdf\" target=\"_blank\">\n\n\t\t\t\t\t\t\t\t\t\t\t\t<span class=\"elementor-icon-list-icon\">\n\t\t\t\t\t\t\t<i aria-hidden=\"true\" class=\"far fa-file-pdf\"><\/i>\t\t\t\t\t\t<\/span>\n\t\t\t\t\t\t\t\t\t\t<span class=\"elementor-icon-list-text\">TOBB Ekonomi B\u00fclteni Say\u0131 2022-5.Hafta<\/span>\n\t\t\t\t\t\t\t\t\t\t\t<\/a>\n\t\t\t\t\t\t\t\t\t<\/li>\n\t\t\t\t\t\t\t\t<li class=\"elementor-icon-list-item\">\n\t\t\t\t\t\t\t\t\t\t\t<a href=\"https:\/\/www.tobb.org.tr\/ekonomibulteni\/Docs\/2022\/06.pdf\" target=\"_blank\">\n\n\t\t\t\t\t\t\t\t\t\t\t\t<span class=\"elementor-icon-list-icon\">\n\t\t\t\t\t\t\t<i aria-hidden=\"true\" class=\"far fa-file-pdf\"><\/i>\t\t\t\t\t\t<\/span>\n\t\t\t\t\t\t\t\t\t\t<span class=\"elementor-icon-list-text\">TOBB Ekonomi B\u00fclteni Say\u0131 2022-6.Hafta<\/span>\n\t\t\t\t\t\t\t\t\t\t\t<\/a>\n\t\t\t\t\t\t\t\t\t<\/li>\n\t\t\t\t\t\t\t\t<li class=\"elementor-icon-list-item\">\n\t\t\t\t\t\t\t\t\t\t\t<a href=\"https:\/\/www.tobb.org.tr\/ekonomibulteni\/Docs\/2022\/07.pdf\" target=\"_blank\">\n\n\t\t\t\t\t\t\t\t\t\t\t\t<span class=\"elementor-icon-list-icon\">\n\t\t\t\t\t\t\t<i aria-hidden=\"true\" class=\"far fa-file-pdf\"><\/i>\t\t\t\t\t\t<\/span>\n\t\t\t\t\t\t\t\t\t\t<span class=\"elementor-icon-list-text\">TOBB Ekonomi B\u00fclteni Say\u0131 2022-7.Hafta<\/span>\n\t\t\t\t\t\t\t\t\t\t\t<\/a>\n\t\t\t\t\t\t\t\t\t<\/li>\n\t\t\t\t\t\t\t\t<li class=\"elementor-icon-list-item\">\n\t\t\t\t\t\t\t\t\t\t\t<a href=\"https:\/\/www.tobb.org.tr\/ekonomibulteni\/Docs\/2022\/08.pdf\" target=\"_blank\">\n\n\t\t\t\t\t\t\t\t\t\t\t\t<span class=\"elementor-icon-list-icon\">\n\t\t\t\t\t\t\t<i aria-hidden=\"true\" class=\"far fa-file-pdf\"><\/i>\t\t\t\t\t\t<\/span>\n\t\t\t\t\t\t\t\t\t\t<span class=\"elementor-icon-list-text\">TOBB Ekonomi B\u00fclteni Say\u0131 2022-8.Hafta<\/span>\n\t\t\t\t\t\t\t\t\t\t\t<\/a>\n\t\t\t\t\t\t\t\t\t<\/li>\n\t\t\t\t\t\t\t\t<li class=\"elementor-icon-list-item\">\n\t\t\t\t\t\t\t\t\t\t\t<a href=\"https:\/\/www.tobb.org.tr\/ekonomibulteni\/Docs\/2022\/09.pdf\" target=\"_blank\">\n\n\t\t\t\t\t\t\t\t\t\t\t\t<span class=\"elementor-icon-list-icon\">\n\t\t\t\t\t\t\t<i aria-hidden=\"true\" class=\"far fa-file-pdf\"><\/i>\t\t\t\t\t\t<\/span>\n\t\t\t\t\t\t\t\t\t\t<span class=\"elementor-icon-list-text\">TOBB Ekonomi B\u00fclteni Say\u0131 2022-9.Hafta<\/span>\n\t\t\t\t\t\t\t\t\t\t\t<\/a>\n\t\t\t\t\t\t\t\t\t<\/li>\n\t\t\t\t\t\t\t\t<li class=\"elementor-icon-list-item\">\n\t\t\t\t\t\t\t\t\t\t\t<a href=\"https:\/\/www.tobb.org.tr\/ekonomibulteni\/Docs\/2022\/10.pdf\" target=\"_blank\">\n\n\t\t\t\t\t\t\t\t\t\t\t\t<span class=\"elementor-icon-list-icon\">\n\t\t\t\t\t\t\t<i aria-hidden=\"true\" class=\"far fa-file-pdf\"><\/i>\t\t\t\t\t\t<\/span>\n\t\t\t\t\t\t\t\t\t\t<span class=\"elementor-icon-list-text\">TOBB Ekonomi B\u00fclteni Say\u0131 2022-10.Hafta<\/span>\n\t\t\t\t\t\t\t\t\t\t\t<\/a>\n\t\t\t\t\t\t\t\t\t<\/li>\n\t\t\t\t\t\t\t\t<li class=\"elementor-icon-list-item\">\n\t\t\t\t\t\t\t\t\t\t\t<a href=\"https:\/\/www.tobb.org.tr\/ekonomibulteni\/Docs\/2022\/11.pdf\" target=\"_blank\">\n\n\t\t\t\t\t\t\t\t\t\t\t\t<span class=\"elementor-icon-list-icon\">\n\t\t\t\t\t\t\t<i aria-hidden=\"true\" class=\"far fa-file-pdf\"><\/i>\t\t\t\t\t\t<\/span>\n\t\t\t\t\t\t\t\t\t\t<span class=\"elementor-icon-list-text\">TOBB Ekonomi B\u00fclteni Say\u0131 2022-11.Hafta<\/span>\n\t\t\t\t\t\t\t\t\t\t\t<\/a>\n\t\t\t\t\t\t\t\t\t<\/li>\n\t\t\t\t\t\t<\/ul>\n\t\t\t\t<\/div>\n\t\t\t\t<\/div>\n\t\t\t\t\t<\/div>\n\t\t<\/div>\n\t\t\t\t\t\t\t<\/div>\n\t\t<\/section>\n\t\t\t\t\t\t\t<\/div>\n\t\t","protected":false},"excerpt":{"rendered":"<p>TOBB Ekonomi B\u00fclteni Say\u0131 2022-1.Hafta TOBB Ekonomi B\u00fclteni Say\u0131 2022-2.Hafta TOBB Ekonomi B\u00fclteni Say\u0131 2022-3.Hafta TOBB Ekonomi B\u00fclteni Say\u0131 2022-4.Hafta TOBB Ekonomi B\u00fclteni Say\u0131 2022-5.Hafta TOBB Ekonomi B\u00fclteni Say\u0131 2022-6.Hafta TOBB Ekonomi B\u00fclteni Say\u0131 2022-7.Hafta&#8230;<\/p>\n","protected":false},"author":1,"featured_media":0,"parent":0,"menu_order":0,"comment_status":"closed","ping_status":"closed","template":"","meta":{"footnotes":""},"class_list":["post-1900","page","type-page","status-publish"],"amp_enabled":true,"_links":{"self":[{"href":"https:\/\/ramazaninan.com.tr\/osto\/wp-json\/wp\/v2\/pages\/1900","targetHints":{"allow":["GET"]}}],"collection":[{"href":"https:\/\/ramazaninan.com.tr\/osto\/wp-json\/wp\/v2\/pages"}],"about":[{"href":"https:\/\/ramazaninan.com.tr\/osto\/wp-json\/wp\/v2\/types\/page"}],"author":[{"embeddable":true,"href":"https:\/\/ramazaninan.com.tr\/osto\/wp-json\/wp\/v2\/users\/1"}],"replies":[{"embeddable":true,"href":"https:\/\/ramazaninan.com.tr\/osto\/wp-json\/wp\/v2\/comments?post=1900"}],"version-history":[{"count":22,"href":"https:\/\/ramazaninan.com.tr\/osto\/wp-json\/wp\/v2\/pages\/1900\/revisions"}],"predecessor-version":[{"id":4539,"href":"https:\/\/ramazaninan.com.tr\/osto\/wp-json\/wp\/v2\/pages\/1900\/revisions\/4539"}],"wp:attachment":[{"href":"https:\/\/ramazaninan.com.tr\/osto\/wp-json\/wp\/v2\/media?parent=1900"}],"curies":[{"name":"wp","href":"https:\/\/api.w.org\/{rel}","templated":true}]}}