{"id":1902,"date":"2021-12-01T20:30:05","date_gmt":"2021-12-01T17:30:05","guid":{"rendered":"https:\/\/ramazaninan.com.tr\/osto\/?page_id=1902"},"modified":"2022-03-13T19:56:24","modified_gmt":"2022-03-13T16:56:24","slug":"osmaniye-il-sanayi-durum-raporlari","status":"publish","type":"page","link":"https:\/\/ramazaninan.com.tr\/osto\/osmaniye-il-sanayi-durum-raporlari\/","title":{"rendered":"OSMAN\u0130YE \u0130L SANAY\u0130 DURUM RAPORLARI"},"content":{"rendered":"\t\t<div data-elementor-type=\"wp-page\" data-elementor-id=\"1902\" class=\"elementor elementor-1902\">\n\t\t\t\t\t\t\t\t\t<section class=\"elementor-section elementor-top-section elementor-element elementor-element-3b5a769f elementor-section-boxed elementor-section-height-default elementor-section-height-default\" data-id=\"3b5a769f\" data-element_type=\"section\">\n\t\t\t\t\t\t<div class=\"elementor-container elementor-column-gap-default\">\n\t\t\t\t\t<div class=\"elementor-column elementor-col-33 elementor-top-column elementor-element elementor-element-7db783de\" data-id=\"7db783de\" data-element_type=\"column\">\n\t\t\t<div class=\"elementor-widget-wrap elementor-element-populated\">\n\t\t\t\t\t\t\t\t<div class=\"elementor-element elementor-element-678a1395 elementor-widget elementor-widget-sidebar\" data-id=\"678a1395\" data-element_type=\"widget\" data-widget_type=\"sidebar.default\">\n\t\t\t\t<div class=\"elementor-widget-container\">\n\t\t\t<div id=\"nav_menu-10\"><div class=\"menu-otso-bilgi-bankasi-menu-container\"><ul id=\"menu-otso-bilgi-bankasi-menu\" class=\"menu\"><li id=\"menu-item-4265\" class=\"menu-item menu-item-type-custom menu-item-object-custom menu-item-4265\"><a target=\"_blank\" href=\"https:\/\/www.ticaret.gov.tr\/yurtdisi-teskilati\">\u00dcLKE RAPORLARI<\/a><\/li>\n<li id=\"menu-item-4240\" class=\"menu-item menu-item-type-post_type menu-item-object-page menu-item-4240\"><a href=\"https:\/\/ramazaninan.com.tr\/osto\/sektor-raporlari\/\">SEKT\u00d6R RAPORLARI<\/a><\/li>\n<li id=\"menu-item-4241\" class=\"menu-item menu-item-type-post_type menu-item-object-page menu-item-4241\"><a href=\"https:\/\/ramazaninan.com.tr\/osto\/tobb-sektor-raporlari\/\">TOBB SEKT\u00d6R RAPORLARI<\/a><\/li>\n<li id=\"menu-item-4242\" class=\"menu-item menu-item-type-post_type menu-item-object-page menu-item-4242\"><a href=\"https:\/\/ramazaninan.com.tr\/osto\/sektorel-dis-ticaret-raporlari\/\">SEKT\u00d6REL DI\u015e T\u0130CARET RAPORLARI<\/a><\/li>\n<li id=\"menu-item-4237\" class=\"menu-item menu-item-type-post_type menu-item-object-page menu-item-4237\"><a href=\"https:\/\/ramazaninan.com.tr\/osto\/tobb-ekonomi-bulteni\/\">TOBB EKONOM\u0130 B\u00dcLTEN\u0130<\/a><\/li>\n<li id=\"menu-item-4250\" class=\"menu-item menu-item-type-post_type menu-item-object-page menu-item-4250\"><a href=\"https:\/\/ramazaninan.com.tr\/osto\/osmaniye-il-sanayi-durum-raporlari\/\">OSMAN\u0130YE \u0130L SANAY\u0130 DURUM RAPORLARI<\/a><\/li>\n<li id=\"menu-item-4238\" class=\"menu-item menu-item-type-post_type menu-item-object-page menu-item-4238\"><a href=\"https:\/\/ramazaninan.com.tr\/osto\/osmaniye-ekonomik-gorunum-raporlari\/\">OSMAN\u0130YE EKONOM\u0130K G\u00d6R\u00dcN\u00dcM RAPORLARI<\/a><\/li>\n<\/ul><\/div><\/div>\t\t<\/div>\n\t\t\t\t<\/div>\n\t\t\t\t\t<\/div>\n\t\t<\/div>\n\t\t\t\t<div class=\"elementor-column elementor-col-66 elementor-top-column elementor-element elementor-element-289a8b53\" data-id=\"289a8b53\" data-element_type=\"column\">\n\t\t\t<div class=\"elementor-widget-wrap elementor-element-populated\">\n\t\t\t\t\t\t\t\t<div class=\"elementor-element elementor-element-67b9dd3f elementor-align-left elementor-icon-list--layout-traditional elementor-list-item-link-full_width elementor-widget elementor-widget-icon-list\" data-id=\"67b9dd3f\" data-element_type=\"widget\" data-widget_type=\"icon-list.default\">\n\t\t\t\t<div class=\"elementor-widget-container\">\n\t\t\t<link rel=\"stylesheet\" href=\"https:\/\/ramazaninan.com.tr\/osto\/wp-content\/plugins\/elementor\/assets\/css\/widget-icon-list.min.css\">\t\t<ul class=\"elementor-icon-list-items\">\n\t\t\t\t\t\t\t<li class=\"elementor-icon-list-item\">\n\t\t\t\t\t\t\t\t\t\t\t<a href=\"https:\/\/ramazaninan.com.tr\/osto\/80_OSMANIYE_ISDR_2019.pdf\" target=\"_blank\">\n\n\t\t\t\t\t\t\t\t\t\t\t\t<span class=\"elementor-icon-list-icon\">\n\t\t\t\t\t\t\t<i aria-hidden=\"true\" class=\"far fa-file-pdf\"><\/i>\t\t\t\t\t\t<\/span>\n\t\t\t\t\t\t\t\t\t\t<span class=\"elementor-icon-list-text\">2019\/OSMAN\u0130YE EKONOM\u0130K G\u00d6R\u00dcN\u00dcM RAPORLARI<\/span>\n\t\t\t\t\t\t\t\t\t\t\t<\/a>\n\t\t\t\t\t\t\t\t\t<\/li>\n\t\t\t\t\t\t\t\t<li class=\"elementor-icon-list-item\">\n\t\t\t\t\t\t\t\t\t\t\t<a href=\"https:\/\/ramazaninan.com.tr\/osto\/80_OSMANIYE_ISDR_2018.pdf\" target=\"_blank\">\n\n\t\t\t\t\t\t\t\t\t\t\t\t<span class=\"elementor-icon-list-icon\">\n\t\t\t\t\t\t\t<i aria-hidden=\"true\" class=\"far fa-file-pdf\"><\/i>\t\t\t\t\t\t<\/span>\n\t\t\t\t\t\t\t\t\t\t<span class=\"elementor-icon-list-text\">2018\/OSMAN\u0130YE EKONOM\u0130K G\u00d6R\u00dcN\u00dcM RAPORLARI<\/span>\n\t\t\t\t\t\t\t\t\t\t\t<\/a>\n\t\t\t\t\t\t\t\t\t<\/li>\n\t\t\t\t\t\t\t\t<li class=\"elementor-icon-list-item\">\n\t\t\t\t\t\t\t\t\t\t\t<a href=\"https:\/\/ramazaninan.com.tr\/osto\/80_OSMANIYE_ISDR_2017.pdf\" target=\"_blank\">\n\n\t\t\t\t\t\t\t\t\t\t\t\t<span class=\"elementor-icon-list-icon\">\n\t\t\t\t\t\t\t<i aria-hidden=\"true\" class=\"far fa-file-pdf\"><\/i>\t\t\t\t\t\t<\/span>\n\t\t\t\t\t\t\t\t\t\t<span class=\"elementor-icon-list-text\">2017\/OSMAN\u0130YE EKONOM\u0130K G\u00d6R\u00dcN\u00dcM RAPORLARI<\/span>\n\t\t\t\t\t\t\t\t\t\t\t<\/a>\n\t\t\t\t\t\t\t\t\t<\/li>\n\t\t\t\t\t\t<\/ul>\n\t\t\t\t<\/div>\n\t\t\t\t<\/div>\n\t\t\t\t\t<\/div>\n\t\t<\/div>\n\t\t\t\t\t\t\t<\/div>\n\t\t<\/section>\n\t\t\t\t\t\t\t<\/div>\n\t\t","protected":false},"excerpt":{"rendered":"<p>2019\/OSMAN\u0130YE EKONOM\u0130K G\u00d6R\u00dcN\u00dcM RAPORLARI 2018\/OSMAN\u0130YE EKONOM\u0130K G\u00d6R\u00dcN\u00dcM RAPORLARI 2017\/OSMAN\u0130YE EKONOM\u0130K G\u00d6R\u00dcN\u00dcM RAPORLARI<\/p>\n","protected":false},"author":1,"featured_media":0,"parent":0,"menu_order":0,"comment_status":"closed","ping_status":"closed","template":"","meta":{"footnotes":""},"class_list":["post-1902","page","type-page","status-publish"],"amp_enabled":true,"_links":{"self":[{"href":"https:\/\/ramazaninan.com.tr\/osto\/wp-json\/wp\/v2\/pages\/1902","targetHints":{"allow":["GET"]}}],"collection":[{"href":"https:\/\/ramazaninan.com.tr\/osto\/wp-json\/wp\/v2\/pages"}],"about":[{"href":"https:\/\/ramazaninan.com.tr\/osto\/wp-json\/wp\/v2\/types\/page"}],"author":[{"embeddable":true,"href":"https:\/\/ramazaninan.com.tr\/osto\/wp-json\/wp\/v2\/users\/1"}],"replies":[{"embeddable":true,"href":"https:\/\/ramazaninan.com.tr\/osto\/wp-json\/wp\/v2\/comments?post=1902"}],"version-history":[{"count":7,"href":"https:\/\/ramazaninan.com.tr\/osto\/wp-json\/wp\/v2\/pages\/1902\/revisions"}],"predecessor-version":[{"id":4281,"href":"https:\/\/ramazaninan.com.tr\/osto\/wp-json\/wp\/v2\/pages\/1902\/revisions\/4281"}],"wp:attachment":[{"href":"https:\/\/ramazaninan.com.tr\/osto\/wp-json\/wp\/v2\/media?parent=1902"}],"curies":[{"name":"wp","href":"https:\/\/api.w.org\/{rel}","templated":true}]}}