{"id":1904,"date":"2021-12-01T20:30:16","date_gmt":"2021-12-01T17:30:16","guid":{"rendered":"https:\/\/ramazaninan.com.tr\/osto\/?page_id=1904"},"modified":"2022-03-13T20:00:54","modified_gmt":"2022-03-13T17:00:54","slug":"osmaniye-ekonomik-gorunum-raporlari","status":"publish","type":"page","link":"https:\/\/ramazaninan.com.tr\/osto\/osmaniye-ekonomik-gorunum-raporlari\/","title":{"rendered":"OSMAN\u0130YE EKONOM\u0130K G\u00d6R\u00dcN\u00dcM RAPORLARI"},"content":{"rendered":"\t\t<div data-elementor-type=\"wp-page\" data-elementor-id=\"1904\" class=\"elementor elementor-1904\">\n\t\t\t\t\t\t\t\t\t<section class=\"elementor-section elementor-top-section elementor-element elementor-element-4729214f elementor-section-boxed elementor-section-height-default elementor-section-height-default\" data-id=\"4729214f\" data-element_type=\"section\">\n\t\t\t\t\t\t<div class=\"elementor-container elementor-column-gap-default\">\n\t\t\t\t\t<div class=\"elementor-column elementor-col-33 elementor-top-column elementor-element elementor-element-53f6bfe3\" data-id=\"53f6bfe3\" data-element_type=\"column\">\n\t\t\t<div class=\"elementor-widget-wrap elementor-element-populated\">\n\t\t\t\t\t\t\t\t<div class=\"elementor-element elementor-element-7ef8152b elementor-widget elementor-widget-sidebar\" data-id=\"7ef8152b\" data-element_type=\"widget\" data-widget_type=\"sidebar.default\">\n\t\t\t\t<div class=\"elementor-widget-container\">\n\t\t\t<div id=\"nav_menu-10\"><div class=\"menu-otso-bilgi-bankasi-menu-container\"><ul id=\"menu-otso-bilgi-bankasi-menu\" class=\"menu\"><li id=\"menu-item-4265\" class=\"menu-item menu-item-type-custom menu-item-object-custom menu-item-4265\"><a target=\"_blank\" href=\"https:\/\/www.ticaret.gov.tr\/yurtdisi-teskilati\">\u00dcLKE RAPORLARI<\/a><\/li>\n<li id=\"menu-item-4240\" class=\"menu-item menu-item-type-post_type menu-item-object-page menu-item-4240\"><a href=\"https:\/\/ramazaninan.com.tr\/osto\/sektor-raporlari\/\">SEKT\u00d6R RAPORLARI<\/a><\/li>\n<li id=\"menu-item-4241\" class=\"menu-item menu-item-type-post_type menu-item-object-page menu-item-4241\"><a href=\"https:\/\/ramazaninan.com.tr\/osto\/tobb-sektor-raporlari\/\">TOBB SEKT\u00d6R RAPORLARI<\/a><\/li>\n<li id=\"menu-item-4242\" class=\"menu-item menu-item-type-post_type menu-item-object-page menu-item-4242\"><a href=\"https:\/\/ramazaninan.com.tr\/osto\/sektorel-dis-ticaret-raporlari\/\">SEKT\u00d6REL DI\u015e T\u0130CARET RAPORLARI<\/a><\/li>\n<li id=\"menu-item-4237\" class=\"menu-item menu-item-type-post_type menu-item-object-page menu-item-4237\"><a href=\"https:\/\/ramazaninan.com.tr\/osto\/tobb-ekonomi-bulteni\/\">TOBB EKONOM\u0130 B\u00dcLTEN\u0130<\/a><\/li>\n<li id=\"menu-item-4250\" class=\"menu-item menu-item-type-post_type menu-item-object-page menu-item-4250\"><a href=\"https:\/\/ramazaninan.com.tr\/osto\/osmaniye-il-sanayi-durum-raporlari\/\">OSMAN\u0130YE \u0130L SANAY\u0130 DURUM RAPORLARI<\/a><\/li>\n<li id=\"menu-item-4238\" class=\"menu-item menu-item-type-post_type menu-item-object-page menu-item-4238\"><a href=\"https:\/\/ramazaninan.com.tr\/osto\/osmaniye-ekonomik-gorunum-raporlari\/\">OSMAN\u0130YE EKONOM\u0130K G\u00d6R\u00dcN\u00dcM RAPORLARI<\/a><\/li>\n<\/ul><\/div><\/div>\t\t<\/div>\n\t\t\t\t<\/div>\n\t\t\t\t\t<\/div>\n\t\t<\/div>\n\t\t\t\t<div class=\"elementor-column elementor-col-66 elementor-top-column elementor-element elementor-element-346d62dc\" data-id=\"346d62dc\" data-element_type=\"column\">\n\t\t\t<div class=\"elementor-widget-wrap elementor-element-populated\">\n\t\t\t\t\t\t\t\t<div class=\"elementor-element elementor-element-7c37775d elementor-align-left elementor-icon-list--layout-traditional elementor-list-item-link-full_width elementor-widget elementor-widget-icon-list\" data-id=\"7c37775d\" data-element_type=\"widget\" data-widget_type=\"icon-list.default\">\n\t\t\t\t<div class=\"elementor-widget-container\">\n\t\t\t<link rel=\"stylesheet\" href=\"https:\/\/ramazaninan.com.tr\/osto\/wp-content\/plugins\/elementor\/assets\/css\/widget-icon-list.min.css\">\t\t<ul class=\"elementor-icon-list-items\">\n\t\t\t\t\t\t\t<li class=\"elementor-icon-list-item\">\n\t\t\t\t\t\t\t\t\t\t\t<a href=\"https:\/\/ramazaninan.com.tr\/osto\/osmaniye-ekonomik-gorunum-analizi-2021.pdf\" target=\"_blank\">\n\n\t\t\t\t\t\t\t\t\t\t\t\t<span class=\"elementor-icon-list-icon\">\n\t\t\t\t\t\t\t<i aria-hidden=\"true\" class=\"far fa-file-pdf\"><\/i>\t\t\t\t\t\t<\/span>\n\t\t\t\t\t\t\t\t\t\t<span class=\"elementor-icon-list-text\">2021\/OSMAN\u0130YE EKONOM\u0130K G\u00d6R\u00dcN\u00dcM RAPORLARI<\/span>\n\t\t\t\t\t\t\t\t\t\t\t<\/a>\n\t\t\t\t\t\t\t\t\t<\/li>\n\t\t\t\t\t\t\t\t<li class=\"elementor-icon-list-item\">\n\t\t\t\t\t\t\t\t\t\t\t<a href=\"https:\/\/ramazaninan.com.tr\/osto\/osmaniye-ekonomik-gorunum-analizi-2019.pdf\" target=\"_blank\">\n\n\t\t\t\t\t\t\t\t\t\t\t\t<span class=\"elementor-icon-list-icon\">\n\t\t\t\t\t\t\t<i aria-hidden=\"true\" class=\"far fa-file-pdf\"><\/i>\t\t\t\t\t\t<\/span>\n\t\t\t\t\t\t\t\t\t\t<span class=\"elementor-icon-list-text\">2019\/OSMAN\u0130YE EKONOM\u0130K G\u00d6R\u00dcN\u00dcM RAPORLARI<\/span>\n\t\t\t\t\t\t\t\t\t\t\t<\/a>\n\t\t\t\t\t\t\t\t\t<\/li>\n\t\t\t\t\t\t<\/ul>\n\t\t\t\t<\/div>\n\t\t\t\t<\/div>\n\t\t\t\t\t<\/div>\n\t\t<\/div>\n\t\t\t\t\t\t\t<\/div>\n\t\t<\/section>\n\t\t\t\t\t\t\t<\/div>\n\t\t","protected":false},"excerpt":{"rendered":"<p>2021\/OSMAN\u0130YE EKONOM\u0130K G\u00d6R\u00dcN\u00dcM RAPORLARI 2019\/OSMAN\u0130YE EKONOM\u0130K G\u00d6R\u00dcN\u00dcM RAPORLARI<\/p>\n","protected":false},"author":1,"featured_media":0,"parent":0,"menu_order":0,"comment_status":"closed","ping_status":"closed","template":"","meta":{"footnotes":""},"class_list":["post-1904","page","type-page","status-publish"],"amp_enabled":true,"_links":{"self":[{"href":"https:\/\/ramazaninan.com.tr\/osto\/wp-json\/wp\/v2\/pages\/1904","targetHints":{"allow":["GET"]}}],"collection":[{"href":"https:\/\/ramazaninan.com.tr\/osto\/wp-json\/wp\/v2\/pages"}],"about":[{"href":"https:\/\/ramazaninan.com.tr\/osto\/wp-json\/wp\/v2\/types\/page"}],"author":[{"embeddable":true,"href":"https:\/\/ramazaninan.com.tr\/osto\/wp-json\/wp\/v2\/users\/1"}],"replies":[{"embeddable":true,"href":"https:\/\/ramazaninan.com.tr\/osto\/wp-json\/wp\/v2\/comments?post=1904"}],"version-history":[{"count":13,"href":"https:\/\/ramazaninan.com.tr\/osto\/wp-json\/wp\/v2\/pages\/1904\/revisions"}],"predecessor-version":[{"id":4287,"href":"https:\/\/ramazaninan.com.tr\/osto\/wp-json\/wp\/v2\/pages\/1904\/revisions\/4287"}],"wp:attachment":[{"href":"https:\/\/ramazaninan.com.tr\/osto\/wp-json\/wp\/v2\/media?parent=1904"}],"curies":[{"name":"wp","href":"https:\/\/api.w.org\/{rel}","templated":true}]}}