{"id":4171,"date":"2022-03-09T01:30:07","date_gmt":"2022-03-08T22:30:07","guid":{"rendered":"https:\/\/ramazaninan.com.tr\/osto\/?page_id=4171"},"modified":"2022-03-25T15:18:24","modified_gmt":"2022-03-25T12:18:24","slug":"kolay-destek","status":"publish","type":"page","link":"https:\/\/ramazaninan.com.tr\/osto\/kolay-destek\/","title":{"rendered":"Kolay Destek"},"content":{"rendered":"\t\t<div data-elementor-type=\"wp-page\" data-elementor-id=\"4171\" class=\"elementor elementor-4171\">\n\t\t\t\t\t\t\t\t\t<section class=\"elementor-section elementor-top-section elementor-element elementor-element-745760f elementor-section-boxed elementor-section-height-default elementor-section-height-default\" data-id=\"745760f\" data-element_type=\"section\">\n\t\t\t\t\t\t<div class=\"elementor-container elementor-column-gap-default\">\n\t\t\t\t\t<div class=\"elementor-column elementor-col-33 elementor-top-column elementor-element elementor-element-6f2b750\" data-id=\"6f2b750\" data-element_type=\"column\">\n\t\t\t<div class=\"elementor-widget-wrap elementor-element-populated\">\n\t\t\t\t\t\t\t\t<div class=\"elementor-element elementor-element-0e06745 elementor-widget elementor-widget-sidebar\" data-id=\"0e06745\" data-element_type=\"widget\" data-widget_type=\"sidebar.default\">\n\t\t\t\t<div class=\"elementor-widget-container\">\n\t\t\t<div id=\"nav_menu-9\"><div class=\"menu-otso-tesvik-ve-destekler-menu-container\"><ul id=\"menu-otso-tesvik-ve-destekler-menu\" class=\"menu\"><li id=\"menu-item-2743\" class=\"menu-item menu-item-type-post_type menu-item-object-page menu-item-has-children menu-item-2743\"><a href=\"https:\/\/ramazaninan.com.tr\/osto\/ticaret-bakanligi-destekleri\/\">T\u0130CARET BAKANLI\u011eI DESTEKLER\u0130<\/a>\n<ul class=\"sub-menu\">\n\t<li id=\"menu-item-4429\" class=\"menu-item menu-item-type-post_type menu-item-object-page menu-item-4429\"><a href=\"https:\/\/ramazaninan.com.tr\/osto\/kolay-destek\/\">Kolay Destek<\/a><\/li>\n\t<li id=\"menu-item-4430\" class=\"menu-item menu-item-type-post_type menu-item-object-page menu-item-4430\"><a href=\"https:\/\/ramazaninan.com.tr\/osto\/ihracat-destekleri\/\">\u0130hracat Destekleri<\/a><\/li>\n\t<li id=\"menu-item-4433\" class=\"menu-item menu-item-type-post_type menu-item-object-page menu-item-4433\"><a href=\"https:\/\/ramazaninan.com.tr\/osto\/hizmet-sektoru-destekleri\/\">Hizmet Sekt\u00f6r\u00fc Destekleri<\/a><\/li>\n\t<li id=\"menu-item-4428\" class=\"menu-item menu-item-type-post_type menu-item-object-page menu-item-4428\"><a href=\"https:\/\/ramazaninan.com.tr\/osto\/yurt-disi-teknik-musavirlik-hizmetleri-destekleri\/\">Yurt D\u0131\u015f\u0131 Teknik M\u00fc\u015favirlik Hizmetleri Destekleri<\/a><\/li>\n<\/ul>\n<\/li>\n<li id=\"menu-item-2744\" class=\"menu-item menu-item-type-post_type menu-item-object-page menu-item-2744\"><a href=\"https:\/\/ramazaninan.com.tr\/osto\/sanayi-ve-teknoloji-bakanligi-destekleri\/\">SANAY\u0130 ve TEKNOLOJ\u0130 BAKANLI\u011eI DESTEKLER\u0130<\/a><\/li>\n<li id=\"menu-item-4489\" class=\"menu-item menu-item-type-custom menu-item-object-custom menu-item-has-children menu-item-4489\"><a href=\"https:\/\/ramazaninan.com.tr\/osto\/tarim-ve-orman-bakanligi-destekleri\/\">TARIMSAL DESTEKLER<\/a>\n<ul class=\"sub-menu\">\n\t<li id=\"menu-item-4487\" class=\"menu-item menu-item-type-post_type menu-item-object-page menu-item-4487\"><a href=\"https:\/\/ramazaninan.com.tr\/osto\/tarim-ve-orman-bakanligi-destekleri\/\">Tar\u0131m ve Orman Bakanl\u0131\u011f\u0131 Destekleri<\/a><\/li>\n\t<li id=\"menu-item-4488\" class=\"menu-item menu-item-type-custom menu-item-object-custom menu-item-4488\"><a target=\"_blank\" href=\"https:\/\/www.tkdk.gov.tr\/\">TKDK Destekleri<\/a><\/li>\n<\/ul>\n<\/li>\n<li id=\"menu-item-3615\" class=\"menu-item menu-item-type-post_type menu-item-object-page menu-item-3615\"><a href=\"https:\/\/ramazaninan.com.tr\/osto\/kosgeb-destekleri\/\">KOSGEB DESTEKLER\u0130<\/a><\/li>\n<li id=\"menu-item-2746\" class=\"menu-item menu-item-type-post_type menu-item-object-page menu-item-2746\"><a href=\"https:\/\/ramazaninan.com.tr\/osto\/kalkinma-ajansi-destekleri\/\">KALKINMA AJANSI DESTEKLER\u0130<\/a><\/li>\n<li id=\"menu-item-2745\" class=\"menu-item menu-item-type-post_type menu-item-object-page menu-item-2745\"><a href=\"https:\/\/ramazaninan.com.tr\/osto\/tubitak-destekleri\/\">T\u00dcB\u0130TAK DESTEKLER\u0130<\/a><\/li>\n<li id=\"menu-item-2748\" class=\"menu-item menu-item-type-post_type menu-item-object-page menu-item-2748\"><a href=\"https:\/\/ramazaninan.com.tr\/osto\/dis-ticaret-bilgilendirme-egitimleri-takvimi\/\">DI\u015e T\u0130CARET B\u0130LG\u0130LEND\u0130RME E\u011e\u0130T\u0130MLER\u0130 TAKV\u0130M\u0130<\/a><\/li>\n<\/ul><\/div><\/div>\t\t<\/div>\n\t\t\t\t<\/div>\n\t\t\t\t\t<\/div>\n\t\t<\/div>\n\t\t\t\t<div class=\"elementor-column elementor-col-66 elementor-top-column elementor-element elementor-element-2b8eda6\" data-id=\"2b8eda6\" data-element_type=\"column\">\n\t\t\t<div class=\"elementor-widget-wrap elementor-element-populated\">\n\t\t\t\t\t\t\t\t<div class=\"elementor-element elementor-element-221b3a5 elementor-widget elementor-widget-text-editor\" data-id=\"221b3a5\" data-element_type=\"widget\" data-widget_type=\"text-editor.default\">\n\t\t\t\t<div class=\"elementor-widget-container\">\n\t\t\t<style>\/*! elementor - v3.6.2 - 04-04-2022 *\/\n.elementor-widget-text-editor.elementor-drop-cap-view-stacked .elementor-drop-cap{background-color:#818a91;color:#fff}.elementor-widget-text-editor.elementor-drop-cap-view-framed .elementor-drop-cap{color:#818a91;border:3px solid;background-color:transparent}.elementor-widget-text-editor:not(.elementor-drop-cap-view-default) .elementor-drop-cap{margin-top:8px}.elementor-widget-text-editor:not(.elementor-drop-cap-view-default) .elementor-drop-cap-letter{width:1em;height:1em}.elementor-widget-text-editor .elementor-drop-cap{float:left;text-align:center;line-height:1;font-size:50px}.elementor-widget-text-editor .elementor-drop-cap-letter{display:inline-block}<\/style>\t\t\t\t<p><b>Yurt D\u0131\u015f\u0131na Gidip M\u00fc\u015fteri Bulmak \u0130stiyorum<\/b><br \/><a href=\"https:\/\/kolaydestek.gov.tr\/destekler\/1\/7\" target=\"_blank\" rel=\"noopener\">&#8211; \u0130\u015f Seyahatlerim Desteklensin<\/a><br \/><a href=\"https:\/\/kolaydestek.gov.tr\/destekler\/1\/8\" target=\"_blank\" rel=\"noopener\">&#8211; Fuar Harcamalar\u0131m Desteklensin<\/a><br \/><a href=\"https:\/\/kolaydestek.gov.tr\/destekler\/1\/9\">&#8211; Sekt\u00f6rel Ticaret Heyeti<\/a><br \/><a href=\"https:\/\/kolaydestek.gov.tr\/destekler\/1\/10\" target=\"_blank\" rel=\"noopener\">&#8211; Ye\u015fil Pasaport \u0130stiyorum<\/a><\/p><p><strong>Yurt D\u0131\u015f\u0131nda \u00dcr\u00fcnlerimin Reklam\u0131n\u0131 Yapmak Ve Yurt D\u0131\u015f\u0131nda Bir Yerim Olsun \u0130stiyorum<\/strong><br \/><a href=\"https:\/\/kolaydestek.gov.tr\/destekler\/1\/7\">&#8211; <\/a><a href=\"https:\/\/kolaydestek.gov.tr\/destekler\/2\/11\" target=\"_blank\" rel=\"noopener\">Ofis-Ma\u011faza-Depom Desteklensin<\/a><br \/><a href=\"https:\/\/kolaydestek.gov.tr\/destekler\/1\/7\">&#8211; <\/a><a href=\"https:\/\/kolaydestek.gov.tr\/destekler\/2\/12\" target=\"_blank\" rel=\"noopener\">Yurt D\u0131\u015f\u0131nda \u015eirket Sat\u0131n Almam Desteklensin<\/a><br \/><a href=\"https:\/\/kolaydestek.gov.tr\/destekler\/1\/7\">&#8211; <\/a><a href=\"https:\/\/kolaydestek.gov.tr\/destekler\/2\/23\">T\u00fcrkiye Ticaret Merkezleri<\/a><br \/><a href=\"https:\/\/kolaydestek.gov.tr\/destekler\/1\/7\">&#8211; <\/a><a href=\"https:\/\/kolaydestek.gov.tr\/destekler\/2\/24\" target=\"_blank\" rel=\"noopener\">Reklam Deste\u011fi<\/a><br \/><a href=\"https:\/\/kolaydestek.gov.tr\/destekler\/1\/7\">&#8211; <\/a><a href=\"https:\/\/kolaydestek.gov.tr\/destekler\/2\/51\" target=\"_blank\" rel=\"noopener\">Marka Tescil Deste\u011fi<\/a><\/p><p><strong>M\u00fc\u015fterimi Tan\u0131mak Ve Pazar\u0131m\u0131 \u00d6\u011frenmek \u0130stiyorum<\/strong><br \/><a href=\"https:\/\/kolaydestek.gov.tr\/destekler\/1\/7\">&#8211; <\/a><a href=\"https:\/\/kolaydestek.gov.tr\/destekler\/5\/25\" target=\"_blank\" rel=\"noopener\">M\u00fc\u015fterilerimi ve Rakiplerimi Tan\u0131mak \u0130stiyorum<\/a><br \/><a href=\"https:\/\/kolaydestek.gov.tr\/destekler\/1\/7\">&#8211; <\/a><a href=\"https:\/\/kolaydestek.gov.tr\/destekler\/5\/26\" target=\"_blank\" rel=\"noopener\">Markam\u0131n Bilinirli\u011fini \u00d6l\u00e7mek \u0130stiyorum<\/a><br \/><a href=\"https:\/\/kolaydestek.gov.tr\/destekler\/1\/7\">&#8211; <\/a><a href=\"https:\/\/kolaydestek.gov.tr\/destekler\/5\/27\" target=\"_blank\" rel=\"noopener\">Sat\u0131\u015f Kurallar\u0131 ve Uygulamalar\u0131n\u0131 \u00d6\u011frenmek \u0130stiyorum<\/a><br \/><a href=\"https:\/\/kolaydestek.gov.tr\/destekler\/1\/7\">&#8211; <\/a><a href=\"https:\/\/kolaydestek.gov.tr\/destekler\/5\/52\" target=\"_blank\" rel=\"noopener\">Yurt \u0130\u00e7i Fuar Deste\u011fi<\/a><\/p><p><strong>Hammaddelerimi Vergisiz Almak, \u00dcr\u00fcnlerimi Satarken Kalitemi \u0130spatlamak \u0130stiyorum<\/strong><br \/><a href=\"https:\/\/kolaydestek.gov.tr\/destekler\/1\/7\">&#8211; <\/a><a href=\"https:\/\/kolaydestek.gov.tr\/destekler\/6\/28\" target=\"_blank\" rel=\"noopener\">Standartlara Uygunlu\u011fum Tespit Edilsin<\/a><br \/><a href=\"https:\/\/kolaydestek.gov.tr\/destekler\/6\/29\" target=\"_blank\" rel=\"noopener\">&#8211; Can G\u00fcvenli\u011fine Uygunluk<\/a><br \/><a href=\"https:\/\/kolaydestek.gov.tr\/destekler\/1\/7\">&#8211; <\/a><a href=\"https:\/\/kolaydestek.gov.tr\/destekler\/6\/30\" target=\"_blank\" rel=\"noopener\">\u0130hracat \u0130\u00e7in Zorunlu Kalite ve G\u00fcvenlik Belgelerim Desteklensin<\/a><br \/><a href=\"https:\/\/kolaydestek.gov.tr\/destekler\/1\/7\">&#8211; <\/a><a href=\"https:\/\/kolaydestek.gov.tr\/destekler\/6\/31\" target=\"_blank\" rel=\"noopener\">Tar\u0131m Test ve Analizlerim Desteklensin<\/a><br \/><a href=\"https:\/\/kolaydestek.gov.tr\/destekler\/1\/7\">&#8211; <\/a><a href=\"https:\/\/kolaydestek.gov.tr\/destekler\/6\/64\" target=\"_blank\" rel=\"noopener\">Ham Maddelerimi Vergisiz Almak, Pazara Giri\u015fte Rekabet G\u00fcc\u00fcm\u00fc Artt\u0131rmak \u0130stiyorum<\/a><\/p><p><strong>M\u00fc\u015fterilerime Uygun Kredi \u0130stiyorum<\/strong><br \/><a href=\"https:\/\/kolaydestek.gov.tr\/destekler\/1\/7\">&#8211; <\/a><a href=\"https:\/\/kolaydestek.gov.tr\/destekler\/7\/32\" target=\"_blank\" rel=\"noopener\">Eximbank<\/a><\/p><p><strong>Sekt\u00f6r\u00fcmle Birlikte Hareket Etmek \u0130stiyorum<\/strong><br \/><a href=\"https:\/\/kolaydestek.gov.tr\/destekler\/1\/7\">&#8211; <\/a><a href=\"https:\/\/kolaydestek.gov.tr\/destekler\/8\/33\" target=\"_blank\" rel=\"noopener\">Ur-Ge Deste\u011fi<\/a><br \/><a href=\"https:\/\/kolaydestek.gov.tr\/destekler\/1\/7\">&#8211; <\/a><a href=\"https:\/\/kolaydestek.gov.tr\/destekler\/8\/38\" target=\"_blank\" rel=\"noopener\">Sekt\u00f6rel Ticaret Heyeti<\/a><br \/><a href=\"https:\/\/kolaydestek.gov.tr\/destekler\/1\/7\">&#8211; <\/a><a href=\"https:\/\/kolaydestek.gov.tr\/destekler\/8\/39\" target=\"_blank\" rel=\"noopener\">Al\u0131m Heyeti<\/a><\/p><p><strong>\u00dcr\u00fcn\u00fcm\u00fc Kendim Tasarlamak \u0130stiyorum<\/strong><br \/><a href=\"https:\/\/kolaydestek.gov.tr\/destekler\/1\/7\">&#8211; <\/a><a href=\"https:\/\/kolaydestek.gov.tr\/destekler\/9\/40\" target=\"_blank\" rel=\"noopener\">\u00dcr\u00fcn Tasar\u0131mc\u0131s\u0131 \u2013 M\u00fchendis \u0130stihdam Giderlerim Desteklensin<\/a><br \/><a href=\"https:\/\/kolaydestek.gov.tr\/destekler\/1\/7\">&#8211; <\/a><a href=\"https:\/\/kolaydestek.gov.tr\/destekler\/9\/41\" target=\"_blank\" rel=\"noopener\">Makine \u2013 Yaz\u0131l\u0131m Giderlerim Desteklensin<\/a><br \/><a href=\"https:\/\/kolaydestek.gov.tr\/destekler\/1\/7\">&#8211; <\/a><a href=\"https:\/\/kolaydestek.gov.tr\/destekler\/9\/42\" target=\"_blank\" rel=\"noopener\">\u0130\u015f Seyahati Giderlerim Desteklensin<\/a><br \/><a href=\"https:\/\/kolaydestek.gov.tr\/destekler\/1\/7\">&#8211; <\/a><a href=\"https:\/\/kolaydestek.gov.tr\/destekler\/9\/61\" target=\"_blank\" rel=\"noopener\">Web Sitesi \u00dcyeli\u011fine \u0130li\u015fkin Giderlerim Desteklensin<\/a><\/p><p><strong>K\u00fcresel Firmalarla \u00c7al\u0131\u015fmak \u0130stiyorum (KTZ)<\/strong><br \/><a href=\"https:\/\/kolaydestek.gov.tr\/destekler\/1\/7\">&#8211; <\/a><a href=\"https:\/\/kolaydestek.gov.tr\/destekler\/10\/43\" target=\"_blank\" rel=\"noopener\">Makine Giderlerim Desteklensin<\/a><br \/><a href=\"https:\/\/kolaydestek.gov.tr\/destekler\/1\/7\">&#8211; <\/a><a href=\"https:\/\/kolaydestek.gov.tr\/destekler\/10\/49\" target=\"_blank\" rel=\"noopener\">Yaz\u0131l\u0131m Giderlerim Desteklensin<\/a><br \/><a href=\"https:\/\/kolaydestek.gov.tr\/destekler\/1\/7\">&#8211; <\/a><a href=\"https:\/\/kolaydestek.gov.tr\/destekler\/10\/50\" target=\"_blank\" rel=\"noopener\">Dan\u0131\u015fmanl\u0131k Giderlerim Desteklensin<\/a><br \/><a href=\"https:\/\/kolaydestek.gov.tr\/destekler\/1\/7\">&#8211; <\/a><a href=\"https:\/\/kolaydestek.gov.tr\/destekler\/10\/62\" target=\"_blank\" rel=\"noopener\">Sertifikasyon, Test, Analiz, \u00dcr\u00fcn Do\u011frulama Faaliyetlerine \u0130li\u015fkin Destek \u00d6demelerini Alman i\u00e7in Gereken Belgeler<\/a><\/p><p><strong>E-Ticaret Sitelerine \u00dcye Olarak Mal Satmak \u0130stiyorum<\/strong><br \/><a href=\"https:\/\/kolaydestek.gov.tr\/destekler\/1\/7\">&#8211; <\/a><a href=\"https:\/\/kolaydestek.gov.tr\/destekler\/31\/104\" target=\"_blank\" rel=\"noopener\">E-Ticaret Harcamalar\u0131m Desteklensin<\/a><\/p>\t\t\t\t\t\t<\/div>\n\t\t\t\t<\/div>\n\t\t\t\t\t<\/div>\n\t\t<\/div>\n\t\t\t\t\t\t\t<\/div>\n\t\t<\/section>\n\t\t\t\t\t\t\t<\/div>\n\t\t","protected":false},"excerpt":{"rendered":"<p>Yurt D\u0131\u015f\u0131na Gidip M\u00fc\u015fteri Bulmak \u0130stiyorum&#8211; \u0130\u015f Seyahatlerim Desteklensin&#8211; Fuar Harcamalar\u0131m Desteklensin&#8211; Sekt\u00f6rel Ticaret Heyeti&#8211; Ye\u015fil Pasaport \u0130stiyorum Yurt D\u0131\u015f\u0131nda \u00dcr\u00fcnlerimin Reklam\u0131n\u0131 Yapmak Ve Yurt D\u0131\u015f\u0131nda Bir Yerim Olsun \u0130stiyorum&#8211; Ofis-Ma\u011faza-Depom Desteklensin&#8211; Yurt D\u0131\u015f\u0131nda \u015eirket&#8230;<\/p>\n","protected":false},"author":1,"featured_media":0,"parent":0,"menu_order":0,"comment_status":"closed","ping_status":"closed","template":"","meta":{"footnotes":""},"class_list":["post-4171","page","type-page","status-publish"],"amp_enabled":true,"_links":{"self":[{"href":"https:\/\/ramazaninan.com.tr\/osto\/wp-json\/wp\/v2\/pages\/4171","targetHints":{"allow":["GET"]}}],"collection":[{"href":"https:\/\/ramazaninan.com.tr\/osto\/wp-json\/wp\/v2\/pages"}],"about":[{"href":"https:\/\/ramazaninan.com.tr\/osto\/wp-json\/wp\/v2\/types\/page"}],"author":[{"embeddable":true,"href":"https:\/\/ramazaninan.com.tr\/osto\/wp-json\/wp\/v2\/users\/1"}],"replies":[{"embeddable":true,"href":"https:\/\/ramazaninan.com.tr\/osto\/wp-json\/wp\/v2\/comments?post=4171"}],"version-history":[{"count":17,"href":"https:\/\/ramazaninan.com.tr\/osto\/wp-json\/wp\/v2\/pages\/4171\/revisions"}],"predecessor-version":[{"id":4500,"href":"https:\/\/ramazaninan.com.tr\/osto\/wp-json\/wp\/v2\/pages\/4171\/revisions\/4500"}],"wp:attachment":[{"href":"https:\/\/ramazaninan.com.tr\/osto\/wp-json\/wp\/v2\/media?parent=4171"}],"curies":[{"name":"wp","href":"https:\/\/api.w.org\/{rel}","templated":true}]}}