{"id":4175,"date":"2022-03-09T01:38:39","date_gmt":"2022-03-08T22:38:39","guid":{"rendered":"https:\/\/ramazaninan.com.tr\/osto\/?page_id=4175"},"modified":"2022-03-25T11:55:53","modified_gmt":"2022-03-25T08:55:53","slug":"ihracat-destekleri","status":"publish","type":"page","link":"https:\/\/ramazaninan.com.tr\/osto\/ihracat-destekleri\/","title":{"rendered":"\u0130hracat Destekleri"},"content":{"rendered":"\t\t<div data-elementor-type=\"wp-page\" data-elementor-id=\"4175\" class=\"elementor elementor-4175\">\n\t\t\t\t\t\t\t\t\t<section class=\"elementor-section elementor-top-section elementor-element elementor-element-705f945 elementor-section-boxed elementor-section-height-default elementor-section-height-default\" data-id=\"705f945\" data-element_type=\"section\">\n\t\t\t\t\t\t<div class=\"elementor-container elementor-column-gap-default\">\n\t\t\t\t\t<div class=\"elementor-column elementor-col-33 elementor-top-column elementor-element elementor-element-c6b2783\" data-id=\"c6b2783\" data-element_type=\"column\">\n\t\t\t<div class=\"elementor-widget-wrap elementor-element-populated\">\n\t\t\t\t\t\t\t\t<div class=\"elementor-element elementor-element-5f284dc elementor-widget elementor-widget-sidebar\" data-id=\"5f284dc\" data-element_type=\"widget\" data-widget_type=\"sidebar.default\">\n\t\t\t\t<div class=\"elementor-widget-container\">\n\t\t\t<div id=\"nav_menu-9\"><div class=\"menu-otso-tesvik-ve-destekler-menu-container\"><ul id=\"menu-otso-tesvik-ve-destekler-menu\" class=\"menu\"><li id=\"menu-item-2743\" class=\"menu-item menu-item-type-post_type menu-item-object-page menu-item-has-children menu-item-2743\"><a href=\"https:\/\/ramazaninan.com.tr\/osto\/ticaret-bakanligi-destekleri\/\">T\u0130CARET BAKANLI\u011eI DESTEKLER\u0130<\/a>\n<ul class=\"sub-menu\">\n\t<li id=\"menu-item-4429\" class=\"menu-item menu-item-type-post_type menu-item-object-page menu-item-4429\"><a href=\"https:\/\/ramazaninan.com.tr\/osto\/kolay-destek\/\">Kolay Destek<\/a><\/li>\n\t<li id=\"menu-item-4430\" class=\"menu-item menu-item-type-post_type menu-item-object-page menu-item-4430\"><a href=\"https:\/\/ramazaninan.com.tr\/osto\/ihracat-destekleri\/\">\u0130hracat Destekleri<\/a><\/li>\n\t<li id=\"menu-item-4433\" class=\"menu-item menu-item-type-post_type menu-item-object-page menu-item-4433\"><a href=\"https:\/\/ramazaninan.com.tr\/osto\/hizmet-sektoru-destekleri\/\">Hizmet Sekt\u00f6r\u00fc Destekleri<\/a><\/li>\n\t<li id=\"menu-item-4428\" class=\"menu-item menu-item-type-post_type menu-item-object-page menu-item-4428\"><a href=\"https:\/\/ramazaninan.com.tr\/osto\/yurt-disi-teknik-musavirlik-hizmetleri-destekleri\/\">Yurt D\u0131\u015f\u0131 Teknik M\u00fc\u015favirlik Hizmetleri Destekleri<\/a><\/li>\n<\/ul>\n<\/li>\n<li id=\"menu-item-2744\" class=\"menu-item menu-item-type-post_type menu-item-object-page menu-item-2744\"><a href=\"https:\/\/ramazaninan.com.tr\/osto\/sanayi-ve-teknoloji-bakanligi-destekleri\/\">SANAY\u0130 ve TEKNOLOJ\u0130 BAKANLI\u011eI DESTEKLER\u0130<\/a><\/li>\n<li id=\"menu-item-4489\" class=\"menu-item menu-item-type-custom menu-item-object-custom menu-item-has-children menu-item-4489\"><a href=\"https:\/\/ramazaninan.com.tr\/osto\/tarim-ve-orman-bakanligi-destekleri\/\">TARIMSAL DESTEKLER<\/a>\n<ul class=\"sub-menu\">\n\t<li id=\"menu-item-4487\" class=\"menu-item menu-item-type-post_type menu-item-object-page menu-item-4487\"><a href=\"https:\/\/ramazaninan.com.tr\/osto\/tarim-ve-orman-bakanligi-destekleri\/\">Tar\u0131m ve Orman Bakanl\u0131\u011f\u0131 Destekleri<\/a><\/li>\n\t<li id=\"menu-item-4488\" class=\"menu-item menu-item-type-custom menu-item-object-custom menu-item-4488\"><a target=\"_blank\" href=\"https:\/\/www.tkdk.gov.tr\/\">TKDK Destekleri<\/a><\/li>\n<\/ul>\n<\/li>\n<li id=\"menu-item-3615\" class=\"menu-item menu-item-type-post_type menu-item-object-page menu-item-3615\"><a href=\"https:\/\/ramazaninan.com.tr\/osto\/kosgeb-destekleri\/\">KOSGEB DESTEKLER\u0130<\/a><\/li>\n<li id=\"menu-item-2746\" class=\"menu-item menu-item-type-post_type menu-item-object-page menu-item-2746\"><a href=\"https:\/\/ramazaninan.com.tr\/osto\/kalkinma-ajansi-destekleri\/\">KALKINMA AJANSI DESTEKLER\u0130<\/a><\/li>\n<li id=\"menu-item-2745\" class=\"menu-item menu-item-type-post_type menu-item-object-page menu-item-2745\"><a href=\"https:\/\/ramazaninan.com.tr\/osto\/tubitak-destekleri\/\">T\u00dcB\u0130TAK DESTEKLER\u0130<\/a><\/li>\n<li id=\"menu-item-2748\" class=\"menu-item menu-item-type-post_type menu-item-object-page menu-item-2748\"><a href=\"https:\/\/ramazaninan.com.tr\/osto\/dis-ticaret-bilgilendirme-egitimleri-takvimi\/\">DI\u015e T\u0130CARET B\u0130LG\u0130LEND\u0130RME E\u011e\u0130T\u0130MLER\u0130 TAKV\u0130M\u0130<\/a><\/li>\n<\/ul><\/div><\/div>\t\t<\/div>\n\t\t\t\t<\/div>\n\t\t\t\t\t<\/div>\n\t\t<\/div>\n\t\t\t\t<div class=\"elementor-column elementor-col-66 elementor-top-column elementor-element elementor-element-db6baad\" data-id=\"db6baad\" data-element_type=\"column\">\n\t\t\t<div class=\"elementor-widget-wrap elementor-element-populated\">\n\t\t\t\t\t\t\t\t<div class=\"elementor-element elementor-element-2b88666 elementor-widget elementor-widget-text-editor\" data-id=\"2b88666\" data-element_type=\"widget\" data-widget_type=\"text-editor.default\">\n\t\t\t\t<div class=\"elementor-widget-container\">\n\t\t\t<style>\/*! elementor - v3.6.2 - 04-04-2022 *\/\n.elementor-widget-text-editor.elementor-drop-cap-view-stacked .elementor-drop-cap{background-color:#818a91;color:#fff}.elementor-widget-text-editor.elementor-drop-cap-view-framed .elementor-drop-cap{color:#818a91;border:3px solid;background-color:transparent}.elementor-widget-text-editor:not(.elementor-drop-cap-view-default) .elementor-drop-cap{margin-top:8px}.elementor-widget-text-editor:not(.elementor-drop-cap-view-default) .elementor-drop-cap-letter{width:1em;height:1em}.elementor-widget-text-editor .elementor-drop-cap{float:left;text-align:center;line-height:1;font-size:50px}.elementor-widget-text-editor .elementor-drop-cap-letter{display:inline-block}<\/style>\t\t\t\t<p><a href=\"https:\/\/ticaret.gov.tr\/destekler\/ihracat-destekleri\/pazara-giriste-dijital-faaliyetlerin-desteklenmesi\" target=\"_blank\" rel=\"noopener\">&#8211; Pazara Giri\u015fte Dijital <\/a><a href=\"https:\/\/ticaret.gov.tr\/destekler\/ihracat-destekleri\/pazara-giriste-dijital-faaliyetlerin-desteklenmesi\" target=\"_blank\" rel=\"noopener\">Faaliyetlerin Desteklenmesi<\/a><br \/><a href=\"https:\/\/ticaret.gov.tr\/destekler\/ihracat-destekleri\/pazara-giriste-dijital-faaliyetlerin-desteklenmesi\" target=\"_blank\" rel=\"noopener\">&#8211; <\/a><a href=\"https:\/\/www.ticaret.gov.tr\/ihracat\/fuarlar\" target=\"_blank\" rel=\"noopener\">Fuar Destekleri<\/a><br \/><a href=\"https:\/\/ticaret.gov.tr\/destekler\/ihracat-destekleri\/teblig-bazinda-destek-mevzuati\/2014-8-sayili-pazara-giris-belgelerinin-desteklenmesine-iliskin-karar\">&#8211; Pazara Giri\u015f Belgeleri ve K\u00fcresel Tedarik Zinciri (KTZ) Yetkinlik Projeleri<\/a><br \/><a href=\"https:\/\/ticaret.gov.tr\/destekler\/ihracat-destekleri\/pazara-giriste-dijital-faaliyetlerin-desteklenmesi\" target=\"_blank\" rel=\"noopener\">&#8211;<\/a><a href=\"https:\/\/ticaret.gov.tr\/destekler\/ihracat-destekleri\/teblig-bazinda-destek-mevzuati\/2011-1-sayili-pazar-arastirmasi-ve-pazara-giris-destegi-hakkinda-teblig\" target=\"_blank\" rel=\"noopener\"> Pazar Ara\u015ft\u0131rmas\u0131 ve Pazara Giri\u015f<\/a><br \/><a href=\"https:\/\/ticaret.gov.tr\/destekler\/ihracat-destekleri\/pazara-giriste-dijital-faaliyetlerin-desteklenmesi\" target=\"_blank\" rel=\"noopener\">&#8211;<\/a><a href=\"https:\/\/ticaret.gov.tr\/destekler\/ihracat-destekleri\/teblig-bazinda-destek-mevzuati\/2010-8-sayili-uluslararasi-rekabetciligin-gelistirilmesinin-desteklenmesi-hakkind\" target=\"_blank\" rel=\"noopener\"> Uluslararas\u0131 Rekabet\u00e7ili\u011fin Geli\u015ftirilmesinin Desteklenmesi<\/a><br \/><a href=\"https:\/\/ticaret.gov.tr\/destekler\/ihracat-destekleri\/pazara-giriste-dijital-faaliyetlerin-desteklenmesi\" target=\"_blank\" rel=\"noopener\">&#8211;<\/a><a href=\"https:\/\/ticaret.gov.tr\/destekler\/ihracat-destekleri\/teblig-bazinda-destek-mevzuati\/2010-8-sayili-uluslararasi-rekabetciligin-gelistirilmesinin-desteklenmesi-hakkind\" target=\"_blank\" rel=\"noopener\"> UR-GE Projeleri<\/a><br \/><a href=\"https:\/\/ticaret.gov.tr\/destekler\/ihracat-destekleri\/pazara-giriste-dijital-faaliyetlerin-desteklenmesi\" target=\"_blank\" rel=\"noopener\">&#8211;<\/a><a href=\"https:\/\/ticaret.gov.tr\/destekler\/ihracat-destekleri\/markalasma-ve-turquality-destegi\" target=\"_blank\" rel=\"noopener\"> Markala\u015fma ve Turquality Deste\u011fi<\/a><br \/><a href=\"https:\/\/ticaret.gov.tr\/destekler\/ihracat-destekleri\/pazara-giriste-dijital-faaliyetlerin-desteklenmesi\" target=\"_blank\" rel=\"noopener\">&#8211;<\/a><a href=\"https:\/\/ticaret.gov.tr\/destekler\/ihracat-destekleri\/yurtdisi-birim-marka-ve-tanitim-destegi\" target=\"_blank\" rel=\"noopener\"> Yurtd\u0131\u015f\u0131 Birim, Marka ve Tan\u0131t\u0131m Deste\u011fi<\/a><br \/><a href=\"https:\/\/ticaret.gov.tr\/destekler\/ihracat-destekleri\/pazara-giriste-dijital-faaliyetlerin-desteklenmesi\" target=\"_blank\" rel=\"noopener\">&#8211;<\/a><a href=\"https:\/\/ticaret.gov.tr\/destekler\/ihracat-destekleri\/tasarim-destegi\" target=\"_blank\" rel=\"noopener\"> Tasar\u0131m Deste\u011fi<\/a><br \/><a href=\"https:\/\/ticaret.gov.tr\/destekler\/ihracat-destekleri\/pazara-giriste-dijital-faaliyetlerin-desteklenmesi\" target=\"_blank\" rel=\"noopener\">&#8211;<\/a><a href=\"https:\/\/ticaret.gov.tr\/destekler\/ihracat-destekleri\/teblig-bazinda-destek-mevzuati\/2004-4-2004-12-ozel-statulu-sirketler\" target=\"_blank\" rel=\"noopener\"> \u00d6zel Stat\u00fcl\u00fc \u015eirketler<\/a><br \/><a href=\"https:\/\/ticaret.gov.tr\/destekler\/ihracat-destekleri\/pazara-giriste-dijital-faaliyetlerin-desteklenmesi\" target=\"_blank\" rel=\"noopener\">&#8211;<\/a><a href=\"https:\/\/ticaret.gov.tr\/destekler\/ihracat-destekleri\/ihracatciya-alici-kredisi-ve-sigorta-tazmin-destegi\" target=\"_blank\" rel=\"noopener\"> \u0130hracat\u00e7\u0131ya Al\u0131c\u0131 Kredisi ve Sigorta Tazmin Deste\u011fi<\/a><br \/><a href=\"https:\/\/ticaret.gov.tr\/destekler\/ihracat-destekleri\/pazara-giriste-dijital-faaliyetlerin-desteklenmesi\" target=\"_blank\" rel=\"noopener\">&#8211;<\/a><a href=\"https:\/\/ticaret.gov.tr\/data\/5b8818b013b8761160fa2022\/para-kredi.pdf\" target=\"_blank\" rel=\"noopener\"> Tar\u0131msal \u00dcr\u00fcnlerde \u0130hracat \u0130adesi Yard\u0131mlar\u0131<\/a><\/p>\t\t\t\t\t\t<\/div>\n\t\t\t\t<\/div>\n\t\t\t\t\t<\/div>\n\t\t<\/div>\n\t\t\t\t\t\t\t<\/div>\n\t\t<\/section>\n\t\t\t\t\t\t\t<\/div>\n\t\t","protected":false},"excerpt":{"rendered":"<p>&#8211; Pazara Giri\u015fte Dijital Faaliyetlerin Desteklenmesi&#8211; Fuar Destekleri&#8211; Pazara Giri\u015f Belgeleri ve K\u00fcresel Tedarik Zinciri (KTZ) Yetkinlik Projeleri&#8211; Pazar Ara\u015ft\u0131rmas\u0131 ve Pazara Giri\u015f&#8211; Uluslararas\u0131 Rekabet\u00e7ili\u011fin Geli\u015ftirilmesinin Desteklenmesi&#8211; UR-GE Projeleri&#8211; Markala\u015fma ve Turquality Deste\u011fi&#8211; Yurtd\u0131\u015f\u0131 Birim,&#8230;<\/p>\n","protected":false},"author":1,"featured_media":0,"parent":0,"menu_order":0,"comment_status":"closed","ping_status":"closed","template":"","meta":{"footnotes":""},"class_list":["post-4175","page","type-page","status-publish"],"amp_enabled":true,"_links":{"self":[{"href":"https:\/\/ramazaninan.com.tr\/osto\/wp-json\/wp\/v2\/pages\/4175","targetHints":{"allow":["GET"]}}],"collection":[{"href":"https:\/\/ramazaninan.com.tr\/osto\/wp-json\/wp\/v2\/pages"}],"about":[{"href":"https:\/\/ramazaninan.com.tr\/osto\/wp-json\/wp\/v2\/types\/page"}],"author":[{"embeddable":true,"href":"https:\/\/ramazaninan.com.tr\/osto\/wp-json\/wp\/v2\/users\/1"}],"replies":[{"embeddable":true,"href":"https:\/\/ramazaninan.com.tr\/osto\/wp-json\/wp\/v2\/comments?post=4175"}],"version-history":[{"count":8,"href":"https:\/\/ramazaninan.com.tr\/osto\/wp-json\/wp\/v2\/pages\/4175\/revisions"}],"predecessor-version":[{"id":4455,"href":"https:\/\/ramazaninan.com.tr\/osto\/wp-json\/wp\/v2\/pages\/4175\/revisions\/4455"}],"wp:attachment":[{"href":"https:\/\/ramazaninan.com.tr\/osto\/wp-json\/wp\/v2\/media?parent=4175"}],"curies":[{"name":"wp","href":"https:\/\/api.w.org\/{rel}","templated":true}]}}