{"id":4180,"date":"2022-03-09T01:40:22","date_gmt":"2022-03-08T22:40:22","guid":{"rendered":"https:\/\/ramazaninan.com.tr\/osto\/?page_id=4180"},"modified":"2022-03-25T15:16:09","modified_gmt":"2022-03-25T12:16:09","slug":"yurt-disi-teknik-musavirlik-hizmetleri-destekleri","status":"publish","type":"page","link":"https:\/\/ramazaninan.com.tr\/osto\/yurt-disi-teknik-musavirlik-hizmetleri-destekleri\/","title":{"rendered":"Yurt D\u0131\u015f\u0131 Teknik M\u00fc\u015favirlik Hizmetleri Destekleri"},"content":{"rendered":"\t\t<div data-elementor-type=\"wp-page\" data-elementor-id=\"4180\" class=\"elementor elementor-4180\">\n\t\t\t\t\t\t\t\t\t<section class=\"elementor-section elementor-top-section elementor-element elementor-element-ed814d3 elementor-section-boxed elementor-section-height-default elementor-section-height-default\" data-id=\"ed814d3\" data-element_type=\"section\">\n\t\t\t\t\t\t<div class=\"elementor-container elementor-column-gap-default\">\n\t\t\t\t\t<div class=\"elementor-column elementor-col-33 elementor-top-column elementor-element elementor-element-5b4b297\" data-id=\"5b4b297\" data-element_type=\"column\">\n\t\t\t<div class=\"elementor-widget-wrap elementor-element-populated\">\n\t\t\t\t\t\t\t\t<div class=\"elementor-element elementor-element-a5173cb elementor-widget elementor-widget-sidebar\" data-id=\"a5173cb\" data-element_type=\"widget\" data-widget_type=\"sidebar.default\">\n\t\t\t\t<div class=\"elementor-widget-container\">\n\t\t\t<div id=\"nav_menu-9\"><div class=\"menu-otso-tesvik-ve-destekler-menu-container\"><ul id=\"menu-otso-tesvik-ve-destekler-menu\" class=\"menu\"><li id=\"menu-item-2743\" class=\"menu-item menu-item-type-post_type menu-item-object-page menu-item-has-children menu-item-2743\"><a href=\"https:\/\/ramazaninan.com.tr\/osto\/ticaret-bakanligi-destekleri\/\">T\u0130CARET BAKANLI\u011eI DESTEKLER\u0130<\/a>\n<ul class=\"sub-menu\">\n\t<li id=\"menu-item-4429\" class=\"menu-item menu-item-type-post_type menu-item-object-page menu-item-4429\"><a href=\"https:\/\/ramazaninan.com.tr\/osto\/kolay-destek\/\">Kolay Destek<\/a><\/li>\n\t<li id=\"menu-item-4430\" class=\"menu-item menu-item-type-post_type menu-item-object-page menu-item-4430\"><a href=\"https:\/\/ramazaninan.com.tr\/osto\/ihracat-destekleri\/\">\u0130hracat Destekleri<\/a><\/li>\n\t<li id=\"menu-item-4433\" class=\"menu-item menu-item-type-post_type menu-item-object-page menu-item-4433\"><a href=\"https:\/\/ramazaninan.com.tr\/osto\/hizmet-sektoru-destekleri\/\">Hizmet Sekt\u00f6r\u00fc Destekleri<\/a><\/li>\n\t<li id=\"menu-item-4428\" class=\"menu-item menu-item-type-post_type menu-item-object-page menu-item-4428\"><a href=\"https:\/\/ramazaninan.com.tr\/osto\/yurt-disi-teknik-musavirlik-hizmetleri-destekleri\/\">Yurt D\u0131\u015f\u0131 Teknik M\u00fc\u015favirlik Hizmetleri Destekleri<\/a><\/li>\n<\/ul>\n<\/li>\n<li id=\"menu-item-2744\" class=\"menu-item menu-item-type-post_type menu-item-object-page menu-item-2744\"><a href=\"https:\/\/ramazaninan.com.tr\/osto\/sanayi-ve-teknoloji-bakanligi-destekleri\/\">SANAY\u0130 ve TEKNOLOJ\u0130 BAKANLI\u011eI DESTEKLER\u0130<\/a><\/li>\n<li id=\"menu-item-4489\" class=\"menu-item menu-item-type-custom menu-item-object-custom menu-item-has-children menu-item-4489\"><a href=\"https:\/\/ramazaninan.com.tr\/osto\/tarim-ve-orman-bakanligi-destekleri\/\">TARIMSAL DESTEKLER<\/a>\n<ul class=\"sub-menu\">\n\t<li id=\"menu-item-4487\" class=\"menu-item menu-item-type-post_type menu-item-object-page menu-item-4487\"><a href=\"https:\/\/ramazaninan.com.tr\/osto\/tarim-ve-orman-bakanligi-destekleri\/\">Tar\u0131m ve Orman Bakanl\u0131\u011f\u0131 Destekleri<\/a><\/li>\n\t<li id=\"menu-item-4488\" class=\"menu-item menu-item-type-custom menu-item-object-custom menu-item-4488\"><a target=\"_blank\" href=\"https:\/\/www.tkdk.gov.tr\/\">TKDK Destekleri<\/a><\/li>\n<\/ul>\n<\/li>\n<li id=\"menu-item-3615\" class=\"menu-item menu-item-type-post_type menu-item-object-page menu-item-3615\"><a href=\"https:\/\/ramazaninan.com.tr\/osto\/kosgeb-destekleri\/\">KOSGEB DESTEKLER\u0130<\/a><\/li>\n<li id=\"menu-item-2746\" class=\"menu-item menu-item-type-post_type menu-item-object-page menu-item-2746\"><a href=\"https:\/\/ramazaninan.com.tr\/osto\/kalkinma-ajansi-destekleri\/\">KALKINMA AJANSI DESTEKLER\u0130<\/a><\/li>\n<li id=\"menu-item-2745\" class=\"menu-item menu-item-type-post_type menu-item-object-page menu-item-2745\"><a href=\"https:\/\/ramazaninan.com.tr\/osto\/tubitak-destekleri\/\">T\u00dcB\u0130TAK DESTEKLER\u0130<\/a><\/li>\n<li id=\"menu-item-2748\" class=\"menu-item menu-item-type-post_type menu-item-object-page menu-item-2748\"><a href=\"https:\/\/ramazaninan.com.tr\/osto\/dis-ticaret-bilgilendirme-egitimleri-takvimi\/\">DI\u015e T\u0130CARET B\u0130LG\u0130LEND\u0130RME E\u011e\u0130T\u0130MLER\u0130 TAKV\u0130M\u0130<\/a><\/li>\n<\/ul><\/div><\/div>\t\t<\/div>\n\t\t\t\t<\/div>\n\t\t\t\t\t<\/div>\n\t\t<\/div>\n\t\t\t\t<div class=\"elementor-column elementor-col-66 elementor-top-column elementor-element elementor-element-93d84a4\" data-id=\"93d84a4\" data-element_type=\"column\">\n\t\t\t<div class=\"elementor-widget-wrap elementor-element-populated\">\n\t\t\t\t\t\t\t\t<div class=\"elementor-element elementor-element-01ee72d elementor-widget elementor-widget-text-editor\" data-id=\"01ee72d\" data-element_type=\"widget\" data-widget_type=\"text-editor.default\">\n\t\t\t\t<div class=\"elementor-widget-container\">\n\t\t\t<style>\/*! elementor - v3.6.2 - 04-04-2022 *\/\n.elementor-widget-text-editor.elementor-drop-cap-view-stacked .elementor-drop-cap{background-color:#818a91;color:#fff}.elementor-widget-text-editor.elementor-drop-cap-view-framed .elementor-drop-cap{color:#818a91;border:3px solid;background-color:transparent}.elementor-widget-text-editor:not(.elementor-drop-cap-view-default) .elementor-drop-cap{margin-top:8px}.elementor-widget-text-editor:not(.elementor-drop-cap-view-default) .elementor-drop-cap-letter{width:1em;height:1em}.elementor-widget-text-editor .elementor-drop-cap{float:left;text-align:center;line-height:1;font-size:50px}.elementor-widget-text-editor .elementor-drop-cap-letter{display:inline-block}<\/style>\t\t\t\t<p><a href=\"https:\/\/ticaret.gov.tr\/destekler\/yurt-disi-teknik-musavirlik-hizmetleri-destekleri\" target=\"_blank\" rel=\"noopener\">&#8211; Proje Deste\u011fi<\/a><br \/><a href=\"https:\/\/ticaret.gov.tr\/destekler\/yurt-disi-teknik-musavirlik-hizmetleri-destekleri\" target=\"_blank\" rel=\"noopener\">&#8211; Yurt D\u0131\u015f\u0131 Ofis Deste\u011fi<\/a><br \/><a href=\"https:\/\/ticaret.gov.tr\/destekler\/yurt-disi-teknik-musavirlik-hizmetleri-destekleri\" target=\"_blank\" rel=\"noopener\">&#8211; Reklam, Tan\u0131t\u0131m ve Pazarlama Deste\u011fi<\/a><br \/><a href=\"https:\/\/ticaret.gov.tr\/destekler\/yurt-disi-teknik-musavirlik-hizmetleri-destekleri\" target=\"_blank\" rel=\"noopener\">&#8211; Pazar Ara\u015ft\u0131rmas\u0131 Deste\u011fi<\/a><br \/><a href=\"https:\/\/ticaret.gov.tr\/destekler\/yurt-disi-teknik-musavirlik-hizmetleri-destekleri\" target=\"_blank\" rel=\"noopener\">&#8211; Yurt D\u0131\u015f\u0131 Fuar Kat\u0131l\u0131m Deste\u011fi<\/a><br \/><a href=\"https:\/\/ticaret.gov.tr\/destekler\/yurt-disi-teknik-musavirlik-hizmetleri-destekleri\" target=\"_blank\" rel=\"noopener\">&#8211; Seminer ve Konferans Kat\u0131l\u0131m Deste\u011fi<\/a><br \/><a href=\"https:\/\/ticaret.gov.tr\/destekler\/yurt-disi-teknik-musavirlik-hizmetleri-destekleri\" target=\"_blank\" rel=\"noopener\">&#8211; Teknik M\u00fc\u015favirlik ve Teknik M\u00fc\u015favirlik Heyet Program\u0131 Deste\u011fi<\/a><br \/><a href=\"https:\/\/ticaret.gov.tr\/destekler\/yurt-disi-teknik-musavirlik-hizmetleri-destekleri\" target=\"_blank\" rel=\"noopener\">&#8211; Yurtd\u0131\u015f\u0131 E\u011fitim Deste\u011fi<\/a><br \/><a href=\"https:\/\/ticaret.gov.tr\/destekler\/yurt-disi-teknik-musavirlik-hizmetleri-destekleri\" target=\"_blank\" rel=\"noopener\">&#8211; Yaz\u0131l\u0131m Deste\u011fi<\/a><br \/><a href=\"https:\/\/ticaret.gov.tr\/destekler\/yurt-disi-teknik-musavirlik-hizmetleri-destekleri\" target=\"_blank\" rel=\"noopener\">&#8211; Mesleki Sorumluluk Sigortas\u0131 Deste\u011fi<\/a><br \/><a href=\"https:\/\/ticaret.gov.tr\/destekler\/yurt-disi-teknik-musavirlik-hizmetleri-destekleri\" target=\"_blank\" rel=\"noopener\">&#8211; Uluslararas\u0131 Mesleki Yar\u0131\u015fmalara Kat\u0131l\u0131m Deste\u011fi<\/a><\/p>\t\t\t\t\t\t<\/div>\n\t\t\t\t<\/div>\n\t\t\t\t\t<\/div>\n\t\t<\/div>\n\t\t\t\t\t\t\t<\/div>\n\t\t<\/section>\n\t\t\t\t\t\t\t<\/div>\n\t\t","protected":false},"excerpt":{"rendered":"<p>&#8211; Proje Deste\u011fi&#8211; Yurt D\u0131\u015f\u0131 Ofis Deste\u011fi&#8211; Reklam, Tan\u0131t\u0131m ve Pazarlama Deste\u011fi&#8211; Pazar Ara\u015ft\u0131rmas\u0131 Deste\u011fi&#8211; Yurt D\u0131\u015f\u0131 Fuar Kat\u0131l\u0131m Deste\u011fi&#8211; Seminer ve Konferans Kat\u0131l\u0131m Deste\u011fi&#8211; Teknik M\u00fc\u015favirlik ve Teknik M\u00fc\u015favirlik Heyet Program\u0131 Deste\u011fi&#8211; Yurtd\u0131\u015f\u0131 E\u011fitim&#8230;<\/p>\n","protected":false},"author":1,"featured_media":0,"parent":0,"menu_order":0,"comment_status":"closed","ping_status":"closed","template":"","meta":{"footnotes":""},"class_list":["post-4180","page","type-page","status-publish"],"amp_enabled":true,"_links":{"self":[{"href":"https:\/\/ramazaninan.com.tr\/osto\/wp-json\/wp\/v2\/pages\/4180","targetHints":{"allow":["GET"]}}],"collection":[{"href":"https:\/\/ramazaninan.com.tr\/osto\/wp-json\/wp\/v2\/pages"}],"about":[{"href":"https:\/\/ramazaninan.com.tr\/osto\/wp-json\/wp\/v2\/types\/page"}],"author":[{"embeddable":true,"href":"https:\/\/ramazaninan.com.tr\/osto\/wp-json\/wp\/v2\/users\/1"}],"replies":[{"embeddable":true,"href":"https:\/\/ramazaninan.com.tr\/osto\/wp-json\/wp\/v2\/comments?post=4180"}],"version-history":[{"count":7,"href":"https:\/\/ramazaninan.com.tr\/osto\/wp-json\/wp\/v2\/pages\/4180\/revisions"}],"predecessor-version":[{"id":4494,"href":"https:\/\/ramazaninan.com.tr\/osto\/wp-json\/wp\/v2\/pages\/4180\/revisions\/4494"}],"wp:attachment":[{"href":"https:\/\/ramazaninan.com.tr\/osto\/wp-json\/wp\/v2\/media?parent=4180"}],"curies":[{"name":"wp","href":"https:\/\/api.w.org\/{rel}","templated":true}]}}